{"id":103783,"date":"2026-02-22T01:35:59","date_gmt":"2026-02-22T00:35:59","guid":{"rendered":"https:\/\/furious.digitz.dev\/ferramenta-de-faturacao-e-contabilidade\/"},"modified":"2026-04-11T02:12:30","modified_gmt":"2026-04-11T00:12:30","slug":"software-de-faturacao","status":"publish","type":"page","link":"https:\/\/furious-squad.com\/pt-pt\/solucao\/software-de-faturacao\/","title":{"rendered":"Ferramenta de fatura\u00e7\u00e3o e contabilidade"},"content":{"rendered":"","protected":false},"excerpt":{"rendered":"","protected":false},"author":1,"featured_media":0,"parent":103794,"menu_order":0,"comment_status":"closed","ping_status":"closed","template":"","meta":{"_acf_changed":false,"footnotes":""},"class_list":["post-103783","page","type-page","status-publish","hentry"],"acf":[],"yoast_head":"<!-- This site is optimized with the Yoast SEO Premium plugin v25.3 (Yoast SEO v27.4) - https:\/\/yoast.com\/product\/yoast-seo-premium-wordpress\/ -->\n<title>Ferramenta de fatura\u00e7\u00e3o e contabilidade | Furious<\/title>\n<meta name=\"description\" content=\"Simplifique as suas faturas mensais e os seus balan\u00e7os contabil\u00edsticos anuais com o Furious. Experimente em 2 cliques\" \/>\n<meta name=\"robots\" content=\"index, follow, max-snippet:-1, max-image-preview:large, max-video-preview:-1\" \/>\n<link rel=\"canonical\" href=\"https:\/\/furious-squad.com\/pt-pt\/solucao\/software-de-faturacao\/\" \/>\n<meta property=\"og:locale\" content=\"pt_PT\" \/>\n<meta property=\"og:type\" content=\"article\" \/>\n<meta property=\"og:title\" content=\"Ferramenta de fatura\u00e7\u00e3o e contabilidade\" \/>\n<meta property=\"og:description\" content=\"Simplifique as suas faturas mensais e os seus balan\u00e7os contabil\u00edsticos anuais com o Furious. Experimente em 2 cliques\" \/>\n<meta property=\"og:url\" content=\"https:\/\/furious-squad.com\/pt-pt\/solucao\/software-de-faturacao\/\" \/>\n<meta property=\"og:site_name\" content=\"Furious\" \/>\n<meta property=\"article:modified_time\" content=\"2026-04-11T00:12:30+00:00\" \/>\n<meta name=\"twitter:card\" content=\"summary_large_image\" \/>\n<script type=\"application\/ld+json\" class=\"yoast-schema-graph\">{\"@context\":\"https:\\\/\\\/schema.org\",\"@graph\":[{\"@type\":\"WebPage\",\"@id\":\"https:\\\/\\\/furious-squad.com\\\/pt-pt\\\/solucao\\\/software-de-faturacao\\\/\",\"url\":\"https:\\\/\\\/furious-squad.com\\\/pt-pt\\\/solucao\\\/software-de-faturacao\\\/\",\"name\":\"Ferramenta de fatura\u00e7\u00e3o e contabilidade | Furious\",\"isPartOf\":{\"@id\":\"https:\\\/\\\/www.furious-squad.com\\\/pt-pt\\\/#website\"},\"datePublished\":\"2026-02-22T00:35:59+00:00\",\"dateModified\":\"2026-04-11T00:12:30+00:00\",\"description\":\"Simplifique as suas faturas mensais e os seus balan\u00e7os contabil\u00edsticos anuais com o Furious. Experimente em 2 cliques\",\"breadcrumb\":{\"@id\":\"https:\\\/\\\/furious-squad.com\\\/pt-pt\\\/solucao\\\/software-de-faturacao\\\/#breadcrumb\"},\"inLanguage\":\"pt-PT\",\"potentialAction\":[{\"@type\":\"ReadAction\",\"target\":[\"https:\\\/\\\/furious-squad.com\\\/pt-pt\\\/solucao\\\/software-de-faturacao\\\/\"]}]},{\"@type\":\"BreadcrumbList\",\"@id\":\"https:\\\/\\\/furious-squad.com\\\/pt-pt\\\/solucao\\\/software-de-faturacao\\\/#breadcrumb\",\"itemListElement\":[{\"@type\":\"ListItem\",\"position\":1,\"name\":\"Home\",\"item\":\"https:\\\/\\\/www.furious-squad.com\\\/pt-pt\\\/\"},{\"@type\":\"ListItem\",\"position\":2,\"name\":\"Solu\u00e7\u00e3o\",\"item\":\"https:\\\/\\\/www.furious-squad.com\\\/pt-pt\\\/solucao\\\/\"},{\"@type\":\"ListItem\",\"position\":3,\"name\":\"Ferramenta de fatura\u00e7\u00e3o e contabilidade\"}]},{\"@type\":\"WebSite\",\"@id\":\"https:\\\/\\\/www.furious-squad.com\\\/pt-pt\\\/#website\",\"url\":\"https:\\\/\\\/www.furious-squad.com\\\/pt-pt\\\/\",\"name\":\"Furious\",\"description\":\"\",\"potentialAction\":[{\"@type\":\"SearchAction\",\"target\":{\"@type\":\"EntryPoint\",\"urlTemplate\":\"https:\\\/\\\/www.furious-squad.com\\\/pt-pt\\\/?s={search_term_string}\"},\"query-input\":{\"@type\":\"PropertyValueSpecification\",\"valueRequired\":true,\"valueName\":\"search_term_string\"}}],\"inLanguage\":\"pt-PT\"}]}<\/script>\n<!-- \/ Yoast SEO Premium plugin. -->","yoast_head_json":{"title":"Ferramenta de fatura\u00e7\u00e3o e contabilidade | Furious","description":"Simplifique as suas faturas mensais e os seus balan\u00e7os contabil\u00edsticos anuais com o Furious. Experimente em 2 cliques","robots":{"index":"index","follow":"follow","max-snippet":"max-snippet:-1","max-image-preview":"max-image-preview:large","max-video-preview":"max-video-preview:-1"},"canonical":"https:\/\/furious-squad.com\/pt-pt\/solucao\/software-de-faturacao\/","og_locale":"pt_PT","og_type":"article","og_title":"Ferramenta de fatura\u00e7\u00e3o e contabilidade","og_description":"Simplifique as suas faturas mensais e os seus balan\u00e7os contabil\u00edsticos anuais com o Furious. Experimente em 2 cliques","og_url":"https:\/\/furious-squad.com\/pt-pt\/solucao\/software-de-faturacao\/","og_site_name":"Furious","article_modified_time":"2026-04-11T00:12:30+00:00","twitter_card":"summary_large_image","schema":{"@context":"https:\/\/schema.org","@graph":[{"@type":"WebPage","@id":"https:\/\/furious-squad.com\/pt-pt\/solucao\/software-de-faturacao\/","url":"https:\/\/furious-squad.com\/pt-pt\/solucao\/software-de-faturacao\/","name":"Ferramenta de fatura\u00e7\u00e3o e contabilidade | Furious","isPartOf":{"@id":"https:\/\/www.furious-squad.com\/pt-pt\/#website"},"datePublished":"2026-02-22T00:35:59+00:00","dateModified":"2026-04-11T00:12:30+00:00","description":"Simplifique as suas faturas mensais e os seus balan\u00e7os contabil\u00edsticos anuais com o Furious. Experimente em 2 cliques","breadcrumb":{"@id":"https:\/\/furious-squad.com\/pt-pt\/solucao\/software-de-faturacao\/#breadcrumb"},"inLanguage":"pt-PT","potentialAction":[{"@type":"ReadAction","target":["https:\/\/furious-squad.com\/pt-pt\/solucao\/software-de-faturacao\/"]}]},{"@type":"BreadcrumbList","@id":"https:\/\/furious-squad.com\/pt-pt\/solucao\/software-de-faturacao\/#breadcrumb","itemListElement":[{"@type":"ListItem","position":1,"name":"Home","item":"https:\/\/www.furious-squad.com\/pt-pt\/"},{"@type":"ListItem","position":2,"name":"Solu\u00e7\u00e3o","item":"https:\/\/www.furious-squad.com\/pt-pt\/solucao\/"},{"@type":"ListItem","position":3,"name":"Ferramenta de fatura\u00e7\u00e3o e contabilidade"}]},{"@type":"WebSite","@id":"https:\/\/www.furious-squad.com\/pt-pt\/#website","url":"https:\/\/www.furious-squad.com\/pt-pt\/","name":"Furious","description":"","potentialAction":[{"@type":"SearchAction","target":{"@type":"EntryPoint","urlTemplate":"https:\/\/www.furious-squad.com\/pt-pt\/?s={search_term_string}"},"query-input":{"@type":"PropertyValueSpecification","valueRequired":true,"valueName":"search_term_string"}}],"inLanguage":"pt-PT"}]}},"_links":{"self":[{"href":"https:\/\/furious-squad.com\/pt-pt\/wp-json\/wp\/v2\/pages\/103783","targetHints":{"allow":["GET"]}}],"collection":[{"href":"https:\/\/furious-squad.com\/pt-pt\/wp-json\/wp\/v2\/pages"}],"about":[{"href":"https:\/\/furious-squad.com\/pt-pt\/wp-json\/wp\/v2\/types\/page"}],"author":[{"embeddable":true,"href":"https:\/\/furious-squad.com\/pt-pt\/wp-json\/wp\/v2\/users\/1"}],"replies":[{"embeddable":true,"href":"https:\/\/furious-squad.com\/pt-pt\/wp-json\/wp\/v2\/comments?post=103783"}],"version-history":[{"count":4,"href":"https:\/\/furious-squad.com\/pt-pt\/wp-json\/wp\/v2\/pages\/103783\/revisions"}],"predecessor-version":[{"id":110142,"href":"https:\/\/furious-squad.com\/pt-pt\/wp-json\/wp\/v2\/pages\/103783\/revisions\/110142"}],"up":[{"embeddable":true,"href":"https:\/\/furious-squad.com\/pt-pt\/wp-json\/wp\/v2\/pages\/103794"}],"wp:attachment":[{"href":"https:\/\/furious-squad.com\/pt-pt\/wp-json\/wp\/v2\/media?parent=103783"}],"curies":[{"name":"wp","href":"https:\/\/api.w.org\/{rel}","templated":true}]}}