{"id":103782,"date":"2026-01-26T00:41:28","date_gmt":"2026-01-25T23:41:28","guid":{"rendered":"https:\/\/furious.digitz.dev\/ferramenta-de-gestao-de-vendas-crm-e-orcamentos\/"},"modified":"2026-04-11T19:53:58","modified_gmt":"2026-04-11T17:53:58","slug":"crm-vendas","status":"publish","type":"page","link":"https:\/\/furious-squad.com\/pt-pt\/solucao\/crm-vendas\/","title":{"rendered":"Ferramenta de gest\u00e3o de vendas, CRM e or\u00e7amentos"},"content":{"rendered":"","protected":false},"excerpt":{"rendered":"","protected":false},"author":1,"featured_media":0,"parent":103794,"menu_order":0,"comment_status":"closed","ping_status":"closed","template":"","meta":{"_acf_changed":false,"footnotes":""},"class_list":["post-103782","page","type-page","status-publish","hentry"],"acf":[],"yoast_head":"<!-- This site is optimized with the Yoast SEO Premium plugin v25.3 (Yoast SEO v27.4) - https:\/\/yoast.com\/product\/yoast-seo-premium-wordpress\/ -->\n<title>Ferramenta de gest\u00e3o de vendas, CRM e cota\u00e7\u00f5es | Furious<\/title>\n<meta name=\"description\" content=\"Torna-te furioso no teu acompanhamento de vendas com a nossa ferramenta CRM. Em equipa, identifica os teus potenciais clientes, gera as tuas cota\u00e7\u00f5es e automatiza.\" \/>\n<meta name=\"robots\" content=\"index, follow, max-snippet:-1, max-image-preview:large, max-video-preview:-1\" \/>\n<link rel=\"canonical\" href=\"https:\/\/furious-squad.com\/pt-pt\/solucao\/crm-vendas\/\" \/>\n<meta property=\"og:locale\" content=\"pt_PT\" \/>\n<meta property=\"og:type\" content=\"article\" \/>\n<meta property=\"og:title\" content=\"Ferramenta de gest\u00e3o de vendas, CRM e or\u00e7amentos\" \/>\n<meta property=\"og:description\" content=\"Torna-te furioso no teu acompanhamento de vendas com a nossa ferramenta CRM. Em equipa, identifica os teus potenciais clientes, gera as tuas cota\u00e7\u00f5es e automatiza.\" \/>\n<meta property=\"og:url\" content=\"https:\/\/furious-squad.com\/pt-pt\/solucao\/crm-vendas\/\" \/>\n<meta property=\"og:site_name\" content=\"Furious\" \/>\n<meta property=\"article:modified_time\" content=\"2026-04-11T17:53:58+00:00\" \/>\n<meta name=\"twitter:card\" content=\"summary_large_image\" \/>\n<script type=\"application\/ld+json\" class=\"yoast-schema-graph\">{\"@context\":\"https:\\\/\\\/schema.org\",\"@graph\":[{\"@type\":\"WebPage\",\"@id\":\"https:\\\/\\\/furious-squad.com\\\/pt-pt\\\/solucao\\\/crm-vendas\\\/\",\"url\":\"https:\\\/\\\/furious-squad.com\\\/pt-pt\\\/solucao\\\/crm-vendas\\\/\",\"name\":\"Ferramenta de gest\u00e3o de vendas, CRM e cota\u00e7\u00f5es | Furious\",\"isPartOf\":{\"@id\":\"https:\\\/\\\/www.furious-squad.com\\\/pt-pt\\\/#website\"},\"datePublished\":\"2026-01-25T23:41:28+00:00\",\"dateModified\":\"2026-04-11T17:53:58+00:00\",\"description\":\"Torna-te furioso no teu acompanhamento de vendas com a nossa ferramenta CRM. Em equipa, identifica os teus potenciais clientes, gera as tuas cota\u00e7\u00f5es e automatiza.\",\"breadcrumb\":{\"@id\":\"https:\\\/\\\/furious-squad.com\\\/pt-pt\\\/solucao\\\/crm-vendas\\\/#breadcrumb\"},\"inLanguage\":\"pt-PT\",\"potentialAction\":[{\"@type\":\"ReadAction\",\"target\":[\"https:\\\/\\\/furious-squad.com\\\/pt-pt\\\/solucao\\\/crm-vendas\\\/\"]}]},{\"@type\":\"BreadcrumbList\",\"@id\":\"https:\\\/\\\/furious-squad.com\\\/pt-pt\\\/solucao\\\/crm-vendas\\\/#breadcrumb\",\"itemListElement\":[{\"@type\":\"ListItem\",\"position\":1,\"name\":\"Home\",\"item\":\"https:\\\/\\\/www.furious-squad.com\\\/pt-pt\\\/\"},{\"@type\":\"ListItem\",\"position\":2,\"name\":\"Solu\u00e7\u00e3o\",\"item\":\"https:\\\/\\\/www.furious-squad.com\\\/pt-pt\\\/solucao\\\/\"},{\"@type\":\"ListItem\",\"position\":3,\"name\":\"Ferramenta de gest\u00e3o de vendas, CRM e or\u00e7amentos\"}]},{\"@type\":\"WebSite\",\"@id\":\"https:\\\/\\\/www.furious-squad.com\\\/pt-pt\\\/#website\",\"url\":\"https:\\\/\\\/www.furious-squad.com\\\/pt-pt\\\/\",\"name\":\"Furious\",\"description\":\"\",\"potentialAction\":[{\"@type\":\"SearchAction\",\"target\":{\"@type\":\"EntryPoint\",\"urlTemplate\":\"https:\\\/\\\/www.furious-squad.com\\\/pt-pt\\\/?s={search_term_string}\"},\"query-input\":{\"@type\":\"PropertyValueSpecification\",\"valueRequired\":true,\"valueName\":\"search_term_string\"}}],\"inLanguage\":\"pt-PT\"}]}<\/script>\n<!-- \/ Yoast SEO Premium plugin. -->","yoast_head_json":{"title":"Ferramenta de gest\u00e3o de vendas, CRM e cota\u00e7\u00f5es | Furious","description":"Torna-te furioso no teu acompanhamento de vendas com a nossa ferramenta CRM. Em equipa, identifica os teus potenciais clientes, gera as tuas cota\u00e7\u00f5es e automatiza.","robots":{"index":"index","follow":"follow","max-snippet":"max-snippet:-1","max-image-preview":"max-image-preview:large","max-video-preview":"max-video-preview:-1"},"canonical":"https:\/\/furious-squad.com\/pt-pt\/solucao\/crm-vendas\/","og_locale":"pt_PT","og_type":"article","og_title":"Ferramenta de gest\u00e3o de vendas, CRM e or\u00e7amentos","og_description":"Torna-te furioso no teu acompanhamento de vendas com a nossa ferramenta CRM. Em equipa, identifica os teus potenciais clientes, gera as tuas cota\u00e7\u00f5es e automatiza.","og_url":"https:\/\/furious-squad.com\/pt-pt\/solucao\/crm-vendas\/","og_site_name":"Furious","article_modified_time":"2026-04-11T17:53:58+00:00","twitter_card":"summary_large_image","schema":{"@context":"https:\/\/schema.org","@graph":[{"@type":"WebPage","@id":"https:\/\/furious-squad.com\/pt-pt\/solucao\/crm-vendas\/","url":"https:\/\/furious-squad.com\/pt-pt\/solucao\/crm-vendas\/","name":"Ferramenta de gest\u00e3o de vendas, CRM e cota\u00e7\u00f5es | Furious","isPartOf":{"@id":"https:\/\/www.furious-squad.com\/pt-pt\/#website"},"datePublished":"2026-01-25T23:41:28+00:00","dateModified":"2026-04-11T17:53:58+00:00","description":"Torna-te furioso no teu acompanhamento de vendas com a nossa ferramenta CRM. Em equipa, identifica os teus potenciais clientes, gera as tuas cota\u00e7\u00f5es e automatiza.","breadcrumb":{"@id":"https:\/\/furious-squad.com\/pt-pt\/solucao\/crm-vendas\/#breadcrumb"},"inLanguage":"pt-PT","potentialAction":[{"@type":"ReadAction","target":["https:\/\/furious-squad.com\/pt-pt\/solucao\/crm-vendas\/"]}]},{"@type":"BreadcrumbList","@id":"https:\/\/furious-squad.com\/pt-pt\/solucao\/crm-vendas\/#breadcrumb","itemListElement":[{"@type":"ListItem","position":1,"name":"Home","item":"https:\/\/www.furious-squad.com\/pt-pt\/"},{"@type":"ListItem","position":2,"name":"Solu\u00e7\u00e3o","item":"https:\/\/www.furious-squad.com\/pt-pt\/solucao\/"},{"@type":"ListItem","position":3,"name":"Ferramenta de gest\u00e3o de vendas, CRM e or\u00e7amentos"}]},{"@type":"WebSite","@id":"https:\/\/www.furious-squad.com\/pt-pt\/#website","url":"https:\/\/www.furious-squad.com\/pt-pt\/","name":"Furious","description":"","potentialAction":[{"@type":"SearchAction","target":{"@type":"EntryPoint","urlTemplate":"https:\/\/www.furious-squad.com\/pt-pt\/?s={search_term_string}"},"query-input":{"@type":"PropertyValueSpecification","valueRequired":true,"valueName":"search_term_string"}}],"inLanguage":"pt-PT"}]}},"_links":{"self":[{"href":"https:\/\/furious-squad.com\/pt-pt\/wp-json\/wp\/v2\/pages\/103782","targetHints":{"allow":["GET"]}}],"collection":[{"href":"https:\/\/furious-squad.com\/pt-pt\/wp-json\/wp\/v2\/pages"}],"about":[{"href":"https:\/\/furious-squad.com\/pt-pt\/wp-json\/wp\/v2\/types\/page"}],"author":[{"embeddable":true,"href":"https:\/\/furious-squad.com\/pt-pt\/wp-json\/wp\/v2\/users\/1"}],"replies":[{"embeddable":true,"href":"https:\/\/furious-squad.com\/pt-pt\/wp-json\/wp\/v2\/comments?post=103782"}],"version-history":[{"count":6,"href":"https:\/\/furious-squad.com\/pt-pt\/wp-json\/wp\/v2\/pages\/103782\/revisions"}],"predecessor-version":[{"id":110146,"href":"https:\/\/furious-squad.com\/pt-pt\/wp-json\/wp\/v2\/pages\/103782\/revisions\/110146"}],"up":[{"embeddable":true,"href":"https:\/\/furious-squad.com\/pt-pt\/wp-json\/wp\/v2\/pages\/103794"}],"wp:attachment":[{"href":"https:\/\/furious-squad.com\/pt-pt\/wp-json\/wp\/v2\/media?parent=103782"}],"curies":[{"name":"wp","href":"https:\/\/api.w.org\/{rel}","templated":true}]}}