{"id":103756,"date":"2026-02-22T23:10:04","date_gmt":"2026-02-22T22:10:04","guid":{"rendered":"https:\/\/furious.digitz.dev\/modulo\/software-de-gestao-de-vendas-e-crm\/"},"modified":"2026-04-10T00:40:11","modified_gmt":"2026-04-09T22:40:11","slug":"crm-prospeccao","status":"publish","type":"page","link":"https:\/\/furious-squad.com\/pt-pt\/modulo\/crm-prospeccao\/","title":{"rendered":"Software de gest\u00e3o comercial e CRM"},"content":{"rendered":"","protected":false},"excerpt":{"rendered":"","protected":false},"author":1,"featured_media":0,"parent":103746,"menu_order":0,"comment_status":"closed","ping_status":"closed","template":"","meta":{"_acf_changed":false,"footnotes":""},"class_list":["post-103756","page","type-page","status-publish","hentry"],"acf":[],"yoast_head":"<!-- This site is optimized with the Yoast SEO Premium plugin v25.3 (Yoast SEO v27.4) - https:\/\/yoast.com\/product\/yoast-seo-premium-wordpress\/ -->\n<title>Software de gest\u00e3o comercial e CRM | Furious Squad<\/title>\n<meta name=\"description\" content=\"Furious \u00e9 a ferramenta de gest\u00e3o de prospe\u00e7\u00e3o comercial e de organiza\u00e7\u00e3o de pipelines perfeita para ag\u00eancias, empresas de consultoria e ESDs.\" \/>\n<meta name=\"robots\" content=\"index, follow, max-snippet:-1, max-image-preview:large, max-video-preview:-1\" \/>\n<link rel=\"canonical\" href=\"https:\/\/furious-squad.com\/pt-pt\/modulo\/crm-prospeccao\/\" \/>\n<meta property=\"og:locale\" content=\"pt_PT\" \/>\n<meta property=\"og:type\" content=\"article\" \/>\n<meta property=\"og:title\" content=\"Software de gest\u00e3o comercial e CRM\" \/>\n<meta property=\"og:description\" content=\"Furious \u00e9 a ferramenta de gest\u00e3o de prospe\u00e7\u00e3o comercial e de organiza\u00e7\u00e3o de pipelines perfeita para ag\u00eancias, empresas de consultoria e ESDs.\" \/>\n<meta property=\"og:url\" content=\"https:\/\/furious-squad.com\/pt-pt\/modulo\/crm-prospeccao\/\" \/>\n<meta property=\"og:site_name\" content=\"Furious\" \/>\n<meta property=\"article:modified_time\" content=\"2026-04-09T22:40:11+00:00\" \/>\n<meta name=\"twitter:card\" content=\"summary_large_image\" \/>\n<script type=\"application\/ld+json\" class=\"yoast-schema-graph\">{\"@context\":\"https:\\\/\\\/schema.org\",\"@graph\":[{\"@type\":\"WebPage\",\"@id\":\"https:\\\/\\\/furious-squad.com\\\/pt-pt\\\/modulo\\\/crm-prospeccao\\\/\",\"url\":\"https:\\\/\\\/furious-squad.com\\\/pt-pt\\\/modulo\\\/crm-prospeccao\\\/\",\"name\":\"Software de gest\u00e3o comercial e CRM | Furious Squad\",\"isPartOf\":{\"@id\":\"https:\\\/\\\/www.furious-squad.com\\\/pt-pt\\\/#website\"},\"datePublished\":\"2026-02-22T22:10:04+00:00\",\"dateModified\":\"2026-04-09T22:40:11+00:00\",\"description\":\"Furious \u00e9 a ferramenta de gest\u00e3o de prospe\u00e7\u00e3o comercial e de organiza\u00e7\u00e3o de pipelines perfeita para ag\u00eancias, empresas de consultoria e ESDs.\",\"breadcrumb\":{\"@id\":\"https:\\\/\\\/furious-squad.com\\\/pt-pt\\\/modulo\\\/crm-prospeccao\\\/#breadcrumb\"},\"inLanguage\":\"pt-PT\",\"potentialAction\":[{\"@type\":\"ReadAction\",\"target\":[\"https:\\\/\\\/furious-squad.com\\\/pt-pt\\\/modulo\\\/crm-prospeccao\\\/\"]}]},{\"@type\":\"BreadcrumbList\",\"@id\":\"https:\\\/\\\/furious-squad.com\\\/pt-pt\\\/modulo\\\/crm-prospeccao\\\/#breadcrumb\",\"itemListElement\":[{\"@type\":\"ListItem\",\"position\":1,\"name\":\"Home\",\"item\":\"https:\\\/\\\/www.furious-squad.com\\\/pt-pt\\\/\"},{\"@type\":\"ListItem\",\"position\":2,\"name\":\"M\u00f3dulo\",\"item\":\"https:\\\/\\\/www.furious-squad.com\\\/pt-pt\\\/modulo\\\/\"},{\"@type\":\"ListItem\",\"position\":3,\"name\":\"Software de gest\u00e3o comercial e CRM\"}]},{\"@type\":\"WebSite\",\"@id\":\"https:\\\/\\\/www.furious-squad.com\\\/pt-pt\\\/#website\",\"url\":\"https:\\\/\\\/www.furious-squad.com\\\/pt-pt\\\/\",\"name\":\"Furious\",\"description\":\"\",\"potentialAction\":[{\"@type\":\"SearchAction\",\"target\":{\"@type\":\"EntryPoint\",\"urlTemplate\":\"https:\\\/\\\/www.furious-squad.com\\\/pt-pt\\\/?s={search_term_string}\"},\"query-input\":{\"@type\":\"PropertyValueSpecification\",\"valueRequired\":true,\"valueName\":\"search_term_string\"}}],\"inLanguage\":\"pt-PT\"}]}<\/script>\n<!-- \/ Yoast SEO Premium plugin. -->","yoast_head_json":{"title":"Software de gest\u00e3o comercial e CRM | Furious Squad","description":"Furious \u00e9 a ferramenta de gest\u00e3o de prospe\u00e7\u00e3o comercial e de organiza\u00e7\u00e3o de pipelines perfeita para ag\u00eancias, empresas de consultoria e ESDs.","robots":{"index":"index","follow":"follow","max-snippet":"max-snippet:-1","max-image-preview":"max-image-preview:large","max-video-preview":"max-video-preview:-1"},"canonical":"https:\/\/furious-squad.com\/pt-pt\/modulo\/crm-prospeccao\/","og_locale":"pt_PT","og_type":"article","og_title":"Software de gest\u00e3o comercial e CRM","og_description":"Furious \u00e9 a ferramenta de gest\u00e3o de prospe\u00e7\u00e3o comercial e de organiza\u00e7\u00e3o de pipelines perfeita para ag\u00eancias, empresas de consultoria e ESDs.","og_url":"https:\/\/furious-squad.com\/pt-pt\/modulo\/crm-prospeccao\/","og_site_name":"Furious","article_modified_time":"2026-04-09T22:40:11+00:00","twitter_card":"summary_large_image","schema":{"@context":"https:\/\/schema.org","@graph":[{"@type":"WebPage","@id":"https:\/\/furious-squad.com\/pt-pt\/modulo\/crm-prospeccao\/","url":"https:\/\/furious-squad.com\/pt-pt\/modulo\/crm-prospeccao\/","name":"Software de gest\u00e3o comercial e CRM | Furious Squad","isPartOf":{"@id":"https:\/\/www.furious-squad.com\/pt-pt\/#website"},"datePublished":"2026-02-22T22:10:04+00:00","dateModified":"2026-04-09T22:40:11+00:00","description":"Furious \u00e9 a ferramenta de gest\u00e3o de prospe\u00e7\u00e3o comercial e de organiza\u00e7\u00e3o de pipelines perfeita para ag\u00eancias, empresas de consultoria e ESDs.","breadcrumb":{"@id":"https:\/\/furious-squad.com\/pt-pt\/modulo\/crm-prospeccao\/#breadcrumb"},"inLanguage":"pt-PT","potentialAction":[{"@type":"ReadAction","target":["https:\/\/furious-squad.com\/pt-pt\/modulo\/crm-prospeccao\/"]}]},{"@type":"BreadcrumbList","@id":"https:\/\/furious-squad.com\/pt-pt\/modulo\/crm-prospeccao\/#breadcrumb","itemListElement":[{"@type":"ListItem","position":1,"name":"Home","item":"https:\/\/www.furious-squad.com\/pt-pt\/"},{"@type":"ListItem","position":2,"name":"M\u00f3dulo","item":"https:\/\/www.furious-squad.com\/pt-pt\/modulo\/"},{"@type":"ListItem","position":3,"name":"Software de gest\u00e3o comercial e CRM"}]},{"@type":"WebSite","@id":"https:\/\/www.furious-squad.com\/pt-pt\/#website","url":"https:\/\/www.furious-squad.com\/pt-pt\/","name":"Furious","description":"","potentialAction":[{"@type":"SearchAction","target":{"@type":"EntryPoint","urlTemplate":"https:\/\/www.furious-squad.com\/pt-pt\/?s={search_term_string}"},"query-input":{"@type":"PropertyValueSpecification","valueRequired":true,"valueName":"search_term_string"}}],"inLanguage":"pt-PT"}]}},"_links":{"self":[{"href":"https:\/\/furious-squad.com\/pt-pt\/wp-json\/wp\/v2\/pages\/103756","targetHints":{"allow":["GET"]}}],"collection":[{"href":"https:\/\/furious-squad.com\/pt-pt\/wp-json\/wp\/v2\/pages"}],"about":[{"href":"https:\/\/furious-squad.com\/pt-pt\/wp-json\/wp\/v2\/types\/page"}],"author":[{"embeddable":true,"href":"https:\/\/furious-squad.com\/pt-pt\/wp-json\/wp\/v2\/users\/1"}],"replies":[{"embeddable":true,"href":"https:\/\/furious-squad.com\/pt-pt\/wp-json\/wp\/v2\/comments?post=103756"}],"version-history":[{"count":4,"href":"https:\/\/furious-squad.com\/pt-pt\/wp-json\/wp\/v2\/pages\/103756\/revisions"}],"predecessor-version":[{"id":110100,"href":"https:\/\/furious-squad.com\/pt-pt\/wp-json\/wp\/v2\/pages\/103756\/revisions\/110100"}],"up":[{"embeddable":true,"href":"https:\/\/furious-squad.com\/pt-pt\/wp-json\/wp\/v2\/pages\/103746"}],"wp:attachment":[{"href":"https:\/\/furious-squad.com\/pt-pt\/wp-json\/wp\/v2\/media?parent=103756"}],"curies":[{"name":"wp","href":"https:\/\/api.w.org\/{rel}","templated":true}]}}