{"id":103733,"date":"2026-02-24T23:17:40","date_gmt":"2026-02-24T22:17:40","guid":{"rendered":"https:\/\/furious.digitz.dev\/software-de-gestao-financeira-e-pre-contabilidade\/"},"modified":"2026-04-10T01:19:57","modified_gmt":"2026-04-09T23:19:57","slug":"gestao-financeira","status":"publish","type":"page","link":"https:\/\/furious-squad.com\/pt-pt\/modulo\/gestao-financeira\/","title":{"rendered":"Software de gest\u00e3o financeira e pr\u00e9-contabil\u00edstica"},"content":{"rendered":"","protected":false},"excerpt":{"rendered":"","protected":false},"author":1,"featured_media":0,"parent":103746,"menu_order":0,"comment_status":"closed","ping_status":"closed","template":"","meta":{"_acf_changed":false,"footnotes":""},"class_list":["post-103733","page","type-page","status-publish","hentry"],"acf":[],"yoast_head":"<!-- This site is optimized with the Yoast SEO Premium plugin v25.3 (Yoast SEO v27.4) - https:\/\/yoast.com\/product\/yoast-seo-premium-wordpress\/ -->\n<title>Software de gest\u00e3o financeira e pr\u00e9-contabil\u00edstica | Furious<\/title>\n<meta name=\"description\" content=\"Furious, o software de gest\u00e3o financeira que simplifica a gest\u00e3o quotidiana, automatizando tarefas como a fatura\u00e7\u00e3o e a pr\u00e9-contabilidade.\" \/>\n<meta name=\"robots\" content=\"index, follow, max-snippet:-1, max-image-preview:large, max-video-preview:-1\" \/>\n<link rel=\"canonical\" href=\"https:\/\/furious-squad.com\/pt-pt\/modulo\/gestao-financeira\/\" \/>\n<meta property=\"og:locale\" content=\"pt_PT\" \/>\n<meta property=\"og:type\" content=\"article\" \/>\n<meta property=\"og:title\" content=\"Software de gest\u00e3o financeira e pr\u00e9-contabil\u00edstica\" \/>\n<meta property=\"og:description\" content=\"Furious, o software de gest\u00e3o financeira que simplifica a gest\u00e3o quotidiana, automatizando tarefas como a fatura\u00e7\u00e3o e a pr\u00e9-contabilidade.\" \/>\n<meta property=\"og:url\" content=\"https:\/\/furious-squad.com\/pt-pt\/modulo\/gestao-financeira\/\" \/>\n<meta property=\"og:site_name\" content=\"Furious\" \/>\n<meta property=\"article:modified_time\" content=\"2026-04-09T23:19:57+00:00\" \/>\n<meta name=\"twitter:card\" content=\"summary_large_image\" \/>\n<script type=\"application\/ld+json\" class=\"yoast-schema-graph\">{\"@context\":\"https:\\\/\\\/schema.org\",\"@graph\":[{\"@type\":\"WebPage\",\"@id\":\"https:\\\/\\\/furious-squad.com\\\/pt-pt\\\/modulo\\\/gestao-financeira\\\/\",\"url\":\"https:\\\/\\\/furious-squad.com\\\/pt-pt\\\/modulo\\\/gestao-financeira\\\/\",\"name\":\"Software de gest\u00e3o financeira e pr\u00e9-contabil\u00edstica | Furious\",\"isPartOf\":{\"@id\":\"https:\\\/\\\/www.furious-squad.com\\\/pt-pt\\\/#website\"},\"datePublished\":\"2026-02-24T22:17:40+00:00\",\"dateModified\":\"2026-04-09T23:19:57+00:00\",\"description\":\"Furious, o software de gest\u00e3o financeira que simplifica a gest\u00e3o quotidiana, automatizando tarefas como a fatura\u00e7\u00e3o e a pr\u00e9-contabilidade.\",\"breadcrumb\":{\"@id\":\"https:\\\/\\\/furious-squad.com\\\/pt-pt\\\/modulo\\\/gestao-financeira\\\/#breadcrumb\"},\"inLanguage\":\"pt-PT\",\"potentialAction\":[{\"@type\":\"ReadAction\",\"target\":[\"https:\\\/\\\/furious-squad.com\\\/pt-pt\\\/modulo\\\/gestao-financeira\\\/\"]}]},{\"@type\":\"BreadcrumbList\",\"@id\":\"https:\\\/\\\/furious-squad.com\\\/pt-pt\\\/modulo\\\/gestao-financeira\\\/#breadcrumb\",\"itemListElement\":[{\"@type\":\"ListItem\",\"position\":1,\"name\":\"Home\",\"item\":\"https:\\\/\\\/www.furious-squad.com\\\/pt-pt\\\/\"},{\"@type\":\"ListItem\",\"position\":2,\"name\":\"M\u00f3dulo\",\"item\":\"https:\\\/\\\/www.furious-squad.com\\\/pt-pt\\\/modulo\\\/\"},{\"@type\":\"ListItem\",\"position\":3,\"name\":\"Software de gest\u00e3o financeira e pr\u00e9-contabil\u00edstica\"}]},{\"@type\":\"WebSite\",\"@id\":\"https:\\\/\\\/www.furious-squad.com\\\/pt-pt\\\/#website\",\"url\":\"https:\\\/\\\/www.furious-squad.com\\\/pt-pt\\\/\",\"name\":\"Furious\",\"description\":\"\",\"potentialAction\":[{\"@type\":\"SearchAction\",\"target\":{\"@type\":\"EntryPoint\",\"urlTemplate\":\"https:\\\/\\\/www.furious-squad.com\\\/pt-pt\\\/?s={search_term_string}\"},\"query-input\":{\"@type\":\"PropertyValueSpecification\",\"valueRequired\":true,\"valueName\":\"search_term_string\"}}],\"inLanguage\":\"pt-PT\"}]}<\/script>\n<!-- \/ Yoast SEO Premium plugin. -->","yoast_head_json":{"title":"Software de gest\u00e3o financeira e pr\u00e9-contabil\u00edstica | Furious","description":"Furious, o software de gest\u00e3o financeira que simplifica a gest\u00e3o quotidiana, automatizando tarefas como a fatura\u00e7\u00e3o e a pr\u00e9-contabilidade.","robots":{"index":"index","follow":"follow","max-snippet":"max-snippet:-1","max-image-preview":"max-image-preview:large","max-video-preview":"max-video-preview:-1"},"canonical":"https:\/\/furious-squad.com\/pt-pt\/modulo\/gestao-financeira\/","og_locale":"pt_PT","og_type":"article","og_title":"Software de gest\u00e3o financeira e pr\u00e9-contabil\u00edstica","og_description":"Furious, o software de gest\u00e3o financeira que simplifica a gest\u00e3o quotidiana, automatizando tarefas como a fatura\u00e7\u00e3o e a pr\u00e9-contabilidade.","og_url":"https:\/\/furious-squad.com\/pt-pt\/modulo\/gestao-financeira\/","og_site_name":"Furious","article_modified_time":"2026-04-09T23:19:57+00:00","twitter_card":"summary_large_image","schema":{"@context":"https:\/\/schema.org","@graph":[{"@type":"WebPage","@id":"https:\/\/furious-squad.com\/pt-pt\/modulo\/gestao-financeira\/","url":"https:\/\/furious-squad.com\/pt-pt\/modulo\/gestao-financeira\/","name":"Software de gest\u00e3o financeira e pr\u00e9-contabil\u00edstica | Furious","isPartOf":{"@id":"https:\/\/www.furious-squad.com\/pt-pt\/#website"},"datePublished":"2026-02-24T22:17:40+00:00","dateModified":"2026-04-09T23:19:57+00:00","description":"Furious, o software de gest\u00e3o financeira que simplifica a gest\u00e3o quotidiana, automatizando tarefas como a fatura\u00e7\u00e3o e a pr\u00e9-contabilidade.","breadcrumb":{"@id":"https:\/\/furious-squad.com\/pt-pt\/modulo\/gestao-financeira\/#breadcrumb"},"inLanguage":"pt-PT","potentialAction":[{"@type":"ReadAction","target":["https:\/\/furious-squad.com\/pt-pt\/modulo\/gestao-financeira\/"]}]},{"@type":"BreadcrumbList","@id":"https:\/\/furious-squad.com\/pt-pt\/modulo\/gestao-financeira\/#breadcrumb","itemListElement":[{"@type":"ListItem","position":1,"name":"Home","item":"https:\/\/www.furious-squad.com\/pt-pt\/"},{"@type":"ListItem","position":2,"name":"M\u00f3dulo","item":"https:\/\/www.furious-squad.com\/pt-pt\/modulo\/"},{"@type":"ListItem","position":3,"name":"Software de gest\u00e3o financeira e pr\u00e9-contabil\u00edstica"}]},{"@type":"WebSite","@id":"https:\/\/www.furious-squad.com\/pt-pt\/#website","url":"https:\/\/www.furious-squad.com\/pt-pt\/","name":"Furious","description":"","potentialAction":[{"@type":"SearchAction","target":{"@type":"EntryPoint","urlTemplate":"https:\/\/www.furious-squad.com\/pt-pt\/?s={search_term_string}"},"query-input":{"@type":"PropertyValueSpecification","valueRequired":true,"valueName":"search_term_string"}}],"inLanguage":"pt-PT"}]}},"_links":{"self":[{"href":"https:\/\/furious-squad.com\/pt-pt\/wp-json\/wp\/v2\/pages\/103733","targetHints":{"allow":["GET"]}}],"collection":[{"href":"https:\/\/furious-squad.com\/pt-pt\/wp-json\/wp\/v2\/pages"}],"about":[{"href":"https:\/\/furious-squad.com\/pt-pt\/wp-json\/wp\/v2\/types\/page"}],"author":[{"embeddable":true,"href":"https:\/\/furious-squad.com\/pt-pt\/wp-json\/wp\/v2\/users\/1"}],"replies":[{"embeddable":true,"href":"https:\/\/furious-squad.com\/pt-pt\/wp-json\/wp\/v2\/comments?post=103733"}],"version-history":[{"count":5,"href":"https:\/\/furious-squad.com\/pt-pt\/wp-json\/wp\/v2\/pages\/103733\/revisions"}],"predecessor-version":[{"id":110105,"href":"https:\/\/furious-squad.com\/pt-pt\/wp-json\/wp\/v2\/pages\/103733\/revisions\/110105"}],"up":[{"embeddable":true,"href":"https:\/\/furious-squad.com\/pt-pt\/wp-json\/wp\/v2\/pages\/103746"}],"wp:attachment":[{"href":"https:\/\/furious-squad.com\/pt-pt\/wp-json\/wp\/v2\/media?parent=103733"}],"curies":[{"name":"wp","href":"https:\/\/api.w.org\/{rel}","templated":true}]}}