{"id":103723,"date":"2026-02-23T01:38:20","date_gmt":"2026-02-23T00:38:20","guid":{"rendered":"https:\/\/furious.digitz.dev\/ferramenta-de-gestao-da-qualidade-da-agencia-e-da-esn\/"},"modified":"2026-04-10T02:21:18","modified_gmt":"2026-04-10T00:21:18","slug":"gestao-da-qualidade","status":"publish","type":"page","link":"https:\/\/furious-squad.com\/pt-pt\/modulo\/gestao-da-qualidade\/","title":{"rendered":"Ferramenta de gest\u00e3o da qualidade para ag\u00eancias e ESDs"},"content":{"rendered":"","protected":false},"excerpt":{"rendered":"","protected":false},"author":1,"featured_media":0,"parent":103746,"menu_order":0,"comment_status":"closed","ping_status":"closed","template":"","meta":{"_acf_changed":false,"footnotes":""},"class_list":["post-103723","page","type-page","status-publish","hentry"],"acf":[],"yoast_head":"<!-- This site is optimized with the Yoast SEO Premium plugin v25.3 (Yoast SEO v27.4) - https:\/\/yoast.com\/product\/yoast-seo-premium-wordpress\/ -->\n<title>Ferramenta de gest\u00e3o da qualidade para ag\u00eancias e ESDs | Furious<\/title>\n<meta name=\"description\" content=\"A Furious fornece-lhe ferramentas para gerir a qualidade, a avalia\u00e7\u00e3o dos clientes e os funcion\u00e1rios de ag\u00eancias.\" \/>\n<meta name=\"robots\" content=\"index, follow, max-snippet:-1, max-image-preview:large, max-video-preview:-1\" \/>\n<link rel=\"canonical\" href=\"https:\/\/furious-squad.com\/pt-pt\/modulo\/gestao-da-qualidade\/\" \/>\n<meta property=\"og:locale\" content=\"pt_PT\" \/>\n<meta property=\"og:type\" content=\"article\" \/>\n<meta property=\"og:title\" content=\"Ferramenta de gest\u00e3o da qualidade para ag\u00eancias e ESDs\" \/>\n<meta property=\"og:description\" content=\"A Furious fornece-lhe ferramentas para gerir a qualidade, a avalia\u00e7\u00e3o dos clientes e os funcion\u00e1rios de ag\u00eancias.\" \/>\n<meta property=\"og:url\" content=\"https:\/\/furious-squad.com\/pt-pt\/modulo\/gestao-da-qualidade\/\" \/>\n<meta property=\"og:site_name\" content=\"Furious\" \/>\n<meta property=\"article:modified_time\" content=\"2026-04-10T00:21:18+00:00\" \/>\n<meta name=\"twitter:card\" content=\"summary_large_image\" \/>\n<script type=\"application\/ld+json\" class=\"yoast-schema-graph\">{\"@context\":\"https:\\\/\\\/schema.org\",\"@graph\":[{\"@type\":\"WebPage\",\"@id\":\"https:\\\/\\\/furious-squad.com\\\/pt-pt\\\/modulo\\\/gestao-da-qualidade\\\/\",\"url\":\"https:\\\/\\\/furious-squad.com\\\/pt-pt\\\/modulo\\\/gestao-da-qualidade\\\/\",\"name\":\"Ferramenta de gest\u00e3o da qualidade para ag\u00eancias e ESDs | Furious\",\"isPartOf\":{\"@id\":\"https:\\\/\\\/www.furious-squad.com\\\/pt-pt\\\/#website\"},\"datePublished\":\"2026-02-23T00:38:20+00:00\",\"dateModified\":\"2026-04-10T00:21:18+00:00\",\"description\":\"A Furious fornece-lhe ferramentas para gerir a qualidade, a avalia\u00e7\u00e3o dos clientes e os funcion\u00e1rios de ag\u00eancias.\",\"breadcrumb\":{\"@id\":\"https:\\\/\\\/furious-squad.com\\\/pt-pt\\\/modulo\\\/gestao-da-qualidade\\\/#breadcrumb\"},\"inLanguage\":\"pt-PT\",\"potentialAction\":[{\"@type\":\"ReadAction\",\"target\":[\"https:\\\/\\\/furious-squad.com\\\/pt-pt\\\/modulo\\\/gestao-da-qualidade\\\/\"]}]},{\"@type\":\"BreadcrumbList\",\"@id\":\"https:\\\/\\\/furious-squad.com\\\/pt-pt\\\/modulo\\\/gestao-da-qualidade\\\/#breadcrumb\",\"itemListElement\":[{\"@type\":\"ListItem\",\"position\":1,\"name\":\"Home\",\"item\":\"https:\\\/\\\/www.furious-squad.com\\\/pt-pt\\\/\"},{\"@type\":\"ListItem\",\"position\":2,\"name\":\"M\u00f3dulo\",\"item\":\"https:\\\/\\\/www.furious-squad.com\\\/pt-pt\\\/modulo\\\/\"},{\"@type\":\"ListItem\",\"position\":3,\"name\":\"Ferramenta de gest\u00e3o da qualidade para ag\u00eancias e ESDs\"}]},{\"@type\":\"WebSite\",\"@id\":\"https:\\\/\\\/www.furious-squad.com\\\/pt-pt\\\/#website\",\"url\":\"https:\\\/\\\/www.furious-squad.com\\\/pt-pt\\\/\",\"name\":\"Furious\",\"description\":\"\",\"potentialAction\":[{\"@type\":\"SearchAction\",\"target\":{\"@type\":\"EntryPoint\",\"urlTemplate\":\"https:\\\/\\\/www.furious-squad.com\\\/pt-pt\\\/?s={search_term_string}\"},\"query-input\":{\"@type\":\"PropertyValueSpecification\",\"valueRequired\":true,\"valueName\":\"search_term_string\"}}],\"inLanguage\":\"pt-PT\"}]}<\/script>\n<!-- \/ Yoast SEO Premium plugin. -->","yoast_head_json":{"title":"Ferramenta de gest\u00e3o da qualidade para ag\u00eancias e ESDs | Furious","description":"A Furious fornece-lhe ferramentas para gerir a qualidade, a avalia\u00e7\u00e3o dos clientes e os funcion\u00e1rios de ag\u00eancias.","robots":{"index":"index","follow":"follow","max-snippet":"max-snippet:-1","max-image-preview":"max-image-preview:large","max-video-preview":"max-video-preview:-1"},"canonical":"https:\/\/furious-squad.com\/pt-pt\/modulo\/gestao-da-qualidade\/","og_locale":"pt_PT","og_type":"article","og_title":"Ferramenta de gest\u00e3o da qualidade para ag\u00eancias e ESDs","og_description":"A Furious fornece-lhe ferramentas para gerir a qualidade, a avalia\u00e7\u00e3o dos clientes e os funcion\u00e1rios de ag\u00eancias.","og_url":"https:\/\/furious-squad.com\/pt-pt\/modulo\/gestao-da-qualidade\/","og_site_name":"Furious","article_modified_time":"2026-04-10T00:21:18+00:00","twitter_card":"summary_large_image","schema":{"@context":"https:\/\/schema.org","@graph":[{"@type":"WebPage","@id":"https:\/\/furious-squad.com\/pt-pt\/modulo\/gestao-da-qualidade\/","url":"https:\/\/furious-squad.com\/pt-pt\/modulo\/gestao-da-qualidade\/","name":"Ferramenta de gest\u00e3o da qualidade para ag\u00eancias e ESDs | Furious","isPartOf":{"@id":"https:\/\/www.furious-squad.com\/pt-pt\/#website"},"datePublished":"2026-02-23T00:38:20+00:00","dateModified":"2026-04-10T00:21:18+00:00","description":"A Furious fornece-lhe ferramentas para gerir a qualidade, a avalia\u00e7\u00e3o dos clientes e os funcion\u00e1rios de ag\u00eancias.","breadcrumb":{"@id":"https:\/\/furious-squad.com\/pt-pt\/modulo\/gestao-da-qualidade\/#breadcrumb"},"inLanguage":"pt-PT","potentialAction":[{"@type":"ReadAction","target":["https:\/\/furious-squad.com\/pt-pt\/modulo\/gestao-da-qualidade\/"]}]},{"@type":"BreadcrumbList","@id":"https:\/\/furious-squad.com\/pt-pt\/modulo\/gestao-da-qualidade\/#breadcrumb","itemListElement":[{"@type":"ListItem","position":1,"name":"Home","item":"https:\/\/www.furious-squad.com\/pt-pt\/"},{"@type":"ListItem","position":2,"name":"M\u00f3dulo","item":"https:\/\/www.furious-squad.com\/pt-pt\/modulo\/"},{"@type":"ListItem","position":3,"name":"Ferramenta de gest\u00e3o da qualidade para ag\u00eancias e ESDs"}]},{"@type":"WebSite","@id":"https:\/\/www.furious-squad.com\/pt-pt\/#website","url":"https:\/\/www.furious-squad.com\/pt-pt\/","name":"Furious","description":"","potentialAction":[{"@type":"SearchAction","target":{"@type":"EntryPoint","urlTemplate":"https:\/\/www.furious-squad.com\/pt-pt\/?s={search_term_string}"},"query-input":{"@type":"PropertyValueSpecification","valueRequired":true,"valueName":"search_term_string"}}],"inLanguage":"pt-PT"}]}},"_links":{"self":[{"href":"https:\/\/furious-squad.com\/pt-pt\/wp-json\/wp\/v2\/pages\/103723","targetHints":{"allow":["GET"]}}],"collection":[{"href":"https:\/\/furious-squad.com\/pt-pt\/wp-json\/wp\/v2\/pages"}],"about":[{"href":"https:\/\/furious-squad.com\/pt-pt\/wp-json\/wp\/v2\/types\/page"}],"author":[{"embeddable":true,"href":"https:\/\/furious-squad.com\/pt-pt\/wp-json\/wp\/v2\/users\/1"}],"replies":[{"embeddable":true,"href":"https:\/\/furious-squad.com\/pt-pt\/wp-json\/wp\/v2\/comments?post=103723"}],"version-history":[{"count":5,"href":"https:\/\/furious-squad.com\/pt-pt\/wp-json\/wp\/v2\/pages\/103723\/revisions"}],"predecessor-version":[{"id":110114,"href":"https:\/\/furious-squad.com\/pt-pt\/wp-json\/wp\/v2\/pages\/103723\/revisions\/110114"}],"up":[{"embeddable":true,"href":"https:\/\/furious-squad.com\/pt-pt\/wp-json\/wp\/v2\/pages\/103746"}],"wp:attachment":[{"href":"https:\/\/furious-squad.com\/pt-pt\/wp-json\/wp\/v2\/media?parent=103723"}],"curies":[{"name":"wp","href":"https:\/\/api.w.org\/{rel}","templated":true}]}}