{"id":103651,"date":"2026-02-27T02:00:51","date_gmt":"2026-02-27T01:00:51","guid":{"rendered":"https:\/\/furious.digitz.dev\/empresa-de-servicos-e-ferramentas-de-gestao-empresarial\/"},"modified":"2026-04-10T10:45:01","modified_gmt":"2026-04-10T08:45:01","slug":"gestao-de-projetos-de-servicos-it","status":"publish","type":"page","link":"https:\/\/furious-squad.com\/pt-pt\/setor\/gestao-de-projetos-de-servicos-it\/","title":{"rendered":"Ferramenta de gest\u00e3o empresarial e empresas de servi\u00e7os"},"content":{"rendered":"","protected":false},"excerpt":{"rendered":"","protected":false},"author":1,"featured_media":0,"parent":103664,"menu_order":0,"comment_status":"closed","ping_status":"closed","template":"","meta":{"_acf_changed":false,"footnotes":""},"class_list":["post-103651","page","type-page","status-publish","hentry"],"acf":[],"yoast_head":"<!-- This site is optimized with the Yoast SEO Premium plugin v25.3 (Yoast SEO v27.4) - https:\/\/yoast.com\/product\/yoast-seo-premium-wordpress\/ -->\n<title>Ferramenta de gest\u00e3o empresarial e empresas de servi\u00e7os | Furious<\/title>\n<meta name=\"description\" content=\"Gerencia uma ESN ou uma empresa de servi\u00e7os? Tem uma predomin\u00e2ncia de projetos ou miss\u00f5es em regime de outsourcing? Descubra o nosso ERP Furious\" \/>\n<meta name=\"robots\" content=\"index, follow, max-snippet:-1, max-image-preview:large, max-video-preview:-1\" \/>\n<link rel=\"canonical\" href=\"https:\/\/furious-squad.com\/pt-pt\/setor\/gestao-de-projetos-de-servicos-it\/\" \/>\n<meta property=\"og:locale\" content=\"pt_PT\" \/>\n<meta property=\"og:type\" content=\"article\" \/>\n<meta property=\"og:title\" content=\"Ferramenta de gest\u00e3o empresarial e empresas de servi\u00e7os\" \/>\n<meta property=\"og:description\" content=\"Gerencia uma ESN ou uma empresa de servi\u00e7os? Tem uma predomin\u00e2ncia de projetos ou miss\u00f5es em regime de outsourcing? Descubra o nosso ERP Furious\" \/>\n<meta property=\"og:url\" content=\"https:\/\/furious-squad.com\/pt-pt\/setor\/gestao-de-projetos-de-servicos-it\/\" \/>\n<meta property=\"og:site_name\" content=\"Furious\" \/>\n<meta property=\"article:modified_time\" content=\"2026-04-10T08:45:01+00:00\" \/>\n<meta name=\"twitter:card\" content=\"summary_large_image\" \/>\n<script type=\"application\/ld+json\" class=\"yoast-schema-graph\">{\"@context\":\"https:\\\/\\\/schema.org\",\"@graph\":[{\"@type\":\"WebPage\",\"@id\":\"https:\\\/\\\/furious-squad.com\\\/pt-pt\\\/setor\\\/gestao-de-projetos-de-servicos-it\\\/\",\"url\":\"https:\\\/\\\/furious-squad.com\\\/pt-pt\\\/setor\\\/gestao-de-projetos-de-servicos-it\\\/\",\"name\":\"Ferramenta de gest\u00e3o empresarial e empresas de servi\u00e7os | Furious\",\"isPartOf\":{\"@id\":\"https:\\\/\\\/www.furious-squad.com\\\/pt-pt\\\/#website\"},\"datePublished\":\"2026-02-27T01:00:51+00:00\",\"dateModified\":\"2026-04-10T08:45:01+00:00\",\"description\":\"Gerencia uma ESN ou uma empresa de servi\u00e7os? Tem uma predomin\u00e2ncia de projetos ou miss\u00f5es em regime de outsourcing? Descubra o nosso ERP Furious\",\"breadcrumb\":{\"@id\":\"https:\\\/\\\/furious-squad.com\\\/pt-pt\\\/setor\\\/gestao-de-projetos-de-servicos-it\\\/#breadcrumb\"},\"inLanguage\":\"pt-PT\",\"potentialAction\":[{\"@type\":\"ReadAction\",\"target\":[\"https:\\\/\\\/furious-squad.com\\\/pt-pt\\\/setor\\\/gestao-de-projetos-de-servicos-it\\\/\"]}]},{\"@type\":\"BreadcrumbList\",\"@id\":\"https:\\\/\\\/furious-squad.com\\\/pt-pt\\\/setor\\\/gestao-de-projetos-de-servicos-it\\\/#breadcrumb\",\"itemListElement\":[{\"@type\":\"ListItem\",\"position\":1,\"name\":\"Home\",\"item\":\"https:\\\/\\\/www.furious-squad.com\\\/pt-pt\\\/\"},{\"@type\":\"ListItem\",\"position\":2,\"name\":\"Setor\",\"item\":\"https:\\\/\\\/www.furious-squad.com\\\/pt-pt\\\/secteur\\\/\"},{\"@type\":\"ListItem\",\"position\":3,\"name\":\"Ferramenta de gest\u00e3o empresarial e empresas de servi\u00e7os\"}]},{\"@type\":\"WebSite\",\"@id\":\"https:\\\/\\\/www.furious-squad.com\\\/pt-pt\\\/#website\",\"url\":\"https:\\\/\\\/www.furious-squad.com\\\/pt-pt\\\/\",\"name\":\"Furious\",\"description\":\"\",\"potentialAction\":[{\"@type\":\"SearchAction\",\"target\":{\"@type\":\"EntryPoint\",\"urlTemplate\":\"https:\\\/\\\/www.furious-squad.com\\\/pt-pt\\\/?s={search_term_string}\"},\"query-input\":{\"@type\":\"PropertyValueSpecification\",\"valueRequired\":true,\"valueName\":\"search_term_string\"}}],\"inLanguage\":\"pt-PT\"}]}<\/script>\n<!-- \/ Yoast SEO Premium plugin. -->","yoast_head_json":{"title":"Ferramenta de gest\u00e3o empresarial e empresas de servi\u00e7os | Furious","description":"Gerencia uma ESN ou uma empresa de servi\u00e7os? Tem uma predomin\u00e2ncia de projetos ou miss\u00f5es em regime de outsourcing? Descubra o nosso ERP Furious","robots":{"index":"index","follow":"follow","max-snippet":"max-snippet:-1","max-image-preview":"max-image-preview:large","max-video-preview":"max-video-preview:-1"},"canonical":"https:\/\/furious-squad.com\/pt-pt\/setor\/gestao-de-projetos-de-servicos-it\/","og_locale":"pt_PT","og_type":"article","og_title":"Ferramenta de gest\u00e3o empresarial e empresas de servi\u00e7os","og_description":"Gerencia uma ESN ou uma empresa de servi\u00e7os? Tem uma predomin\u00e2ncia de projetos ou miss\u00f5es em regime de outsourcing? Descubra o nosso ERP Furious","og_url":"https:\/\/furious-squad.com\/pt-pt\/setor\/gestao-de-projetos-de-servicos-it\/","og_site_name":"Furious","article_modified_time":"2026-04-10T08:45:01+00:00","twitter_card":"summary_large_image","schema":{"@context":"https:\/\/schema.org","@graph":[{"@type":"WebPage","@id":"https:\/\/furious-squad.com\/pt-pt\/setor\/gestao-de-projetos-de-servicos-it\/","url":"https:\/\/furious-squad.com\/pt-pt\/setor\/gestao-de-projetos-de-servicos-it\/","name":"Ferramenta de gest\u00e3o empresarial e empresas de servi\u00e7os | Furious","isPartOf":{"@id":"https:\/\/www.furious-squad.com\/pt-pt\/#website"},"datePublished":"2026-02-27T01:00:51+00:00","dateModified":"2026-04-10T08:45:01+00:00","description":"Gerencia uma ESN ou uma empresa de servi\u00e7os? Tem uma predomin\u00e2ncia de projetos ou miss\u00f5es em regime de outsourcing? Descubra o nosso ERP Furious","breadcrumb":{"@id":"https:\/\/furious-squad.com\/pt-pt\/setor\/gestao-de-projetos-de-servicos-it\/#breadcrumb"},"inLanguage":"pt-PT","potentialAction":[{"@type":"ReadAction","target":["https:\/\/furious-squad.com\/pt-pt\/setor\/gestao-de-projetos-de-servicos-it\/"]}]},{"@type":"BreadcrumbList","@id":"https:\/\/furious-squad.com\/pt-pt\/setor\/gestao-de-projetos-de-servicos-it\/#breadcrumb","itemListElement":[{"@type":"ListItem","position":1,"name":"Home","item":"https:\/\/www.furious-squad.com\/pt-pt\/"},{"@type":"ListItem","position":2,"name":"Setor","item":"https:\/\/www.furious-squad.com\/pt-pt\/secteur\/"},{"@type":"ListItem","position":3,"name":"Ferramenta de gest\u00e3o empresarial e empresas de servi\u00e7os"}]},{"@type":"WebSite","@id":"https:\/\/www.furious-squad.com\/pt-pt\/#website","url":"https:\/\/www.furious-squad.com\/pt-pt\/","name":"Furious","description":"","potentialAction":[{"@type":"SearchAction","target":{"@type":"EntryPoint","urlTemplate":"https:\/\/www.furious-squad.com\/pt-pt\/?s={search_term_string}"},"query-input":{"@type":"PropertyValueSpecification","valueRequired":true,"valueName":"search_term_string"}}],"inLanguage":"pt-PT"}]}},"_links":{"self":[{"href":"https:\/\/furious-squad.com\/pt-pt\/wp-json\/wp\/v2\/pages\/103651","targetHints":{"allow":["GET"]}}],"collection":[{"href":"https:\/\/furious-squad.com\/pt-pt\/wp-json\/wp\/v2\/pages"}],"about":[{"href":"https:\/\/furious-squad.com\/pt-pt\/wp-json\/wp\/v2\/types\/page"}],"author":[{"embeddable":true,"href":"https:\/\/furious-squad.com\/pt-pt\/wp-json\/wp\/v2\/users\/1"}],"replies":[{"embeddable":true,"href":"https:\/\/furious-squad.com\/pt-pt\/wp-json\/wp\/v2\/comments?post=103651"}],"version-history":[{"count":4,"href":"https:\/\/furious-squad.com\/pt-pt\/wp-json\/wp\/v2\/pages\/103651\/revisions"}],"predecessor-version":[{"id":110127,"href":"https:\/\/furious-squad.com\/pt-pt\/wp-json\/wp\/v2\/pages\/103651\/revisions\/110127"}],"up":[{"embeddable":true,"href":"https:\/\/furious-squad.com\/pt-pt\/wp-json\/wp\/v2\/pages\/103664"}],"wp:attachment":[{"href":"https:\/\/furious-squad.com\/pt-pt\/wp-json\/wp\/v2\/media?parent=103651"}],"curies":[{"name":"wp","href":"https:\/\/api.w.org\/{rel}","templated":true}]}}