{"id":103642,"date":"2026-02-27T13:34:59","date_gmt":"2026-02-27T12:34:59","guid":{"rendered":"https:\/\/furious.digitz.dev\/questionario-sobre-a-maturidade-da-agencia-e-do-aconselhamento\/"},"modified":"2026-04-09T01:44:43","modified_gmt":"2026-04-08T23:44:43","slug":"questionario-de-maturidade-para-agencias-e-consultorias","status":"publish","type":"page","link":"https:\/\/furious-squad.com\/pt-pt\/questionario-de-maturidade-para-agencias-e-consultorias\/","title":{"rendered":"Question\u00e1rio sobre a maturidade da ag\u00eancia e do aconselhamento"},"content":{"rendered":"","protected":false},"excerpt":{"rendered":"","protected":false},"author":1,"featured_media":0,"parent":0,"menu_order":0,"comment_status":"closed","ping_status":"closed","template":"template-quiz.php","meta":{"_acf_changed":false,"footnotes":""},"class_list":["post-103642","page","type-page","status-publish","hentry"],"acf":[],"yoast_head":"<!-- This site is optimized with the Yoast SEO Premium plugin v25.3 (Yoast SEO v27.4) - https:\/\/yoast.com\/product\/yoast-seo-premium-wordpress\/ -->\n<title>Teste de maturidade para ag\u00eancias e consultores<\/title>\n<meta name=\"description\" content=\"Avalia a maturidade da tua ag\u00eancia em menos de 10 minutos. Obt\u00e9m um diagn\u00f3stico preciso, identifica os teus pontos fracos e sai com um plano de a\u00e7\u00e3o claro.\" \/>\n<meta name=\"robots\" content=\"index, follow, max-snippet:-1, max-image-preview:large, max-video-preview:-1\" \/>\n<link rel=\"canonical\" href=\"https:\/\/furious-squad.com\/pt-pt\/questionario-de-maturidade-para-agencias-e-consultorias\/\" \/>\n<meta property=\"og:locale\" content=\"pt_PT\" \/>\n<meta property=\"og:type\" content=\"article\" \/>\n<meta property=\"og:title\" content=\"Question\u00e1rio sobre a maturidade da ag\u00eancia e do aconselhamento\" \/>\n<meta property=\"og:description\" content=\"Avalia a maturidade da tua ag\u00eancia em menos de 10 minutos. Obt\u00e9m um diagn\u00f3stico preciso, identifica os teus pontos fracos e sai com um plano de a\u00e7\u00e3o claro.\" \/>\n<meta property=\"og:url\" content=\"https:\/\/furious-squad.com\/pt-pt\/questionario-de-maturidade-para-agencias-e-consultorias\/\" \/>\n<meta property=\"og:site_name\" content=\"Furious\" \/>\n<meta property=\"article:modified_time\" content=\"2026-04-08T23:44:43+00:00\" \/>\n<meta name=\"twitter:card\" content=\"summary_large_image\" \/>\n<script type=\"application\/ld+json\" class=\"yoast-schema-graph\">{\"@context\":\"https:\\\/\\\/schema.org\",\"@graph\":[{\"@type\":\"WebPage\",\"@id\":\"https:\\\/\\\/furious-squad.com\\\/pt-pt\\\/questionario-de-maturidade-para-agencias-e-consultorias\\\/\",\"url\":\"https:\\\/\\\/furious-squad.com\\\/pt-pt\\\/questionario-de-maturidade-para-agencias-e-consultorias\\\/\",\"name\":\"Teste de maturidade para ag\u00eancias e consultores\",\"isPartOf\":{\"@id\":\"https:\\\/\\\/www.furious-squad.com\\\/pt-pt\\\/#website\"},\"datePublished\":\"2026-02-27T12:34:59+00:00\",\"dateModified\":\"2026-04-08T23:44:43+00:00\",\"description\":\"Avalia a maturidade da tua ag\u00eancia em menos de 10 minutos. Obt\u00e9m um diagn\u00f3stico preciso, identifica os teus pontos fracos e sai com um plano de a\u00e7\u00e3o claro.\",\"breadcrumb\":{\"@id\":\"https:\\\/\\\/furious-squad.com\\\/pt-pt\\\/questionario-de-maturidade-para-agencias-e-consultorias\\\/#breadcrumb\"},\"inLanguage\":\"pt-PT\",\"potentialAction\":[{\"@type\":\"ReadAction\",\"target\":[\"https:\\\/\\\/furious-squad.com\\\/pt-pt\\\/questionario-de-maturidade-para-agencias-e-consultorias\\\/\"]}]},{\"@type\":\"BreadcrumbList\",\"@id\":\"https:\\\/\\\/furious-squad.com\\\/pt-pt\\\/questionario-de-maturidade-para-agencias-e-consultorias\\\/#breadcrumb\",\"itemListElement\":[{\"@type\":\"ListItem\",\"position\":1,\"name\":\"Home\",\"item\":\"https:\\\/\\\/www.furious-squad.com\\\/pt-pt\\\/\"},{\"@type\":\"ListItem\",\"position\":2,\"name\":\"Question\u00e1rio sobre a maturidade da ag\u00eancia e do aconselhamento\"}]},{\"@type\":\"WebSite\",\"@id\":\"https:\\\/\\\/www.furious-squad.com\\\/pt-pt\\\/#website\",\"url\":\"https:\\\/\\\/www.furious-squad.com\\\/pt-pt\\\/\",\"name\":\"Furious\",\"description\":\"\",\"potentialAction\":[{\"@type\":\"SearchAction\",\"target\":{\"@type\":\"EntryPoint\",\"urlTemplate\":\"https:\\\/\\\/www.furious-squad.com\\\/pt-pt\\\/?s={search_term_string}\"},\"query-input\":{\"@type\":\"PropertyValueSpecification\",\"valueRequired\":true,\"valueName\":\"search_term_string\"}}],\"inLanguage\":\"pt-PT\"}]}<\/script>\n<!-- \/ Yoast SEO Premium plugin. -->","yoast_head_json":{"title":"Teste de maturidade para ag\u00eancias e consultores","description":"Avalia a maturidade da tua ag\u00eancia em menos de 10 minutos. Obt\u00e9m um diagn\u00f3stico preciso, identifica os teus pontos fracos e sai com um plano de a\u00e7\u00e3o claro.","robots":{"index":"index","follow":"follow","max-snippet":"max-snippet:-1","max-image-preview":"max-image-preview:large","max-video-preview":"max-video-preview:-1"},"canonical":"https:\/\/furious-squad.com\/pt-pt\/questionario-de-maturidade-para-agencias-e-consultorias\/","og_locale":"pt_PT","og_type":"article","og_title":"Question\u00e1rio sobre a maturidade da ag\u00eancia e do aconselhamento","og_description":"Avalia a maturidade da tua ag\u00eancia em menos de 10 minutos. Obt\u00e9m um diagn\u00f3stico preciso, identifica os teus pontos fracos e sai com um plano de a\u00e7\u00e3o claro.","og_url":"https:\/\/furious-squad.com\/pt-pt\/questionario-de-maturidade-para-agencias-e-consultorias\/","og_site_name":"Furious","article_modified_time":"2026-04-08T23:44:43+00:00","twitter_card":"summary_large_image","schema":{"@context":"https:\/\/schema.org","@graph":[{"@type":"WebPage","@id":"https:\/\/furious-squad.com\/pt-pt\/questionario-de-maturidade-para-agencias-e-consultorias\/","url":"https:\/\/furious-squad.com\/pt-pt\/questionario-de-maturidade-para-agencias-e-consultorias\/","name":"Teste de maturidade para ag\u00eancias e consultores","isPartOf":{"@id":"https:\/\/www.furious-squad.com\/pt-pt\/#website"},"datePublished":"2026-02-27T12:34:59+00:00","dateModified":"2026-04-08T23:44:43+00:00","description":"Avalia a maturidade da tua ag\u00eancia em menos de 10 minutos. Obt\u00e9m um diagn\u00f3stico preciso, identifica os teus pontos fracos e sai com um plano de a\u00e7\u00e3o claro.","breadcrumb":{"@id":"https:\/\/furious-squad.com\/pt-pt\/questionario-de-maturidade-para-agencias-e-consultorias\/#breadcrumb"},"inLanguage":"pt-PT","potentialAction":[{"@type":"ReadAction","target":["https:\/\/furious-squad.com\/pt-pt\/questionario-de-maturidade-para-agencias-e-consultorias\/"]}]},{"@type":"BreadcrumbList","@id":"https:\/\/furious-squad.com\/pt-pt\/questionario-de-maturidade-para-agencias-e-consultorias\/#breadcrumb","itemListElement":[{"@type":"ListItem","position":1,"name":"Home","item":"https:\/\/www.furious-squad.com\/pt-pt\/"},{"@type":"ListItem","position":2,"name":"Question\u00e1rio sobre a maturidade da ag\u00eancia e do aconselhamento"}]},{"@type":"WebSite","@id":"https:\/\/www.furious-squad.com\/pt-pt\/#website","url":"https:\/\/www.furious-squad.com\/pt-pt\/","name":"Furious","description":"","potentialAction":[{"@type":"SearchAction","target":{"@type":"EntryPoint","urlTemplate":"https:\/\/www.furious-squad.com\/pt-pt\/?s={search_term_string}"},"query-input":{"@type":"PropertyValueSpecification","valueRequired":true,"valueName":"search_term_string"}}],"inLanguage":"pt-PT"}]}},"_links":{"self":[{"href":"https:\/\/furious-squad.com\/pt-pt\/wp-json\/wp\/v2\/pages\/103642","targetHints":{"allow":["GET"]}}],"collection":[{"href":"https:\/\/furious-squad.com\/pt-pt\/wp-json\/wp\/v2\/pages"}],"about":[{"href":"https:\/\/furious-squad.com\/pt-pt\/wp-json\/wp\/v2\/types\/page"}],"author":[{"embeddable":true,"href":"https:\/\/furious-squad.com\/pt-pt\/wp-json\/wp\/v2\/users\/1"}],"replies":[{"embeddable":true,"href":"https:\/\/furious-squad.com\/pt-pt\/wp-json\/wp\/v2\/comments?post=103642"}],"version-history":[{"count":1,"href":"https:\/\/furious-squad.com\/pt-pt\/wp-json\/wp\/v2\/pages\/103642\/revisions"}],"predecessor-version":[{"id":103941,"href":"https:\/\/furious-squad.com\/pt-pt\/wp-json\/wp\/v2\/pages\/103642\/revisions\/103941"}],"wp:attachment":[{"href":"https:\/\/furious-squad.com\/pt-pt\/wp-json\/wp\/v2\/media?parent=103642"}],"curies":[{"name":"wp","href":"https:\/\/api.w.org\/{rel}","templated":true}]}}