{"id":103628,"date":"2026-02-27T15:14:21","date_gmt":"2026-02-27T14:14:21","guid":{"rendered":"https:\/\/furious.digitz.dev\/carreira\/"},"modified":"2026-03-24T20:19:18","modified_gmt":"2026-03-24T19:19:18","slug":"carreira","status":"publish","type":"page","link":"https:\/\/furious-squad.com\/pt-pt\/carreira\/","title":{"rendered":"Carreira"},"content":{"rendered":"","protected":false},"excerpt":{"rendered":"","protected":false},"author":1,"featured_media":0,"parent":0,"menu_order":0,"comment_status":"closed","ping_status":"closed","template":"template-carriere.php","meta":{"_acf_changed":false,"footnotes":""},"class_list":["post-103628","page","type-page","status-publish","hentry"],"acf":[],"yoast_head":"<!-- This site is optimized with the Yoast SEO Premium plugin v25.3 (Yoast SEO v27.4) - https:\/\/yoast.com\/product\/yoast-seo-premium-wordpress\/ -->\n<title>A Furious est\u00e1 a recrutar! Vem contribuir para a ferramenta de gest\u00e3o da ag\u00eancia!<\/title>\n<meta name=\"description\" content=\"Junta-te \u00e0 Furious, a empresa que ajuda ag\u00eancias, consultoras e ESNs a gerir melhor o seu neg\u00f3cio.\" \/>\n<meta name=\"robots\" content=\"index, follow, max-snippet:-1, max-image-preview:large, max-video-preview:-1\" \/>\n<link rel=\"canonical\" href=\"https:\/\/furious-squad.com\/pt-pt\/carreira\/\" \/>\n<meta property=\"og:locale\" content=\"pt_PT\" \/>\n<meta property=\"og:type\" content=\"article\" \/>\n<meta property=\"og:title\" content=\"Carreira\" \/>\n<meta property=\"og:description\" content=\"Junta-te \u00e0 Furious, a empresa que ajuda ag\u00eancias, consultoras e ESNs a gerir melhor o seu neg\u00f3cio.\" \/>\n<meta property=\"og:url\" content=\"https:\/\/furious-squad.com\/pt-pt\/carreira\/\" \/>\n<meta property=\"og:site_name\" content=\"Furious\" \/>\n<meta property=\"article:modified_time\" content=\"2026-03-24T19:19:18+00:00\" \/>\n<meta name=\"twitter:card\" content=\"summary_large_image\" \/>\n<script type=\"application\/ld+json\" class=\"yoast-schema-graph\">{\"@context\":\"https:\\\/\\\/schema.org\",\"@graph\":[{\"@type\":\"WebPage\",\"@id\":\"https:\\\/\\\/furious-squad.com\\\/pt-pt\\\/carreira\\\/\",\"url\":\"https:\\\/\\\/furious-squad.com\\\/pt-pt\\\/carreira\\\/\",\"name\":\"A Furious est\u00e1 a recrutar! Vem contribuir para a ferramenta de gest\u00e3o da ag\u00eancia!\",\"isPartOf\":{\"@id\":\"https:\\\/\\\/www.furious-squad.com\\\/pt-pt\\\/#website\"},\"datePublished\":\"2026-02-27T14:14:21+00:00\",\"dateModified\":\"2026-03-24T19:19:18+00:00\",\"description\":\"Junta-te \u00e0 Furious, a empresa que ajuda ag\u00eancias, consultoras e ESNs a gerir melhor o seu neg\u00f3cio.\",\"breadcrumb\":{\"@id\":\"https:\\\/\\\/furious-squad.com\\\/pt-pt\\\/carreira\\\/#breadcrumb\"},\"inLanguage\":\"pt-PT\",\"potentialAction\":[{\"@type\":\"ReadAction\",\"target\":[\"https:\\\/\\\/furious-squad.com\\\/pt-pt\\\/carreira\\\/\"]}]},{\"@type\":\"BreadcrumbList\",\"@id\":\"https:\\\/\\\/furious-squad.com\\\/pt-pt\\\/carreira\\\/#breadcrumb\",\"itemListElement\":[{\"@type\":\"ListItem\",\"position\":1,\"name\":\"Home\",\"item\":\"https:\\\/\\\/www.furious-squad.com\\\/pt-pt\\\/\"},{\"@type\":\"ListItem\",\"position\":2,\"name\":\"Carreira\"}]},{\"@type\":\"WebSite\",\"@id\":\"https:\\\/\\\/www.furious-squad.com\\\/pt-pt\\\/#website\",\"url\":\"https:\\\/\\\/www.furious-squad.com\\\/pt-pt\\\/\",\"name\":\"Furious\",\"description\":\"\",\"potentialAction\":[{\"@type\":\"SearchAction\",\"target\":{\"@type\":\"EntryPoint\",\"urlTemplate\":\"https:\\\/\\\/www.furious-squad.com\\\/pt-pt\\\/?s={search_term_string}\"},\"query-input\":{\"@type\":\"PropertyValueSpecification\",\"valueRequired\":true,\"valueName\":\"search_term_string\"}}],\"inLanguage\":\"pt-PT\"}]}<\/script>\n<!-- \/ Yoast SEO Premium plugin. -->","yoast_head_json":{"title":"A Furious est\u00e1 a recrutar! Vem contribuir para a ferramenta de gest\u00e3o da ag\u00eancia!","description":"Junta-te \u00e0 Furious, a empresa que ajuda ag\u00eancias, consultoras e ESNs a gerir melhor o seu neg\u00f3cio.","robots":{"index":"index","follow":"follow","max-snippet":"max-snippet:-1","max-image-preview":"max-image-preview:large","max-video-preview":"max-video-preview:-1"},"canonical":"https:\/\/furious-squad.com\/pt-pt\/carreira\/","og_locale":"pt_PT","og_type":"article","og_title":"Carreira","og_description":"Junta-te \u00e0 Furious, a empresa que ajuda ag\u00eancias, consultoras e ESNs a gerir melhor o seu neg\u00f3cio.","og_url":"https:\/\/furious-squad.com\/pt-pt\/carreira\/","og_site_name":"Furious","article_modified_time":"2026-03-24T19:19:18+00:00","twitter_card":"summary_large_image","schema":{"@context":"https:\/\/schema.org","@graph":[{"@type":"WebPage","@id":"https:\/\/furious-squad.com\/pt-pt\/carreira\/","url":"https:\/\/furious-squad.com\/pt-pt\/carreira\/","name":"A Furious est\u00e1 a recrutar! Vem contribuir para a ferramenta de gest\u00e3o da ag\u00eancia!","isPartOf":{"@id":"https:\/\/www.furious-squad.com\/pt-pt\/#website"},"datePublished":"2026-02-27T14:14:21+00:00","dateModified":"2026-03-24T19:19:18+00:00","description":"Junta-te \u00e0 Furious, a empresa que ajuda ag\u00eancias, consultoras e ESNs a gerir melhor o seu neg\u00f3cio.","breadcrumb":{"@id":"https:\/\/furious-squad.com\/pt-pt\/carreira\/#breadcrumb"},"inLanguage":"pt-PT","potentialAction":[{"@type":"ReadAction","target":["https:\/\/furious-squad.com\/pt-pt\/carreira\/"]}]},{"@type":"BreadcrumbList","@id":"https:\/\/furious-squad.com\/pt-pt\/carreira\/#breadcrumb","itemListElement":[{"@type":"ListItem","position":1,"name":"Home","item":"https:\/\/www.furious-squad.com\/pt-pt\/"},{"@type":"ListItem","position":2,"name":"Carreira"}]},{"@type":"WebSite","@id":"https:\/\/www.furious-squad.com\/pt-pt\/#website","url":"https:\/\/www.furious-squad.com\/pt-pt\/","name":"Furious","description":"","potentialAction":[{"@type":"SearchAction","target":{"@type":"EntryPoint","urlTemplate":"https:\/\/www.furious-squad.com\/pt-pt\/?s={search_term_string}"},"query-input":{"@type":"PropertyValueSpecification","valueRequired":true,"valueName":"search_term_string"}}],"inLanguage":"pt-PT"}]}},"_links":{"self":[{"href":"https:\/\/furious-squad.com\/pt-pt\/wp-json\/wp\/v2\/pages\/103628","targetHints":{"allow":["GET"]}}],"collection":[{"href":"https:\/\/furious-squad.com\/pt-pt\/wp-json\/wp\/v2\/pages"}],"about":[{"href":"https:\/\/furious-squad.com\/pt-pt\/wp-json\/wp\/v2\/types\/page"}],"author":[{"embeddable":true,"href":"https:\/\/furious-squad.com\/pt-pt\/wp-json\/wp\/v2\/users\/1"}],"replies":[{"embeddable":true,"href":"https:\/\/furious-squad.com\/pt-pt\/wp-json\/wp\/v2\/comments?post=103628"}],"version-history":[{"count":1,"href":"https:\/\/furious-squad.com\/pt-pt\/wp-json\/wp\/v2\/pages\/103628\/revisions"}],"predecessor-version":[{"id":104905,"href":"https:\/\/furious-squad.com\/pt-pt\/wp-json\/wp\/v2\/pages\/103628\/revisions\/104905"}],"wp:attachment":[{"href":"https:\/\/furious-squad.com\/pt-pt\/wp-json\/wp\/v2\/media?parent=103628"}],"curies":[{"name":"wp","href":"https:\/\/api.w.org\/{rel}","templated":true}]}}