{"id":103618,"date":"2026-02-27T15:50:38","date_gmt":"2026-02-27T14:50:38","guid":{"rendered":"https:\/\/furious.digitz.dev\/ferramenta-de-gestao-do-rgpd-dos-furiosos\/"},"modified":"2026-04-09T02:17:49","modified_gmt":"2026-04-09T00:17:49","slug":"rgpd-furious-3","status":"publish","type":"page","link":"https:\/\/furious-squad.com\/pt-pt\/rgpd-furious-3\/","title":{"rendered":"Ferramenta de gest\u00e3o do RGPD dos Furiosos"},"content":{"rendered":"<section>\n<h2 class=\"ai-optimize-54\" data-elementor-setting-key=\"title\" data-pen-placeholder=\"\u00c9crivez ici...\">Pol\u00edtica do RGPD<\/h2>\n<h3 class=\"ai-optimize-55\"><strong>\u00daltima atualiza\u00e7\u00e3o em 30 de janeiro de 2025<\/strong><\/h3>\n<p class=\"ai-optimize-56 ai-optimize-introduction\">O Regulamento Geral de Prote\u00e7\u00e3o de Dados (RGPD) introduz novas responsabilidades para empresas como a Furious que processam dados pessoais. O GDPR tamb\u00e9m d\u00e1 novos direitos \u00e0s pessoas cujos dados s\u00e3o processados, incluindo o direito de ser esquecido e o direito \u00e0 portabilidade dos dados. Desde a nossa cria\u00e7\u00e3o, a prote\u00e7\u00e3o de dados pessoais sempre foi uma prioridade, e a Furious j\u00e1 tomou todas as medidas necess\u00e1rias para cumprir o RGPD, garantindo que os nossos servi\u00e7os operam dentro de um quadro legal seguro e transparente. Entre as medidas que coloc\u00e1mos em pr\u00e1tica para garantir o cumprimento do RGPD:   <\/p>\n<ul>\n<li class=\"ai-optimize-57\">Estabelecer acordos contratuais claros que definam as obriga\u00e7\u00f5es e responsabilidades da Furious e dos nossos clientes no que respeita \u00e0 recolha e tratamento de dados pessoais.\n<ul>\n<li class=\"ai-optimize-58\">De notar que, como parte dos nossos servi\u00e7os, a Furious atua como subcontratante dos nossos clientes. Por conseguinte, \u00e9 tamb\u00e9m da responsabilidade dos nossos clientes garantir que as suas opera\u00e7\u00f5es est\u00e3o em conformidade com o RGPD, em particular no que diz respeito \u00e0 recolha, utiliza\u00e7\u00e3o e armazenamento de dados pessoais transmitidos \u00e0 Furious. <\/li>\n<\/ul>\n<\/li>\n<li class=\"ai-optimize-59\">Mant\u00e9m um registo das opera\u00e7\u00f5es de tratamento, a fim de controlar e atualizar todas as actividades de tratamento de dados.<\/li>\n<li class=\"ai-optimize-60\">Implementa procedimentos para proteger os dados pessoais e minimizar o risco de viola\u00e7\u00f5es de dados, bem como protocolos para informar a CNIL em caso de tais incidentes.<\/li>\n<\/ul>\n<p class=\"ai-optimize-61\">Para saberes mais sobre a forma como a Furious utiliza os teus dados, podes consultar a nossa <a href=\"https:\/\/www.furious-squad.com\/en\/data-protection-policy\/\" target=\"_blank\" rel=\"noopener noreferrer\">Pol\u00edtica de Prote\u00e7\u00e3o de Dados <\/a>.<\/p>\n<h2 class=\"ai-optimize-62\" id=\"google-sheets\">Uma nota sobre a extens\u00e3o do Google Sheets\u2122<\/h2>\n<p class=\"ai-optimize-63\">A extens\u00e3o Furious Google Sheets\u2122 permite que os dados de uma folha sejam transferidos para o Furious\u2122. N\u00e3o \u00e9 transferida qualquer informa\u00e7\u00e3o sobre a conta Google\u2122 do utilizador. Para realizar esta opera\u00e7\u00e3o, o utilizador deve ter uma conta Furious\u2122 e ter os direitos necess\u00e1rios. Os dados transferidos continuam a ser propriedade do utilizador. Em nenhuma circunst\u00e2ncia Furious\u2122 partilha estes dados ou os torna p\u00fablicos. Os dados brutos transferidos s\u00e3o retidos apenas durante a dura\u00e7\u00e3o da manipula\u00e7\u00e3o.      Em seguida, s\u00e3o apagados num prazo m\u00e1ximo de 48 horas.  <b>Como \u00e9 que transferes dados da folha do Google Sheets\u2122?<\/b><\/p>\n<ol>\n<li class=\"ai-optimize-64\">O utilizador solicita um identificador de transfer\u00eancia na aplica\u00e7\u00e3o Furious\u2122. Este identificador \u00e9 uma chave \u00fanica que expira ap\u00f3s 48 horas. <\/li>\n<li class=\"ai-optimize-65\">O utilizador copia ent\u00e3o esta chave para a janela modal da extens\u00e3o Furious\u2122 para o Google Sheets\u2122. Depois de a chave ter sido validada, os dados da folha s\u00e3o enviados para o Furious\u2122 atrav\u00e9s de uma API. <\/li>\n<\/ol>\n<p class=\"ai-optimize-66\"><b>Acesso a dados do Google<\/b> O utilizador inicia sess\u00e3o no Google Sheets\u2122. O Furious\u2122 n\u00e3o est\u00e1 envolvido no processo de in\u00edcio de sess\u00e3o. O utilizador instala ent\u00e3o a extens\u00e3o Furious\u2122 para o Google Sheets\u2122 do Google Marketplace\u2122 e concorda com os termos do ecr\u00e3 de consentimento. Nenhuma informa\u00e7\u00e3o sobre a conta Google\u2122 do utilizador \u00e9 transferida para o Furious\u2122. <b>Uso de dados<\/b> O uso e a transfer\u00eancia pela extens\u00e3o Furious\u2122 para o Google Sheets\u2122 de qualquer informa\u00e7\u00e3o recebida das APIs do Google estar\u00e1 de acordo com a <a href=\"https:\/\/developers.google.com\/terms\/api-services-user-data-policy#additional_requirements_for_specific_api_scopes\" target=\"_blank\" rel=\"noopener noreferrer\">Pol\u00edtica de Dados do Usu\u00e1rio dos Servi\u00e7os de API do Google <\/a>, incluindo os requisitos de Uso Limitado. Assim que a extens\u00e3o estiver instalada, o utilizador ter\u00e1 um novo menu &#8220;Furioso&#8221; no Google Sheets\u2122. Se selecionar &#8220;Exportar dados para o Furious&#8221; neste menu, abre uma janela modal que cont\u00e9m um formul\u00e1rio. Este formul\u00e1rio cont\u00e9m um campo de ID no qual o utilizador deve colar o ID de transfer\u00eancia \u00fanico fornecido pela aplica\u00e7\u00e3o Furious\u2122. Quando o utilizador valida o formul\u00e1rio com o bot\u00e3o &#8220;Submeter&#8221;, os dados da folha ativa do Google Sheets\u2122 s\u00e3o transmitidos para a aplica\u00e7\u00e3o Furious\u2122 do utilizador atrav\u00e9s de uma API segura. Estes dados s\u00e3o ent\u00e3o armazenados na base de dados da inst\u00e2ncia Furious\u2122 do utilizador. <b>Armazenamento de dados<\/b> Os dados transferidos continuam a ser propriedade do utilizador. Cada utilizador tem a sua pr\u00f3pria inst\u00e2ncia Furious\u2122 com a sua pr\u00f3pria base de dados. Os dados brutos transferidos s\u00e3o armazenados temporariamente na base de dados da inst\u00e2ncia Furious\u2122 do utilizador. Depois de os dados terem sido transferidos, o utilizador pode valid\u00e1-los e optar por import\u00e1-los ou n\u00e3o para a sua aplica\u00e7\u00e3o Furious\u2122. Partilha <b>de dados<\/b> Furious\u2122 n\u00e3o partilha estes dados com terceiros de forma alguma. Os dados s\u00e3o apenas utilizados no \u00e2mbito da funcionalidade da aplica\u00e7\u00e3o Furious\u2122 e de acordo com as escolhas do utilizador. <b>Seguran\u00e7a e elimina\u00e7\u00e3o de dados<\/b> Os dados s\u00e3o transmitidos e armazenados de forma segura. Os dados em bruto s\u00e3o mantidos durante o per\u00edodo de tratamento e s\u00e3o eliminados no prazo m\u00e1ximo de 48 horas ap\u00f3s a transfer\u00eancia.              O utilizador pode optar por eliminar ou gerir os seus dados na sua pr\u00f3pria inst\u00e2ncia Furious\u2122 em qualquer altura.  <b>Processo de transfer\u00eancia de dados<\/b><\/p>\n<ol>\n<li class=\"ai-optimize-67\">O utilizador solicita um ID de transfer\u00eancia (ID \u00fanico) na aplica\u00e7\u00e3o Furious\u2122.<\/li>\n<li class=\"ai-optimize-68\">O utilizador cola este ID no formul\u00e1rio da janela modal da extens\u00e3o Furious\u2122 para o Google Sheets\u2122.<\/li>\n<li class=\"ai-optimize-69\">Clicar em &#8220;Enviar&#8221; envia os dados da folha ativa do Google Sheets\u2122 para a aplica\u00e7\u00e3o Furious\u2122 do utilizador atrav\u00e9s de uma API segura.<\/li>\n<li class=\"ai-optimize-70\">O utilizador valida os dados recebidos na sua aplica\u00e7\u00e3o Furious\u2122 e escolhe se quer ou n\u00e3o import\u00e1-los.<\/li>\n<\/ol>\n<h2 class=\"ai-optimize-71\">Uma nota sobre a integra\u00e7\u00e3o do Google Calendar\u2122<\/h2>\n<p class=\"ai-optimize-72\">Em linha com o nosso compromisso com a prote\u00e7\u00e3o e privacidade de dados, o Furious\u2122 oferece uma funcionalidade de integra\u00e7\u00e3o com o Google Calendar\u2122, permitindo aos utilizadores sincronizar eventos e tarefas entre as duas plataformas. Esta integra\u00e7\u00e3o funciona de acordo com os seguintes princ\u00edpios compat\u00edveis com o GDPR: <\/p>\n<ul>\n<li class=\"ai-optimize-73\"><strong>Minimiza\u00e7\u00e3o de dados:<\/strong> Apenas os dados necess\u00e1rios para a sincroniza\u00e7\u00e3o &#8211; especificamente, eventos de calend\u00e1rio e os seus metadados &#8211; s\u00e3o acedidos e processados.<\/li>\n<li class=\"ai-optimize-74\"><strong>Consentimento do utilizador:<\/strong> A ativa\u00e7\u00e3o da integra\u00e7\u00e3o requer o consentimento expl\u00edcito do utilizador. Os utilizadores podem revogar o acesso a qualquer momento, desactivando a integra\u00e7\u00e3o nas defini\u00e7\u00f5es da sua conta. <\/li>\n<li class=\"ai-optimize-75\"><strong>Seguran\u00e7a dos dados:<\/strong> Todos os dados transmitidos entre o Furious\u2122 e o Google Calendar\u2122 s\u00e3o encriptados durante a transfer\u00eancia e em repouso, garantindo a prote\u00e7\u00e3o contra o acesso n\u00e3o autorizado.<\/li>\n<li class=\"ai-optimize-76\"><strong>Utiliza\u00e7\u00e3o dos dados :<\/strong> Os dados acess\u00edveis s\u00e3o utilizados exclusivamente para permitir o servi\u00e7o de sincroniza\u00e7\u00e3o e n\u00e3o s\u00e3o utilizados para qualquer outro fim.<\/li>\n<li class=\"ai-optimize-77\"><strong>Conformidade de terceiros:<\/strong> A nossa utiliza\u00e7\u00e3o e transfer\u00eancia de informa\u00e7\u00f5es recebidas das APIs da Google est\u00e1 em conformidade com a <a href=\"https:\/\/developers.google.com\/terms\/api-services-user-data-policy#additional_requirements_for_specific_api_scopes\" target=\"_blank\" rel=\"noopener\">Pol\u00edtica de dados do utilizador dos servi\u00e7os de API da Google <\/a>, incluindo os requisitos de utiliza\u00e7\u00e3o limitada.<\/li>\n<\/ul>\n<p class=\"ai-optimize-78\">Os utilizadores mant\u00eam o direito de aceder, retificar ou apagar os seus dados sincronizados em conformidade com as disposi\u00e7\u00f5es do RGPD. Para mais informa\u00e7\u00f5es sobre a forma como tratamos os dados pessoais, consulta a nossa Pol\u00edtica de Prote\u00e7\u00e3o de Dados. <\/p>\n<h2 class=\"ai-optimize-79\">Uma nota sobre o Furious\u2122 Drive-Connector<\/h2>\n<p class=\"ai-optimize-80\"><b>Introdu\u00e7\u00e3o<\/b> A Furious est\u00e1 empenhada em proteger a tua privacidade. Esta adenda descreve como gerimos os dados pessoais como parte da funcionalidade &#8220;Furious\u2122 Drive-Connector&#8221;, que integra o Google Drive\u2122, Google Docs\u2122, Google Sheets\u2122 e Google Forms\u2122 com o nosso sistema ERP. <b>Recolha e utiliza\u00e7\u00e3o de dados<\/b> Quando utilizas o &#8220;Furious\u2122 Drive-Connector&#8221;, recolhemos e processamos as seguintes informa\u00e7\u00f5es: <\/p>\n<ul>\n<li class=\"ai-optimize-81\"><strong>Informa\u00e7\u00e3o da Conta Google\u2122:<\/strong> Com o teu consentimento expl\u00edcito, acedemos aos detalhes da tua Conta Google\u2122 para facilitar a autentica\u00e7\u00e3o e a integra\u00e7\u00e3o com o nosso sistema ERP.<\/li>\n<li class=\"ai-optimize-82\"><strong>Ficheiros e metadados do Google Drive\u2122:<\/strong> Com a tua permiss\u00e3o, acedemos e gerimos ficheiros e os seus metadados no teu Google Drive\u2122 de forma a associ\u00e1-los aos teus projetos no Furious\u2122.<\/li>\n<\/ul>\n<p class=\"ai-optimize-83\"><b>Finalidade do tratamento dos dados<\/b> Os dados recolhidos s\u00e3o utilizados exclusivamente para :<\/p>\n<ul>\n<li class=\"ai-optimize-84\">Autentica a tua conta Google\u2122 com o Furious\u2122.<\/li>\n<li class=\"ai-optimize-85\">Permite a associa\u00e7\u00e3o de documentos do Google Drive\u2122 aos teus projectos no Furious\u2122.<\/li>\n<li class=\"ai-optimize-86\">Permite a cria\u00e7\u00e3o de novos Google Docs\u2122, Google Sheets\u2122, Google Forms\u2122 e Google Slides\u2122 diretamente do Furious\u2122.<\/li>\n<\/ul>\n<p class=\"ai-optimize-87\"><b>Armazenamento e seguran\u00e7a dos dados<\/b> Armazenamos as seguintes informa\u00e7\u00f5es de forma segura:<\/p>\n<ul>\n<li class=\"ai-optimize-88\"><strong>Tokens de acesso:<\/strong> S\u00e3o armazenados para permitir futuras liga\u00e7\u00f5es sem necessidade de autentica\u00e7\u00e3o repetida.<\/li>\n<li class=\"ai-optimize-89\"><strong>IDs de ficheiros Google\u2122:<\/strong> S\u00e3o guardados para manter a liga\u00e7\u00e3o entre os teus projectos Furious\u2122 e os documentos Google\u2122 associados.<\/li>\n<\/ul>\n<p class=\"ai-optimize-90\">Todos os dados s\u00e3o encriptados e armazenados em bases de dados separadas para cada cliente, garantindo o isolamento e a seguran\u00e7a dos dados. Partilha <b>de dados<\/b> N\u00e3o partilhamos a informa\u00e7\u00e3o da tua conta Google\u2122 ou quaisquer dados associados com terceiros. Os dados s\u00e3o utilizados exclusivamente para efeitos da funcionalidade da aplica\u00e7\u00e3o Furious\u2122, de acordo com as tuas instru\u00e7\u00f5es. <b>Controlo do utilizador<\/b> Tens controlo total sobre a integra\u00e7\u00e3o: <\/p>\n<ul>\n<li class=\"ai-optimize-91\"><strong>Revogar o acesso:<\/strong> Podes revogar o acesso \u00e0 aplica\u00e7\u00e3o a partir da tua conta Google\u2122 a qualquer momento. Uma vez revogado, apagaremos os tokens de acesso armazenados. Ter\u00e1s ent\u00e3o de voltar a autenticar se quiseres voltar a utilizar a integra\u00e7\u00e3o.  <\/li>\n<li class=\"ai-optimize-92\"><strong>Gerir documentos ligados:<\/strong> Podes adicionar ou remover documentos Google\u2122 ligados aos teus projectos no Furious\u2122 como quiseres.<\/li>\n<\/ul>\n<p class=\"ai-optimize-93\"><b>Conformidade com a Pol\u00edtica de Dados do Utilizador dos Servi\u00e7os API do Google\u2122<\/b> A nossa utiliza\u00e7\u00e3o e transfer\u00eancia de informa\u00e7\u00f5es recebidas das APIs do Google\u2122 est\u00e1 em conformidade com a Pol\u00edtica de Dados do Utilizador dos Servi\u00e7os API do Google\u2122, incluindo os requisitos de Utiliza\u00e7\u00e3o Limitada.<\/p>\n<\/section>\n<section><\/section>\n<h2 class=\"ai-optimize-94\" id=\"google-sheets\">Uma nota sobre a integra\u00e7\u00e3o do Google Meet\u2122<\/h2>\n<section><\/section>\n<p>O Furious\u2122 tamb\u00e9m oferece integra\u00e7\u00e3o com o Google Meet\u2122, permitindo que os utilizadores agendem e participem em videoconfer\u00eancias diretamente a partir da aplica\u00e7\u00e3o. Esta integra\u00e7\u00e3o est\u00e1 em conformidade com os seguintes princ\u00edpios de prote\u00e7\u00e3o de dados e privacidade: <\/p>\n<p class=\"ai-optimize-95\">Minimiza\u00e7\u00e3o dos dados: Apenas s\u00e3o tratadas as informa\u00e7\u00f5es estritamente necess\u00e1rias para a cria\u00e7\u00e3o e gest\u00e3o das reuni\u00f5es (t\u00edtulo, data, hora, liga\u00e7\u00e3o para a videoconfer\u00eancia).<\/p>\n<p class=\"ai-optimize-96\">Consentimento do utilizador: A ativa\u00e7\u00e3o da integra\u00e7\u00e3o requer o consentimento expl\u00edcito do utilizador. O utilizador pode revogar o acesso a qualquer momento a partir das defini\u00e7\u00f5es da sua conta Furious\u2122 ou na sua conta Google\u2122. <\/p>\n<p class=\"ai-optimize-97\">Seguran\u00e7a dos dados: Os dados trocados entre o Furious\u2122 e o Google Meet\u2122 s\u00e3o transmitidos atrav\u00e9s de APIs seguras e encriptadas. Furious\u2122 n\u00e3o armazena o conte\u00fado da reuni\u00e3o, fluxos de \u00e1udio\/v\u00eddeo ou transcri\u00e7\u00f5es. <\/p>\n<p class=\"ai-optimize-98\">Utiliza\u00e7\u00e3o limitada: Os dados acess\u00edveis s\u00e3o utilizados exclusivamente para efeitos de planeamento e participa\u00e7\u00e3o em reuni\u00f5es. N\u00e3o s\u00e3o partilhados com terceiros nem utilizados para qualquer outro fim. <\/p>\n<p class=\"ai-optimize-99\">Conformidade: A utiliza\u00e7\u00e3o e a transfer\u00eancia de informa\u00e7\u00f5es recebidas das APIs do Google est\u00e3o em conformidade com a Pol\u00edtica de dados do utilizador dos servi\u00e7os de API do Google, incluindo os requisitos de utiliza\u00e7\u00e3o limitada.<\/p>\n<p class=\"ai-optimize-100\">Os utilizadores mant\u00eam a capacidade de gerir, retificar ou eliminar as suas informa\u00e7\u00f5es de integra\u00e7\u00e3o do Google Meet\u2122 a qualquer momento, de acordo com o RGPD e a nossa Pol\u00edtica de Prote\u00e7\u00e3o de Dados.<\/p>\n","protected":false},"excerpt":{"rendered":"<p>Pol\u00edtica do RGPD \u00daltima atualiza\u00e7\u00e3o em 30 de janeiro de 2025 O Regulamento Geral de Prote\u00e7\u00e3o de Dados (RGPD) introduz novas responsabilidades para empresas como a Furious que processam dados pessoais. O GDPR tamb\u00e9m d\u00e1 novos direitos \u00e0s pessoas cujos dados s\u00e3o processados, incluindo o direito de ser esquecido e o direito \u00e0 portabilidade dos [&hellip;]<\/p>\n","protected":false},"author":1,"featured_media":0,"parent":0,"menu_order":0,"comment_status":"closed","ping_status":"closed","template":"template-simple.php","meta":{"_acf_changed":false,"footnotes":""},"class_list":["post-103618","page","type-page","status-publish","hentry"],"acf":[],"yoast_head":"<!-- This site is optimized with the Yoast SEO Premium plugin v25.3 (Yoast SEO v27.4) - https:\/\/yoast.com\/product\/yoast-seo-premium-wordpress\/ -->\n<title>RGPD da ferramenta de gest\u00e3o Furious | Furious<\/title>\n<meta name=\"description\" content=\"A Furious \u00e9 a ferramenta mais completa do mercado para gerir a tua ag\u00eancia, consultoria ou ESN - cumprimos o RGPD.\" \/>\n<meta name=\"robots\" content=\"index, follow, max-snippet:-1, max-image-preview:large, max-video-preview:-1\" \/>\n<link rel=\"canonical\" href=\"https:\/\/furious-squad.com\/pt-pt\/rgpd-furious-3\/\" \/>\n<meta property=\"og:locale\" content=\"pt_PT\" \/>\n<meta property=\"og:type\" content=\"article\" \/>\n<meta property=\"og:title\" content=\"Ferramenta de gest\u00e3o do RGPD dos Furiosos\" \/>\n<meta property=\"og:description\" content=\"A Furious \u00e9 a ferramenta mais completa do mercado para gerir a tua ag\u00eancia, consultoria ou ESN - cumprimos o RGPD.\" \/>\n<meta property=\"og:url\" content=\"https:\/\/furious-squad.com\/pt-pt\/rgpd-furious-3\/\" \/>\n<meta property=\"og:site_name\" content=\"Furious\" \/>\n<meta property=\"article:modified_time\" content=\"2026-04-09T00:17:49+00:00\" \/>\n<meta name=\"twitter:card\" content=\"summary_large_image\" \/>\n<meta name=\"twitter:label1\" content=\"Tempo estimado de leitura\" \/>\n\t<meta name=\"twitter:data1\" content=\"9 minutos\" \/>\n<script type=\"application\/ld+json\" class=\"yoast-schema-graph\">{\"@context\":\"https:\\\/\\\/schema.org\",\"@graph\":[{\"@type\":\"WebPage\",\"@id\":\"https:\\\/\\\/furious-squad.com\\\/pt-pt\\\/rgpd-furious-3\\\/\",\"url\":\"https:\\\/\\\/furious-squad.com\\\/pt-pt\\\/rgpd-furious-3\\\/\",\"name\":\"RGPD da ferramenta de gest\u00e3o Furious | Furious\",\"isPartOf\":{\"@id\":\"https:\\\/\\\/www.furious-squad.com\\\/pt-pt\\\/#website\"},\"datePublished\":\"2026-02-27T14:50:38+00:00\",\"dateModified\":\"2026-04-09T00:17:49+00:00\",\"description\":\"A Furious \u00e9 a ferramenta mais completa do mercado para gerir a tua ag\u00eancia, consultoria ou ESN - cumprimos o RGPD.\",\"breadcrumb\":{\"@id\":\"https:\\\/\\\/furious-squad.com\\\/pt-pt\\\/rgpd-furious-3\\\/#breadcrumb\"},\"inLanguage\":\"pt-PT\",\"potentialAction\":[{\"@type\":\"ReadAction\",\"target\":[\"https:\\\/\\\/furious-squad.com\\\/pt-pt\\\/rgpd-furious-3\\\/\"]}]},{\"@type\":\"BreadcrumbList\",\"@id\":\"https:\\\/\\\/furious-squad.com\\\/pt-pt\\\/rgpd-furious-3\\\/#breadcrumb\",\"itemListElement\":[{\"@type\":\"ListItem\",\"position\":1,\"name\":\"Home\",\"item\":\"https:\\\/\\\/www.furious-squad.com\\\/pt-pt\\\/\"},{\"@type\":\"ListItem\",\"position\":2,\"name\":\"Ferramenta de gest\u00e3o do RGPD dos Furiosos\"}]},{\"@type\":\"WebSite\",\"@id\":\"https:\\\/\\\/www.furious-squad.com\\\/pt-pt\\\/#website\",\"url\":\"https:\\\/\\\/www.furious-squad.com\\\/pt-pt\\\/\",\"name\":\"Furious\",\"description\":\"\",\"potentialAction\":[{\"@type\":\"SearchAction\",\"target\":{\"@type\":\"EntryPoint\",\"urlTemplate\":\"https:\\\/\\\/www.furious-squad.com\\\/pt-pt\\\/?s={search_term_string}\"},\"query-input\":{\"@type\":\"PropertyValueSpecification\",\"valueRequired\":true,\"valueName\":\"search_term_string\"}}],\"inLanguage\":\"pt-PT\"}]}<\/script>\n<!-- \/ Yoast SEO Premium plugin. -->","yoast_head_json":{"title":"RGPD da ferramenta de gest\u00e3o Furious | Furious","description":"A Furious \u00e9 a ferramenta mais completa do mercado para gerir a tua ag\u00eancia, consultoria ou ESN - cumprimos o RGPD.","robots":{"index":"index","follow":"follow","max-snippet":"max-snippet:-1","max-image-preview":"max-image-preview:large","max-video-preview":"max-video-preview:-1"},"canonical":"https:\/\/furious-squad.com\/pt-pt\/rgpd-furious-3\/","og_locale":"pt_PT","og_type":"article","og_title":"Ferramenta de gest\u00e3o do RGPD dos Furiosos","og_description":"A Furious \u00e9 a ferramenta mais completa do mercado para gerir a tua ag\u00eancia, consultoria ou ESN - cumprimos o RGPD.","og_url":"https:\/\/furious-squad.com\/pt-pt\/rgpd-furious-3\/","og_site_name":"Furious","article_modified_time":"2026-04-09T00:17:49+00:00","twitter_card":"summary_large_image","twitter_misc":{"Tempo estimado de leitura":"9 minutos"},"schema":{"@context":"https:\/\/schema.org","@graph":[{"@type":"WebPage","@id":"https:\/\/furious-squad.com\/pt-pt\/rgpd-furious-3\/","url":"https:\/\/furious-squad.com\/pt-pt\/rgpd-furious-3\/","name":"RGPD da ferramenta de gest\u00e3o Furious | Furious","isPartOf":{"@id":"https:\/\/www.furious-squad.com\/pt-pt\/#website"},"datePublished":"2026-02-27T14:50:38+00:00","dateModified":"2026-04-09T00:17:49+00:00","description":"A Furious \u00e9 a ferramenta mais completa do mercado para gerir a tua ag\u00eancia, consultoria ou ESN - cumprimos o RGPD.","breadcrumb":{"@id":"https:\/\/furious-squad.com\/pt-pt\/rgpd-furious-3\/#breadcrumb"},"inLanguage":"pt-PT","potentialAction":[{"@type":"ReadAction","target":["https:\/\/furious-squad.com\/pt-pt\/rgpd-furious-3\/"]}]},{"@type":"BreadcrumbList","@id":"https:\/\/furious-squad.com\/pt-pt\/rgpd-furious-3\/#breadcrumb","itemListElement":[{"@type":"ListItem","position":1,"name":"Home","item":"https:\/\/www.furious-squad.com\/pt-pt\/"},{"@type":"ListItem","position":2,"name":"Ferramenta de gest\u00e3o do RGPD dos Furiosos"}]},{"@type":"WebSite","@id":"https:\/\/www.furious-squad.com\/pt-pt\/#website","url":"https:\/\/www.furious-squad.com\/pt-pt\/","name":"Furious","description":"","potentialAction":[{"@type":"SearchAction","target":{"@type":"EntryPoint","urlTemplate":"https:\/\/www.furious-squad.com\/pt-pt\/?s={search_term_string}"},"query-input":{"@type":"PropertyValueSpecification","valueRequired":true,"valueName":"search_term_string"}}],"inLanguage":"pt-PT"}]}},"_links":{"self":[{"href":"https:\/\/furious-squad.com\/pt-pt\/wp-json\/wp\/v2\/pages\/103618","targetHints":{"allow":["GET"]}}],"collection":[{"href":"https:\/\/furious-squad.com\/pt-pt\/wp-json\/wp\/v2\/pages"}],"about":[{"href":"https:\/\/furious-squad.com\/pt-pt\/wp-json\/wp\/v2\/types\/page"}],"author":[{"embeddable":true,"href":"https:\/\/furious-squad.com\/pt-pt\/wp-json\/wp\/v2\/users\/1"}],"replies":[{"embeddable":true,"href":"https:\/\/furious-squad.com\/pt-pt\/wp-json\/wp\/v2\/comments?post=103618"}],"version-history":[{"count":2,"href":"https:\/\/furious-squad.com\/pt-pt\/wp-json\/wp\/v2\/pages\/103618\/revisions"}],"predecessor-version":[{"id":108846,"href":"https:\/\/furious-squad.com\/pt-pt\/wp-json\/wp\/v2\/pages\/103618\/revisions\/108846"}],"wp:attachment":[{"href":"https:\/\/furious-squad.com\/pt-pt\/wp-json\/wp\/v2\/media?parent=103618"}],"curies":[{"name":"wp","href":"https:\/\/api.w.org\/{rel}","templated":true}]}}