{"id":103617,"date":"2026-03-02T12:41:03","date_gmt":"2026-03-02T11:41:03","guid":{"rendered":"https:\/\/furious.digitz.dev\/politica-de-protecao-de-dados\/"},"modified":"2026-04-08T14:13:16","modified_gmt":"2026-04-08T12:13:16","slug":"politica-de-protecao-de-dados","status":"publish","type":"page","link":"https:\/\/furious-squad.com\/pt-pt\/politica-de-protecao-de-dados\/","title":{"rendered":"Pol\u00edtica de prote\u00e7\u00e3o de dados"},"content":{"rendered":"<h2>Acordo de processamento de dados<\/h2>\n<p><b>Data efectiva:<\/b> 24 de setembro de 2025<br \/>\n<b>Partes:<\/b> Este APD faz parte do acordo entre <b>a Furious<\/b> (<b>&#8220;Processador<\/b>&#8220;) e o cliente que adquire ou utiliza os Servi\u00e7os (<b>&#8220;Controlador<\/b>&#8220;).<\/p>\n<p>Ao executarem uma Encomenda ou ao utilizarem os Servi\u00e7os, o Respons\u00e1vel pelo Tratamento e o Subcontratante concordam com esta APD.<\/p>\n<h3>1) Fun\u00e7\u00f5es, \u00e2mbito e instru\u00e7\u00f5es<\/h3>\n<ul>\n<li aria-level=\"1\"><b>Fun\u00e7\u00f5es.<\/b>  O respons\u00e1vel pelo tratamento determina as finalidades e os meios; o subcontratante trata os dados pessoais em nome do respons\u00e1vel pelo tratamento.<\/li>\n<li aria-level=\"1\"><b>Alcance.<\/b>  O processamento limita-se a fornecer, manter e apoiar os Servi\u00e7os conforme descrito no Contrato.<\/li>\n<li aria-level=\"1\"><b>Instru\u00e7\u00f5es.<\/b> O Processador processa os Dados Pessoais <b>apenas<\/b> de acordo com as instru\u00e7\u00f5es documentadas do Controlador (o Acordo e esta APD constituem as instru\u00e7\u00f5es completas), incluindo para quaisquer transfer\u00eancias internacionais.<\/li>\n<\/ul>\n<h3>2) Confidencialidade<\/h3>\n<p>O Subcontratante garante que as pessoas autorizadas a tratar os Dados Pessoais est\u00e3o vinculadas a obriga\u00e7\u00f5es de confidencialidade.<\/p>\n<h3>3) Seguran\u00e7a<\/h3>\n<p>O Processador implementa medidas t\u00e9cnicas e organizacionais adequadas concebidas para proteger os Dados Pessoais contra destrui\u00e7\u00e3o, perda, altera\u00e7\u00e3o, divulga\u00e7\u00e3o ou acesso acidentais ou ilegais (as medidas pormenorizadas podem ser descritas numa p\u00e1gina separada e <b>n\u00e3o<\/b> fazem parte desta DPA). <\/p>\n<h3>4) Subprocessadores<\/h3>\n<ul>\n<li aria-level=\"1\"><b>Autoriza\u00e7\u00e3o geral.<\/b> O Controlador autoriza o Processador a contratar os Subprocessadores indicados na <b>Sec\u00e7\u00e3o 12<\/b>.<\/li>\n<li aria-level=\"1\"><b>Desloca-te.<\/b>  O Subcontratante imp\u00f5e obriga\u00e7\u00f5es de prote\u00e7\u00e3o de dados aos Subcontratantes n\u00e3o menos protectoras do que as previstas na presente APD.<\/li>\n<li aria-level=\"1\"><b>Actualiza.<\/b>  A lista de subprocessadores pode ser actualizada atrav\u00e9s da atualiza\u00e7\u00e3o desta p\u00e1gina.<\/li>\n<\/ul>\n<h3>5) Apoio<\/h3>\n<p>Tendo em conta a natureza do tratamento e as informa\u00e7\u00f5es de que disp\u00f5e, o Subcontratante prestar\u00e1 uma assist\u00eancia <b>razo\u00e1vel<\/b> ao Respons\u00e1vel pelo Tratamento no que respeita aos pedidos dos titulares dos dados e \u00e0s obriga\u00e7\u00f5es previstas nos artigos 32\u00ba a 36\u00ba do RGPD. O Subcontratante pode cobrar taxas razo\u00e1veis pela assist\u00eancia n\u00e3o inerente aos Servi\u00e7os. <\/p>\n<h3>6) Viola\u00e7\u00e3o de dados pessoais<\/h3>\n<p>O Subcontratante notificar\u00e1 o Respons\u00e1vel pelo Tratamento <b>, sem demora injustificada<\/b>, ap\u00f3s tomar conhecimento de uma Viola\u00e7\u00e3o de Dados Pessoais que afecte os Dados Pessoais tratados em nome do Respons\u00e1vel pelo Tratamento e fornecer\u00e1 as informa\u00e7\u00f5es razoavelmente dispon\u00edveis para ajudar o Respons\u00e1vel pelo Tratamento a cumprir as suas obriga\u00e7\u00f5es.<\/p>\n<h3>7) Devolu\u00e7\u00e3o e elimina\u00e7\u00e3o<\/h3>\n<p>Ap\u00f3s a cessa\u00e7\u00e3o ou expira\u00e7\u00e3o dos Servi\u00e7os, o Processador <b>eliminar\u00e1<\/b> os Dados Pessoais dentro de um per\u00edodo comercialmente razo\u00e1vel, sujeito \u00e0 reten\u00e7\u00e3o m\u00ednima de c\u00f3pias de seguran\u00e7a\/arquivo exigida por lei (a devolu\u00e7\u00e3o n\u00e3o \u00e9 oferecida, a menos que seja legalmente exigida). <\/p>\n<h3>8) Auditorias e informa\u00e7\u00f5es<\/h3>\n<p>O Processador disponibilizar\u00e1 as informa\u00e7\u00f5es necess\u00e1rias para demonstrar a conformidade com esta APD e, mediante pedido razo\u00e1vel, fornecer\u00e1 relat\u00f3rios independentes recentes ou outras informa\u00e7\u00f5es (que podem incluir resumos). As auditorias\/inspec\u00e7\u00f5es formais ocorrem apenas quando exigido por lei ou quando as informa\u00e7\u00f5es fornecidas s\u00e3o insuficientes, <b>n\u00e3o mais do que uma vez a cada 12 meses<\/b>, com aviso pr\u00e9vio razo\u00e1vel, durante o hor\u00e1rio normal de expediente e sem perturba\u00e7\u00f5es indevidas. Cada parte suporta os seus pr\u00f3prios custos; o Respons\u00e1vel pelo Tratamento reembolsa os custos razo\u00e1veis do Processador.  <\/p>\n<h3>9) Transfer\u00eancias internacionais<\/h3>\n<p>Quando os dados pessoais s\u00e3o transferidos para fora do EEE\/Reino Unido na aus\u00eancia de uma decis\u00e3o de adequa\u00e7\u00e3o, a  <b>Cl\u00e1usulas contratuais-tipo da UE (2021\/914, m\u00f3dulos 2 e\/ou 3)<\/b> e, se for caso disso, o  <b>A Adenda do Reino Unido<\/b> aplica-se por refer\u00eancia e faz parte da presente DPA, sendo o Respons\u00e1vel pelo Tratamento o &#8220;exportador de dados&#8221; e o Subcontratante (ou o Subcontratante relevante) o &#8220;importador de dados&#8221;.<\/p>\n<h3>10) Registos e coopera\u00e7\u00e3o<\/h3>\n<p>O subcontratante mant\u00e9m os registos exigidos pelo n.\u00ba 2 do artigo 30.\u00ba do RGPD e faculta-os \u00e0s autoridades de supervis\u00e3o, mediante pedido.<\/p>\n<h3>11) Responsabilidade e preced\u00eancia<\/h3>\n<p>A responsabilidade \u00e9 regida pelas limita\u00e7\u00f5es e exclus\u00f5es do Acordo. Em caso de conflito, esta APD controla na medida em que diz respeito ao processamento de Dados Pessoais. <\/p>\n<h3>12) Subprocessadores (lista ativa)<\/h3>\n<p><b>Local de processamento:<\/b> UE por defeito.<\/p>\n<table>\n<tbody>\n<tr>\n<td><b>Subprocessador<\/b><\/td>\n<td><b>Finalidade<\/b><\/td>\n<td><b>Local de processamento<\/b><\/td>\n<td><b>Categorias de dados pessoais<\/b><\/td>\n<td><b>Mais informa\u00e7\u00f5es<\/b><\/td>\n<\/tr>\n<tr>\n<td><b>Amazon Web Services, Inc (AWS) <\/b><\/td>\n<td>Alojamento e infraestrutura para os Servi\u00e7os<\/td>\n<td>Regi\u00f5es da UE por defeito (por exemplo, Dublin\/Frankfurt)<\/td>\n<td>Dados da conta do cliente\/utilizador final e dados de utiliza\u00e7\u00e3o\/registo armazenados nos Servi\u00e7os<\/td>\n<td>aws.amazon.com<\/td>\n<\/tr>\n<tr>\n<td><b>Empresa Intercom R&amp;D Unlimited<\/b><\/td>\n<td>Ferramentas de apoio ao cliente (mensagens na aplica\u00e7\u00e3o, helpdesk)<\/td>\n<td>UE\/EEE por defeito (sujeito ao encaminhamento regional da Intercom)<\/td>\n<td>Dados de contacto do cliente\/administrador e metadados de conversas de apoio<\/td>\n<td>intercom.com\/legal<\/td>\n<\/tr>\n<\/tbody>\n<\/table>\n<h3>Anexo A &#8211; Dados relativos ao tratamento (n.\u00ba 3 do artigo 28.\u00ba do RGPD)<\/h3>\n<ul>\n<li aria-level=\"1\"><b>Objeto:<\/b> Presta\u00e7\u00e3o e apoio dos servi\u00e7os Furious.<\/li>\n<li aria-level=\"1\"><b>Dura\u00e7\u00e3o:<\/b> Termo do Acordo mais reten\u00e7\u00e3o limitada de c\u00f3pias de seguran\u00e7a\/arquivo.<\/li>\n<li aria-level=\"1\"><b>Natureza e finalidade:<\/b> Alojamento, armazenamento, transmiss\u00e3o, visualiza\u00e7\u00e3o e processamento necess\u00e1rios para fornecer os Servi\u00e7os; apoio; an\u00e1lise de servi\u00e7os no produto.<\/li>\n<li aria-level=\"1\"><b>Tipos de dados pessoais:<\/b> Detalhes de contacto (por exemplo, nomes, e-mails), dados de conta\/perfil, conte\u00fado carregado pelo Controlador (conforme determinado pelo Controlador), utiliza\u00e7\u00e3o do servi\u00e7o\/dados de registo.<\/li>\n<li aria-level=\"1\"><b>Categorias de titulares de dados:<\/b> empregados do Respons\u00e1vel pelo tratamento, contratantes e utilizadores finais (conforme determinado pelo Respons\u00e1vel pelo tratamento).<\/li>\n<li aria-level=\"1\"><b>Obriga\u00e7\u00f5es do respons\u00e1vel pelo tratamento:<\/b> Fornecer instru\u00e7\u00f5es legais e garantir uma base jur\u00eddica v\u00e1lida.<\/li>\n<\/ul>\n<h3>Anexo B &#8211; Utiliza\u00e7\u00e3o dos dados de utilizador do Google<\/h3>\n<p>1. Acesso e utiliza\u00e7\u00e3o: A aplica\u00e7\u00e3o Furious pode aceder a determinados dados de utilizador do Google atrav\u00e9s de APIs do Google (por exemplo, Gmail, Calend\u00e1rio ou Drive) estritamente para fornecer e melhorar os Servi\u00e7os Furious.- Apenas os dados m\u00ednimos necess\u00e1rios para a funcionalidade solicitada s\u00e3o acedidos.- Os dados de utilizador do Google n\u00e3o s\u00e3o utilizados para fins publicit\u00e1rios ou de marketing.- Os dados de utilizador do Google nunca s\u00e3o vendidos ou alugados.<\/p>\n<p>2. Partilha e divulga\u00e7\u00e3o: Os dados do utilizador do Google n\u00e3o s\u00e3o partilhados com terceiros, exceto:- Com os subprocessadores listados na Sec\u00e7\u00e3o 12 desta APD, apenas para fornecer alojamento e suporte t\u00e9cnico para os Servi\u00e7os Furious;- Conforme exigido por lei ou processo legal;- Com o consentimento expl\u00edcito do Controlador.<\/p>\n<p>3. Armazenamento e reten\u00e7\u00e3o: Os dados do utilizador do Google s\u00e3o armazenados de forma segura em servidores localizados na Uni\u00e3o Europeia (por exemplo, AWS em Dublin ou Frankfurt). Esses dados s\u00e3o retidos apenas durante o tempo necess\u00e1rio para fornecer os Servi\u00e7os ou conforme exigido por lei.<\/p>\n<p>4. Controlo e elimina\u00e7\u00e3o do utilizador: Os utilizadores podem revogar o acesso da Furious aos seus dados Google a qualquer momento atrav\u00e9s das defini\u00e7\u00f5es da sua conta Google<br \/>\n: https:\/\/myaccount.google.com\/permissions. Ap\u00f3s a revoga\u00e7\u00e3o ou exclus\u00e3o da conta, Furious exclui os dados do Google associados dentro de um per\u00edodo comercialmente razo\u00e1vel. 5. Conformidade: A utiliza\u00e7\u00e3o pela Furious dos dados de utilizador do Google est\u00e1 em conformidade com a Pol\u00edtica de dados de utilizador dos servi\u00e7os API do Google, incluindo os requisitos de utiliza\u00e7\u00e3o limitada: https:\/\/developers.google.com\/terms\/api-services-user-data-policy<\/p>\n","protected":false},"excerpt":{"rendered":"<p>Acordo de processamento de dados Data efectiva: 24 de setembro de 2025 Partes: Este APD faz parte do acordo entre a Furious (&#8220;Processador&#8220;) e o cliente que adquire ou utiliza os Servi\u00e7os (&#8220;Controlador&#8220;). Ao executarem uma Encomenda ou ao utilizarem os Servi\u00e7os, o Respons\u00e1vel pelo Tratamento e o Subcontratante concordam com esta APD. 1) Fun\u00e7\u00f5es, [&hellip;]<\/p>\n","protected":false},"author":1,"featured_media":0,"parent":0,"menu_order":0,"comment_status":"closed","ping_status":"closed","template":"template-simple.php","meta":{"_acf_changed":false,"footnotes":""},"class_list":["post-103617","page","type-page","status-publish","hentry"],"acf":[],"yoast_head":"<!-- This site is optimized with the Yoast SEO Premium plugin v25.3 (Yoast SEO v27.4) - https:\/\/yoast.com\/product\/yoast-seo-premium-wordpress\/ -->\n<title>Pol\u00edtica de prote\u00e7\u00e3o de dados | Furious<\/title>\n<meta name=\"description\" content=\"A Furious respeita os teus dados e, com este objetivo, apresentamos-te a nossa pol\u00edtica de prote\u00e7\u00e3o de dados. Est\u00e1s \u00e0 vontade para colocar qualquer quest\u00e3o\" \/>\n<meta name=\"robots\" content=\"index, follow, max-snippet:-1, max-image-preview:large, max-video-preview:-1\" \/>\n<link rel=\"canonical\" href=\"https:\/\/furious-squad.com\/pt-pt\/politica-de-protecao-de-dados\/\" \/>\n<meta property=\"og:locale\" content=\"pt_PT\" \/>\n<meta property=\"og:type\" content=\"article\" \/>\n<meta property=\"og:title\" content=\"Pol\u00edtica de prote\u00e7\u00e3o de dados\" \/>\n<meta property=\"og:description\" content=\"A Furious respeita os teus dados e, com este objetivo, apresentamos-te a nossa pol\u00edtica de prote\u00e7\u00e3o de dados. Est\u00e1s \u00e0 vontade para colocar qualquer quest\u00e3o\" \/>\n<meta property=\"og:url\" content=\"https:\/\/furious-squad.com\/pt-pt\/politica-de-protecao-de-dados\/\" \/>\n<meta property=\"og:site_name\" content=\"Furious\" \/>\n<meta property=\"article:modified_time\" content=\"2026-04-08T12:13:16+00:00\" \/>\n<meta name=\"twitter:card\" content=\"summary_large_image\" \/>\n<meta name=\"twitter:label1\" content=\"Tempo estimado de leitura\" \/>\n\t<meta name=\"twitter:data1\" content=\"6 minutos\" \/>\n<script type=\"application\/ld+json\" class=\"yoast-schema-graph\">{\"@context\":\"https:\\\/\\\/schema.org\",\"@graph\":[{\"@type\":\"WebPage\",\"@id\":\"https:\\\/\\\/furious-squad.com\\\/pt-pt\\\/politica-de-protecao-de-dados\\\/\",\"url\":\"https:\\\/\\\/furious-squad.com\\\/pt-pt\\\/politica-de-protecao-de-dados\\\/\",\"name\":\"Pol\u00edtica de prote\u00e7\u00e3o de dados | Furious\",\"isPartOf\":{\"@id\":\"https:\\\/\\\/www.furious-squad.com\\\/pt-pt\\\/#website\"},\"datePublished\":\"2026-03-02T11:41:03+00:00\",\"dateModified\":\"2026-04-08T12:13:16+00:00\",\"description\":\"A Furious respeita os teus dados e, com este objetivo, apresentamos-te a nossa pol\u00edtica de prote\u00e7\u00e3o de dados. Est\u00e1s \u00e0 vontade para colocar qualquer quest\u00e3o\",\"breadcrumb\":{\"@id\":\"https:\\\/\\\/furious-squad.com\\\/pt-pt\\\/politica-de-protecao-de-dados\\\/#breadcrumb\"},\"inLanguage\":\"pt-PT\",\"potentialAction\":[{\"@type\":\"ReadAction\",\"target\":[\"https:\\\/\\\/furious-squad.com\\\/pt-pt\\\/politica-de-protecao-de-dados\\\/\"]}]},{\"@type\":\"BreadcrumbList\",\"@id\":\"https:\\\/\\\/furious-squad.com\\\/pt-pt\\\/politica-de-protecao-de-dados\\\/#breadcrumb\",\"itemListElement\":[{\"@type\":\"ListItem\",\"position\":1,\"name\":\"Home\",\"item\":\"https:\\\/\\\/www.furious-squad.com\\\/pt-pt\\\/\"},{\"@type\":\"ListItem\",\"position\":2,\"name\":\"Pol\u00edtica de prote\u00e7\u00e3o de dados\"}]},{\"@type\":\"WebSite\",\"@id\":\"https:\\\/\\\/www.furious-squad.com\\\/pt-pt\\\/#website\",\"url\":\"https:\\\/\\\/www.furious-squad.com\\\/pt-pt\\\/\",\"name\":\"Furious\",\"description\":\"\",\"potentialAction\":[{\"@type\":\"SearchAction\",\"target\":{\"@type\":\"EntryPoint\",\"urlTemplate\":\"https:\\\/\\\/www.furious-squad.com\\\/pt-pt\\\/?s={search_term_string}\"},\"query-input\":{\"@type\":\"PropertyValueSpecification\",\"valueRequired\":true,\"valueName\":\"search_term_string\"}}],\"inLanguage\":\"pt-PT\"}]}<\/script>\n<!-- \/ Yoast SEO Premium plugin. -->","yoast_head_json":{"title":"Pol\u00edtica de prote\u00e7\u00e3o de dados | Furious","description":"A Furious respeita os teus dados e, com este objetivo, apresentamos-te a nossa pol\u00edtica de prote\u00e7\u00e3o de dados. Est\u00e1s \u00e0 vontade para colocar qualquer quest\u00e3o","robots":{"index":"index","follow":"follow","max-snippet":"max-snippet:-1","max-image-preview":"max-image-preview:large","max-video-preview":"max-video-preview:-1"},"canonical":"https:\/\/furious-squad.com\/pt-pt\/politica-de-protecao-de-dados\/","og_locale":"pt_PT","og_type":"article","og_title":"Pol\u00edtica de prote\u00e7\u00e3o de dados","og_description":"A Furious respeita os teus dados e, com este objetivo, apresentamos-te a nossa pol\u00edtica de prote\u00e7\u00e3o de dados. Est\u00e1s \u00e0 vontade para colocar qualquer quest\u00e3o","og_url":"https:\/\/furious-squad.com\/pt-pt\/politica-de-protecao-de-dados\/","og_site_name":"Furious","article_modified_time":"2026-04-08T12:13:16+00:00","twitter_card":"summary_large_image","twitter_misc":{"Tempo estimado de leitura":"6 minutos"},"schema":{"@context":"https:\/\/schema.org","@graph":[{"@type":"WebPage","@id":"https:\/\/furious-squad.com\/pt-pt\/politica-de-protecao-de-dados\/","url":"https:\/\/furious-squad.com\/pt-pt\/politica-de-protecao-de-dados\/","name":"Pol\u00edtica de prote\u00e7\u00e3o de dados | Furious","isPartOf":{"@id":"https:\/\/www.furious-squad.com\/pt-pt\/#website"},"datePublished":"2026-03-02T11:41:03+00:00","dateModified":"2026-04-08T12:13:16+00:00","description":"A Furious respeita os teus dados e, com este objetivo, apresentamos-te a nossa pol\u00edtica de prote\u00e7\u00e3o de dados. Est\u00e1s \u00e0 vontade para colocar qualquer quest\u00e3o","breadcrumb":{"@id":"https:\/\/furious-squad.com\/pt-pt\/politica-de-protecao-de-dados\/#breadcrumb"},"inLanguage":"pt-PT","potentialAction":[{"@type":"ReadAction","target":["https:\/\/furious-squad.com\/pt-pt\/politica-de-protecao-de-dados\/"]}]},{"@type":"BreadcrumbList","@id":"https:\/\/furious-squad.com\/pt-pt\/politica-de-protecao-de-dados\/#breadcrumb","itemListElement":[{"@type":"ListItem","position":1,"name":"Home","item":"https:\/\/www.furious-squad.com\/pt-pt\/"},{"@type":"ListItem","position":2,"name":"Pol\u00edtica de prote\u00e7\u00e3o de dados"}]},{"@type":"WebSite","@id":"https:\/\/www.furious-squad.com\/pt-pt\/#website","url":"https:\/\/www.furious-squad.com\/pt-pt\/","name":"Furious","description":"","potentialAction":[{"@type":"SearchAction","target":{"@type":"EntryPoint","urlTemplate":"https:\/\/www.furious-squad.com\/pt-pt\/?s={search_term_string}"},"query-input":{"@type":"PropertyValueSpecification","valueRequired":true,"valueName":"search_term_string"}}],"inLanguage":"pt-PT"}]}},"_links":{"self":[{"href":"https:\/\/furious-squad.com\/pt-pt\/wp-json\/wp\/v2\/pages\/103617","targetHints":{"allow":["GET"]}}],"collection":[{"href":"https:\/\/furious-squad.com\/pt-pt\/wp-json\/wp\/v2\/pages"}],"about":[{"href":"https:\/\/furious-squad.com\/pt-pt\/wp-json\/wp\/v2\/types\/page"}],"author":[{"embeddable":true,"href":"https:\/\/furious-squad.com\/pt-pt\/wp-json\/wp\/v2\/users\/1"}],"replies":[{"embeddable":true,"href":"https:\/\/furious-squad.com\/pt-pt\/wp-json\/wp\/v2\/comments?post=103617"}],"version-history":[{"count":1,"href":"https:\/\/furious-squad.com\/pt-pt\/wp-json\/wp\/v2\/pages\/103617\/revisions"}],"predecessor-version":[{"id":105030,"href":"https:\/\/furious-squad.com\/pt-pt\/wp-json\/wp\/v2\/pages\/103617\/revisions\/105030"}],"wp:attachment":[{"href":"https:\/\/furious-squad.com\/pt-pt\/wp-json\/wp\/v2\/media?parent=103617"}],"curies":[{"name":"wp","href":"https:\/\/api.w.org\/{rel}","templated":true}]}}