{"id":103608,"date":"2026-03-04T02:09:42","date_gmt":"2026-03-04T01:09:42","guid":{"rendered":"https:\/\/furious.digitz.dev\/software-completo-de-gestao-de-consultoria\/"},"modified":"2026-04-10T10:25:54","modified_gmt":"2026-04-10T08:25:54","slug":"gestao-de-consultoria-e-auditoria","status":"publish","type":"page","link":"https:\/\/furious-squad.com\/pt-pt\/setor\/gestao-de-consultoria-e-auditoria\/","title":{"rendered":"Software completo para a gest\u00e3o de empresas de consultoria"},"content":{"rendered":"","protected":false},"excerpt":{"rendered":"","protected":false},"author":1,"featured_media":0,"parent":103664,"menu_order":0,"comment_status":"closed","ping_status":"closed","template":"","meta":{"_acf_changed":false,"footnotes":""},"class_list":["post-103608","page","type-page","status-publish","hentry"],"acf":[],"yoast_head":"<!-- This site is optimized with the Yoast SEO Premium plugin v25.3 (Yoast SEO v27.4) - https:\/\/yoast.com\/product\/yoast-seo-premium-wordpress\/ -->\n<title>Software completo para a gest\u00e3o de empresas de consultoria | Furious<\/title>\n<meta name=\"description\" content=\"Gest\u00e3o de fatura\u00e7\u00e3o, RH, gest\u00e3o do tempo de projetos... A nossa ferramenta \u00e9 o parceiro ideal para uma rentabilidade otimizada das suas miss\u00f5es\" \/>\n<meta name=\"robots\" content=\"index, follow, max-snippet:-1, max-image-preview:large, max-video-preview:-1\" \/>\n<link rel=\"canonical\" href=\"https:\/\/furious-squad.com\/pt-pt\/setor\/gestao-de-consultoria-e-auditoria\/\" \/>\n<meta property=\"og:locale\" content=\"pt_PT\" \/>\n<meta property=\"og:type\" content=\"article\" \/>\n<meta property=\"og:title\" content=\"Software completo para a gest\u00e3o de empresas de consultoria\" \/>\n<meta property=\"og:description\" content=\"Gest\u00e3o de fatura\u00e7\u00e3o, RH, gest\u00e3o do tempo de projetos... A nossa ferramenta \u00e9 o parceiro ideal para uma rentabilidade otimizada das suas miss\u00f5es\" \/>\n<meta property=\"og:url\" content=\"https:\/\/furious-squad.com\/pt-pt\/setor\/gestao-de-consultoria-e-auditoria\/\" \/>\n<meta property=\"og:site_name\" content=\"Furious\" \/>\n<meta property=\"article:modified_time\" content=\"2026-04-10T08:25:54+00:00\" \/>\n<meta name=\"twitter:card\" content=\"summary_large_image\" \/>\n<script type=\"application\/ld+json\" class=\"yoast-schema-graph\">{\"@context\":\"https:\\\/\\\/schema.org\",\"@graph\":[{\"@type\":\"WebPage\",\"@id\":\"https:\\\/\\\/furious-squad.com\\\/pt-pt\\\/setor\\\/gestao-de-consultoria-e-auditoria\\\/\",\"url\":\"https:\\\/\\\/furious-squad.com\\\/pt-pt\\\/setor\\\/gestao-de-consultoria-e-auditoria\\\/\",\"name\":\"Software completo para a gest\u00e3o de empresas de consultoria | Furious\",\"isPartOf\":{\"@id\":\"https:\\\/\\\/www.furious-squad.com\\\/pt-pt\\\/#website\"},\"datePublished\":\"2026-03-04T01:09:42+00:00\",\"dateModified\":\"2026-04-10T08:25:54+00:00\",\"description\":\"Gest\u00e3o de fatura\u00e7\u00e3o, RH, gest\u00e3o do tempo de projetos... A nossa ferramenta \u00e9 o parceiro ideal para uma rentabilidade otimizada das suas miss\u00f5es\",\"breadcrumb\":{\"@id\":\"https:\\\/\\\/furious-squad.com\\\/pt-pt\\\/setor\\\/gestao-de-consultoria-e-auditoria\\\/#breadcrumb\"},\"inLanguage\":\"pt-PT\",\"potentialAction\":[{\"@type\":\"ReadAction\",\"target\":[\"https:\\\/\\\/furious-squad.com\\\/pt-pt\\\/setor\\\/gestao-de-consultoria-e-auditoria\\\/\"]}]},{\"@type\":\"BreadcrumbList\",\"@id\":\"https:\\\/\\\/furious-squad.com\\\/pt-pt\\\/setor\\\/gestao-de-consultoria-e-auditoria\\\/#breadcrumb\",\"itemListElement\":[{\"@type\":\"ListItem\",\"position\":1,\"name\":\"Home\",\"item\":\"https:\\\/\\\/www.furious-squad.com\\\/pt-pt\\\/\"},{\"@type\":\"ListItem\",\"position\":2,\"name\":\"Setor\",\"item\":\"https:\\\/\\\/www.furious-squad.com\\\/pt-pt\\\/secteur\\\/\"},{\"@type\":\"ListItem\",\"position\":3,\"name\":\"Software completo para a gest\u00e3o de empresas de consultoria\"}]},{\"@type\":\"WebSite\",\"@id\":\"https:\\\/\\\/www.furious-squad.com\\\/pt-pt\\\/#website\",\"url\":\"https:\\\/\\\/www.furious-squad.com\\\/pt-pt\\\/\",\"name\":\"Furious\",\"description\":\"\",\"potentialAction\":[{\"@type\":\"SearchAction\",\"target\":{\"@type\":\"EntryPoint\",\"urlTemplate\":\"https:\\\/\\\/www.furious-squad.com\\\/pt-pt\\\/?s={search_term_string}\"},\"query-input\":{\"@type\":\"PropertyValueSpecification\",\"valueRequired\":true,\"valueName\":\"search_term_string\"}}],\"inLanguage\":\"pt-PT\"}]}<\/script>\n<!-- \/ Yoast SEO Premium plugin. -->","yoast_head_json":{"title":"Software completo para a gest\u00e3o de empresas de consultoria | Furious","description":"Gest\u00e3o de fatura\u00e7\u00e3o, RH, gest\u00e3o do tempo de projetos... A nossa ferramenta \u00e9 o parceiro ideal para uma rentabilidade otimizada das suas miss\u00f5es","robots":{"index":"index","follow":"follow","max-snippet":"max-snippet:-1","max-image-preview":"max-image-preview:large","max-video-preview":"max-video-preview:-1"},"canonical":"https:\/\/furious-squad.com\/pt-pt\/setor\/gestao-de-consultoria-e-auditoria\/","og_locale":"pt_PT","og_type":"article","og_title":"Software completo para a gest\u00e3o de empresas de consultoria","og_description":"Gest\u00e3o de fatura\u00e7\u00e3o, RH, gest\u00e3o do tempo de projetos... A nossa ferramenta \u00e9 o parceiro ideal para uma rentabilidade otimizada das suas miss\u00f5es","og_url":"https:\/\/furious-squad.com\/pt-pt\/setor\/gestao-de-consultoria-e-auditoria\/","og_site_name":"Furious","article_modified_time":"2026-04-10T08:25:54+00:00","twitter_card":"summary_large_image","schema":{"@context":"https:\/\/schema.org","@graph":[{"@type":"WebPage","@id":"https:\/\/furious-squad.com\/pt-pt\/setor\/gestao-de-consultoria-e-auditoria\/","url":"https:\/\/furious-squad.com\/pt-pt\/setor\/gestao-de-consultoria-e-auditoria\/","name":"Software completo para a gest\u00e3o de empresas de consultoria | Furious","isPartOf":{"@id":"https:\/\/www.furious-squad.com\/pt-pt\/#website"},"datePublished":"2026-03-04T01:09:42+00:00","dateModified":"2026-04-10T08:25:54+00:00","description":"Gest\u00e3o de fatura\u00e7\u00e3o, RH, gest\u00e3o do tempo de projetos... A nossa ferramenta \u00e9 o parceiro ideal para uma rentabilidade otimizada das suas miss\u00f5es","breadcrumb":{"@id":"https:\/\/furious-squad.com\/pt-pt\/setor\/gestao-de-consultoria-e-auditoria\/#breadcrumb"},"inLanguage":"pt-PT","potentialAction":[{"@type":"ReadAction","target":["https:\/\/furious-squad.com\/pt-pt\/setor\/gestao-de-consultoria-e-auditoria\/"]}]},{"@type":"BreadcrumbList","@id":"https:\/\/furious-squad.com\/pt-pt\/setor\/gestao-de-consultoria-e-auditoria\/#breadcrumb","itemListElement":[{"@type":"ListItem","position":1,"name":"Home","item":"https:\/\/www.furious-squad.com\/pt-pt\/"},{"@type":"ListItem","position":2,"name":"Setor","item":"https:\/\/www.furious-squad.com\/pt-pt\/secteur\/"},{"@type":"ListItem","position":3,"name":"Software completo para a gest\u00e3o de empresas de consultoria"}]},{"@type":"WebSite","@id":"https:\/\/www.furious-squad.com\/pt-pt\/#website","url":"https:\/\/www.furious-squad.com\/pt-pt\/","name":"Furious","description":"","potentialAction":[{"@type":"SearchAction","target":{"@type":"EntryPoint","urlTemplate":"https:\/\/www.furious-squad.com\/pt-pt\/?s={search_term_string}"},"query-input":{"@type":"PropertyValueSpecification","valueRequired":true,"valueName":"search_term_string"}}],"inLanguage":"pt-PT"}]}},"_links":{"self":[{"href":"https:\/\/furious-squad.com\/pt-pt\/wp-json\/wp\/v2\/pages\/103608","targetHints":{"allow":["GET"]}}],"collection":[{"href":"https:\/\/furious-squad.com\/pt-pt\/wp-json\/wp\/v2\/pages"}],"about":[{"href":"https:\/\/furious-squad.com\/pt-pt\/wp-json\/wp\/v2\/types\/page"}],"author":[{"embeddable":true,"href":"https:\/\/furious-squad.com\/pt-pt\/wp-json\/wp\/v2\/users\/1"}],"replies":[{"embeddable":true,"href":"https:\/\/furious-squad.com\/pt-pt\/wp-json\/wp\/v2\/comments?post=103608"}],"version-history":[{"count":4,"href":"https:\/\/furious-squad.com\/pt-pt\/wp-json\/wp\/v2\/pages\/103608\/revisions"}],"predecessor-version":[{"id":110124,"href":"https:\/\/furious-squad.com\/pt-pt\/wp-json\/wp\/v2\/pages\/103608\/revisions\/110124"}],"up":[{"embeddable":true,"href":"https:\/\/furious-squad.com\/pt-pt\/wp-json\/wp\/v2\/pages\/103664"}],"wp:attachment":[{"href":"https:\/\/furious-squad.com\/pt-pt\/wp-json\/wp\/v2\/media?parent=103608"}],"curies":[{"name":"wp","href":"https:\/\/api.w.org\/{rel}","templated":true}]}}