{"id":103607,"date":"2026-03-04T01:45:07","date_gmt":"2026-03-04T00:45:07","guid":{"rendered":"https:\/\/furious.digitz.dev\/solucao-de-gestao-de-agencias-tudo-em-um\/"},"modified":"2026-04-10T11:23:52","modified_gmt":"2026-04-10T09:23:52","slug":"gestao-de-agencias","status":"publish","type":"page","link":"https:\/\/furious-squad.com\/pt-pt\/setor\/gestao-de-agencias\/","title":{"rendered":"Solu\u00e7\u00e3o de gest\u00e3o de ag\u00eancias tudo-em-um"},"content":{"rendered":"","protected":false},"excerpt":{"rendered":"","protected":false},"author":1,"featured_media":0,"parent":103664,"menu_order":0,"comment_status":"closed","ping_status":"closed","template":"","meta":{"_acf_changed":false,"footnotes":""},"class_list":["post-103607","page","type-page","status-publish","hentry"],"acf":[],"yoast_head":"<!-- This site is optimized with the Yoast SEO Premium plugin v25.3 (Yoast SEO v27.4) - https:\/\/yoast.com\/product\/yoast-seo-premium-wordpress\/ -->\n<title>Solu\u00e7\u00e3o de gest\u00e3o de ag\u00eancias tudo-em-um | Furious<\/title>\n<meta name=\"description\" content=\"Furious, uma ferramenta concebida por CEOs de ag\u00eancias, para a gest\u00e3o de ag\u00eancias: comerciais, digitais, RP, eventos e publicidade.\" \/>\n<meta name=\"robots\" content=\"index, follow, max-snippet:-1, max-image-preview:large, max-video-preview:-1\" \/>\n<link rel=\"canonical\" href=\"https:\/\/furious-squad.com\/pt-pt\/setor\/gestao-de-agencias\/\" \/>\n<meta property=\"og:locale\" content=\"pt_PT\" \/>\n<meta property=\"og:type\" content=\"article\" \/>\n<meta property=\"og:title\" content=\"Solu\u00e7\u00e3o de gest\u00e3o de ag\u00eancias tudo-em-um\" \/>\n<meta property=\"og:description\" content=\"Furious, uma ferramenta concebida por CEOs de ag\u00eancias, para a gest\u00e3o de ag\u00eancias: comerciais, digitais, RP, eventos e publicidade.\" \/>\n<meta property=\"og:url\" content=\"https:\/\/furious-squad.com\/pt-pt\/setor\/gestao-de-agencias\/\" \/>\n<meta property=\"og:site_name\" content=\"Furious\" \/>\n<meta property=\"article:modified_time\" content=\"2026-04-10T09:23:52+00:00\" \/>\n<meta name=\"twitter:card\" content=\"summary_large_image\" \/>\n<script type=\"application\/ld+json\" class=\"yoast-schema-graph\">{\"@context\":\"https:\\\/\\\/schema.org\",\"@graph\":[{\"@type\":\"WebPage\",\"@id\":\"https:\\\/\\\/furious-squad.com\\\/pt-pt\\\/setor\\\/gestao-de-agencias\\\/\",\"url\":\"https:\\\/\\\/furious-squad.com\\\/pt-pt\\\/setor\\\/gestao-de-agencias\\\/\",\"name\":\"Solu\u00e7\u00e3o de gest\u00e3o de ag\u00eancias tudo-em-um | Furious\",\"isPartOf\":{\"@id\":\"https:\\\/\\\/www.furious-squad.com\\\/pt-pt\\\/#website\"},\"datePublished\":\"2026-03-04T00:45:07+00:00\",\"dateModified\":\"2026-04-10T09:23:52+00:00\",\"description\":\"Furious, uma ferramenta concebida por CEOs de ag\u00eancias, para a gest\u00e3o de ag\u00eancias: comerciais, digitais, RP, eventos e publicidade.\",\"breadcrumb\":{\"@id\":\"https:\\\/\\\/furious-squad.com\\\/pt-pt\\\/setor\\\/gestao-de-agencias\\\/#breadcrumb\"},\"inLanguage\":\"pt-PT\",\"potentialAction\":[{\"@type\":\"ReadAction\",\"target\":[\"https:\\\/\\\/furious-squad.com\\\/pt-pt\\\/setor\\\/gestao-de-agencias\\\/\"]}]},{\"@type\":\"BreadcrumbList\",\"@id\":\"https:\\\/\\\/furious-squad.com\\\/pt-pt\\\/setor\\\/gestao-de-agencias\\\/#breadcrumb\",\"itemListElement\":[{\"@type\":\"ListItem\",\"position\":1,\"name\":\"Home\",\"item\":\"https:\\\/\\\/www.furious-squad.com\\\/pt-pt\\\/\"},{\"@type\":\"ListItem\",\"position\":2,\"name\":\"Setor\",\"item\":\"https:\\\/\\\/www.furious-squad.com\\\/pt-pt\\\/secteur\\\/\"},{\"@type\":\"ListItem\",\"position\":3,\"name\":\"Solu\u00e7\u00e3o de gest\u00e3o de ag\u00eancias tudo-em-um\"}]},{\"@type\":\"WebSite\",\"@id\":\"https:\\\/\\\/www.furious-squad.com\\\/pt-pt\\\/#website\",\"url\":\"https:\\\/\\\/www.furious-squad.com\\\/pt-pt\\\/\",\"name\":\"Furious\",\"description\":\"\",\"potentialAction\":[{\"@type\":\"SearchAction\",\"target\":{\"@type\":\"EntryPoint\",\"urlTemplate\":\"https:\\\/\\\/www.furious-squad.com\\\/pt-pt\\\/?s={search_term_string}\"},\"query-input\":{\"@type\":\"PropertyValueSpecification\",\"valueRequired\":true,\"valueName\":\"search_term_string\"}}],\"inLanguage\":\"pt-PT\"}]}<\/script>\n<!-- \/ Yoast SEO Premium plugin. -->","yoast_head_json":{"title":"Solu\u00e7\u00e3o de gest\u00e3o de ag\u00eancias tudo-em-um | Furious","description":"Furious, uma ferramenta concebida por CEOs de ag\u00eancias, para a gest\u00e3o de ag\u00eancias: comerciais, digitais, RP, eventos e publicidade.","robots":{"index":"index","follow":"follow","max-snippet":"max-snippet:-1","max-image-preview":"max-image-preview:large","max-video-preview":"max-video-preview:-1"},"canonical":"https:\/\/furious-squad.com\/pt-pt\/setor\/gestao-de-agencias\/","og_locale":"pt_PT","og_type":"article","og_title":"Solu\u00e7\u00e3o de gest\u00e3o de ag\u00eancias tudo-em-um","og_description":"Furious, uma ferramenta concebida por CEOs de ag\u00eancias, para a gest\u00e3o de ag\u00eancias: comerciais, digitais, RP, eventos e publicidade.","og_url":"https:\/\/furious-squad.com\/pt-pt\/setor\/gestao-de-agencias\/","og_site_name":"Furious","article_modified_time":"2026-04-10T09:23:52+00:00","twitter_card":"summary_large_image","schema":{"@context":"https:\/\/schema.org","@graph":[{"@type":"WebPage","@id":"https:\/\/furious-squad.com\/pt-pt\/setor\/gestao-de-agencias\/","url":"https:\/\/furious-squad.com\/pt-pt\/setor\/gestao-de-agencias\/","name":"Solu\u00e7\u00e3o de gest\u00e3o de ag\u00eancias tudo-em-um | Furious","isPartOf":{"@id":"https:\/\/www.furious-squad.com\/pt-pt\/#website"},"datePublished":"2026-03-04T00:45:07+00:00","dateModified":"2026-04-10T09:23:52+00:00","description":"Furious, uma ferramenta concebida por CEOs de ag\u00eancias, para a gest\u00e3o de ag\u00eancias: comerciais, digitais, RP, eventos e publicidade.","breadcrumb":{"@id":"https:\/\/furious-squad.com\/pt-pt\/setor\/gestao-de-agencias\/#breadcrumb"},"inLanguage":"pt-PT","potentialAction":[{"@type":"ReadAction","target":["https:\/\/furious-squad.com\/pt-pt\/setor\/gestao-de-agencias\/"]}]},{"@type":"BreadcrumbList","@id":"https:\/\/furious-squad.com\/pt-pt\/setor\/gestao-de-agencias\/#breadcrumb","itemListElement":[{"@type":"ListItem","position":1,"name":"Home","item":"https:\/\/www.furious-squad.com\/pt-pt\/"},{"@type":"ListItem","position":2,"name":"Setor","item":"https:\/\/www.furious-squad.com\/pt-pt\/secteur\/"},{"@type":"ListItem","position":3,"name":"Solu\u00e7\u00e3o de gest\u00e3o de ag\u00eancias tudo-em-um"}]},{"@type":"WebSite","@id":"https:\/\/www.furious-squad.com\/pt-pt\/#website","url":"https:\/\/www.furious-squad.com\/pt-pt\/","name":"Furious","description":"","potentialAction":[{"@type":"SearchAction","target":{"@type":"EntryPoint","urlTemplate":"https:\/\/www.furious-squad.com\/pt-pt\/?s={search_term_string}"},"query-input":{"@type":"PropertyValueSpecification","valueRequired":true,"valueName":"search_term_string"}}],"inLanguage":"pt-PT"}]}},"_links":{"self":[{"href":"https:\/\/furious-squad.com\/pt-pt\/wp-json\/wp\/v2\/pages\/103607","targetHints":{"allow":["GET"]}}],"collection":[{"href":"https:\/\/furious-squad.com\/pt-pt\/wp-json\/wp\/v2\/pages"}],"about":[{"href":"https:\/\/furious-squad.com\/pt-pt\/wp-json\/wp\/v2\/types\/page"}],"author":[{"embeddable":true,"href":"https:\/\/furious-squad.com\/pt-pt\/wp-json\/wp\/v2\/users\/1"}],"replies":[{"embeddable":true,"href":"https:\/\/furious-squad.com\/pt-pt\/wp-json\/wp\/v2\/comments?post=103607"}],"version-history":[{"count":10,"href":"https:\/\/furious-squad.com\/pt-pt\/wp-json\/wp\/v2\/pages\/103607\/revisions"}],"predecessor-version":[{"id":110138,"href":"https:\/\/furious-squad.com\/pt-pt\/wp-json\/wp\/v2\/pages\/103607\/revisions\/110138"}],"up":[{"embeddable":true,"href":"https:\/\/furious-squad.com\/pt-pt\/wp-json\/wp\/v2\/pages\/103664"}],"wp:attachment":[{"href":"https:\/\/furious-squad.com\/pt-pt\/wp-json\/wp\/v2\/media?parent=103607"}],"curies":[{"name":"wp","href":"https:\/\/api.w.org\/{rel}","templated":true}]}}