{"id":103601,"date":"2026-02-03T12:01:24","date_gmt":"2026-02-03T11:01:24","guid":{"rendered":"https:\/\/furious.digitz.dev\/sobre-nos\/"},"modified":"2026-04-08T11:32:27","modified_gmt":"2026-04-08T09:32:27","slug":"a-nossa-missao","status":"publish","type":"page","link":"https:\/\/furious-squad.com\/pt-pt\/a-nossa-missao\/","title":{"rendered":"Sobre n\u00f3s"},"content":{"rendered":"","protected":false},"excerpt":{"rendered":"","protected":false},"author":1,"featured_media":0,"parent":0,"menu_order":0,"comment_status":"closed","ping_status":"closed","template":"","meta":{"_acf_changed":false,"footnotes":""},"class_list":["post-103601","page","type-page","status-publish","hentry"],"acf":[],"yoast_head":"<!-- This site is optimized with the Yoast SEO Premium plugin v25.3 (Yoast SEO v27.4) - https:\/\/yoast.com\/product\/yoast-seo-premium-wordpress\/ -->\n<title>Como nasceu a Furious, uma hist\u00f3ria de empreendedorismo<\/title>\n<meta name=\"description\" content=\"Descobre como nasceu o Furious, o software de gest\u00e3o de projectos e neg\u00f3cios. A hist\u00f3ria de 2 antigos diretores de ag\u00eancia\" \/>\n<meta name=\"robots\" content=\"index, follow, max-snippet:-1, max-image-preview:large, max-video-preview:-1\" \/>\n<link rel=\"canonical\" href=\"https:\/\/furious-squad.com\/pt-pt\/a-nossa-missao\/\" \/>\n<meta property=\"og:locale\" content=\"pt_PT\" \/>\n<meta property=\"og:type\" content=\"article\" \/>\n<meta property=\"og:title\" content=\"Sobre n\u00f3s\" \/>\n<meta property=\"og:description\" content=\"Descobre como nasceu o Furious, o software de gest\u00e3o de projectos e neg\u00f3cios. A hist\u00f3ria de 2 antigos diretores de ag\u00eancia\" \/>\n<meta property=\"og:url\" content=\"https:\/\/furious-squad.com\/pt-pt\/a-nossa-missao\/\" \/>\n<meta property=\"og:site_name\" content=\"Furious\" \/>\n<meta property=\"article:modified_time\" content=\"2026-04-08T09:32:27+00:00\" \/>\n<meta name=\"twitter:card\" content=\"summary_large_image\" \/>\n<script type=\"application\/ld+json\" class=\"yoast-schema-graph\">{\"@context\":\"https:\\\/\\\/schema.org\",\"@graph\":[{\"@type\":\"WebPage\",\"@id\":\"https:\\\/\\\/furious-squad.com\\\/pt-pt\\\/a-nossa-missao\\\/\",\"url\":\"https:\\\/\\\/furious-squad.com\\\/pt-pt\\\/a-nossa-missao\\\/\",\"name\":\"Como nasceu a Furious, uma hist\u00f3ria de empreendedorismo\",\"isPartOf\":{\"@id\":\"https:\\\/\\\/www.furious-squad.com\\\/pt-pt\\\/#website\"},\"datePublished\":\"2026-02-03T11:01:24+00:00\",\"dateModified\":\"2026-04-08T09:32:27+00:00\",\"description\":\"Descobre como nasceu o Furious, o software de gest\u00e3o de projectos e neg\u00f3cios. A hist\u00f3ria de 2 antigos diretores de ag\u00eancia\",\"breadcrumb\":{\"@id\":\"https:\\\/\\\/furious-squad.com\\\/pt-pt\\\/a-nossa-missao\\\/#breadcrumb\"},\"inLanguage\":\"pt-PT\",\"potentialAction\":[{\"@type\":\"ReadAction\",\"target\":[\"https:\\\/\\\/furious-squad.com\\\/pt-pt\\\/a-nossa-missao\\\/\"]}]},{\"@type\":\"BreadcrumbList\",\"@id\":\"https:\\\/\\\/furious-squad.com\\\/pt-pt\\\/a-nossa-missao\\\/#breadcrumb\",\"itemListElement\":[{\"@type\":\"ListItem\",\"position\":1,\"name\":\"Home\",\"item\":\"https:\\\/\\\/www.furious-squad.com\\\/pt-pt\\\/\"},{\"@type\":\"ListItem\",\"position\":2,\"name\":\"Sobre n\u00f3s\"}]},{\"@type\":\"WebSite\",\"@id\":\"https:\\\/\\\/www.furious-squad.com\\\/pt-pt\\\/#website\",\"url\":\"https:\\\/\\\/www.furious-squad.com\\\/pt-pt\\\/\",\"name\":\"Furious\",\"description\":\"\",\"potentialAction\":[{\"@type\":\"SearchAction\",\"target\":{\"@type\":\"EntryPoint\",\"urlTemplate\":\"https:\\\/\\\/www.furious-squad.com\\\/pt-pt\\\/?s={search_term_string}\"},\"query-input\":{\"@type\":\"PropertyValueSpecification\",\"valueRequired\":true,\"valueName\":\"search_term_string\"}}],\"inLanguage\":\"pt-PT\"}]}<\/script>\n<!-- \/ Yoast SEO Premium plugin. -->","yoast_head_json":{"title":"Como nasceu a Furious, uma hist\u00f3ria de empreendedorismo","description":"Descobre como nasceu o Furious, o software de gest\u00e3o de projectos e neg\u00f3cios. A hist\u00f3ria de 2 antigos diretores de ag\u00eancia","robots":{"index":"index","follow":"follow","max-snippet":"max-snippet:-1","max-image-preview":"max-image-preview:large","max-video-preview":"max-video-preview:-1"},"canonical":"https:\/\/furious-squad.com\/pt-pt\/a-nossa-missao\/","og_locale":"pt_PT","og_type":"article","og_title":"Sobre n\u00f3s","og_description":"Descobre como nasceu o Furious, o software de gest\u00e3o de projectos e neg\u00f3cios. A hist\u00f3ria de 2 antigos diretores de ag\u00eancia","og_url":"https:\/\/furious-squad.com\/pt-pt\/a-nossa-missao\/","og_site_name":"Furious","article_modified_time":"2026-04-08T09:32:27+00:00","twitter_card":"summary_large_image","schema":{"@context":"https:\/\/schema.org","@graph":[{"@type":"WebPage","@id":"https:\/\/furious-squad.com\/pt-pt\/a-nossa-missao\/","url":"https:\/\/furious-squad.com\/pt-pt\/a-nossa-missao\/","name":"Como nasceu a Furious, uma hist\u00f3ria de empreendedorismo","isPartOf":{"@id":"https:\/\/www.furious-squad.com\/pt-pt\/#website"},"datePublished":"2026-02-03T11:01:24+00:00","dateModified":"2026-04-08T09:32:27+00:00","description":"Descobre como nasceu o Furious, o software de gest\u00e3o de projectos e neg\u00f3cios. A hist\u00f3ria de 2 antigos diretores de ag\u00eancia","breadcrumb":{"@id":"https:\/\/furious-squad.com\/pt-pt\/a-nossa-missao\/#breadcrumb"},"inLanguage":"pt-PT","potentialAction":[{"@type":"ReadAction","target":["https:\/\/furious-squad.com\/pt-pt\/a-nossa-missao\/"]}]},{"@type":"BreadcrumbList","@id":"https:\/\/furious-squad.com\/pt-pt\/a-nossa-missao\/#breadcrumb","itemListElement":[{"@type":"ListItem","position":1,"name":"Home","item":"https:\/\/www.furious-squad.com\/pt-pt\/"},{"@type":"ListItem","position":2,"name":"Sobre n\u00f3s"}]},{"@type":"WebSite","@id":"https:\/\/www.furious-squad.com\/pt-pt\/#website","url":"https:\/\/www.furious-squad.com\/pt-pt\/","name":"Furious","description":"","potentialAction":[{"@type":"SearchAction","target":{"@type":"EntryPoint","urlTemplate":"https:\/\/www.furious-squad.com\/pt-pt\/?s={search_term_string}"},"query-input":{"@type":"PropertyValueSpecification","valueRequired":true,"valueName":"search_term_string"}}],"inLanguage":"pt-PT"}]}},"_links":{"self":[{"href":"https:\/\/furious-squad.com\/pt-pt\/wp-json\/wp\/v2\/pages\/103601","targetHints":{"allow":["GET"]}}],"collection":[{"href":"https:\/\/furious-squad.com\/pt-pt\/wp-json\/wp\/v2\/pages"}],"about":[{"href":"https:\/\/furious-squad.com\/pt-pt\/wp-json\/wp\/v2\/types\/page"}],"author":[{"embeddable":true,"href":"https:\/\/furious-squad.com\/pt-pt\/wp-json\/wp\/v2\/users\/1"}],"replies":[{"embeddable":true,"href":"https:\/\/furious-squad.com\/pt-pt\/wp-json\/wp\/v2\/comments?post=103601"}],"version-history":[{"count":3,"href":"https:\/\/furious-squad.com\/pt-pt\/wp-json\/wp\/v2\/pages\/103601\/revisions"}],"predecessor-version":[{"id":109715,"href":"https:\/\/furious-squad.com\/pt-pt\/wp-json\/wp\/v2\/pages\/103601\/revisions\/109715"}],"wp:attachment":[{"href":"https:\/\/furious-squad.com\/pt-pt\/wp-json\/wp\/v2\/media?parent=103601"}],"curies":[{"name":"wp","href":"https:\/\/api.w.org\/{rel}","templated":true}]}}