{"id":103734,"date":"2026-02-23T00:32:31","date_gmt":"2026-02-22T23:32:31","guid":{"rendered":"https:\/\/furious.digitz.dev\/agenzia-di-software-per-la-gestione-dei-progetti-consulenza-esn\/"},"modified":"2026-04-13T16:55:27","modified_gmt":"2026-04-13T14:55:27","slug":"gestione-progetti","status":"publish","type":"page","link":"https:\/\/furious-squad.com\/it\/modulo\/gestione-progetti\/","title":{"rendered":"Agenzia di software per la gestione dei progetti, consulenza, ESN"},"content":{"rendered":"","protected":false},"excerpt":{"rendered":"","protected":false},"author":1,"featured_media":0,"parent":103751,"menu_order":0,"comment_status":"closed","ping_status":"closed","template":"","meta":{"_acf_changed":false,"footnotes":""},"class_list":["post-103734","page","type-page","status-publish","hentry"],"acf":[],"yoast_head":"<!-- This site is optimized with the Yoast SEO Premium plugin v25.3 (Yoast SEO v27.4) - https:\/\/yoast.com\/product\/yoast-seo-premium-wordpress\/ -->\n<title>Agenzia di software per la gestione dei progetti, societ\u00e0 di consulenza, ESN | Furious<\/title>\n<meta name=\"description\" content=\"Furious \u00e8 il software gestionale che ti permette di gestire in modo pi\u00f9 efficace i tuoi progetti, il tempo venduto rispetto a quello fatturato e la tua redditivit\u00e0.\" \/>\n<meta name=\"robots\" content=\"index, follow, max-snippet:-1, max-image-preview:large, max-video-preview:-1\" \/>\n<link rel=\"canonical\" href=\"https:\/\/furious-squad.com\/it\/modulo\/gestione-progetti\/\" \/>\n<meta property=\"og:locale\" content=\"it_IT\" \/>\n<meta property=\"og:type\" content=\"article\" \/>\n<meta property=\"og:title\" content=\"Agenzia di software per la gestione dei progetti, consulenza, ESN\" \/>\n<meta property=\"og:description\" content=\"Furious \u00e8 il software gestionale che ti permette di gestire in modo pi\u00f9 efficace i tuoi progetti, il tempo venduto rispetto a quello fatturato e la tua redditivit\u00e0.\" \/>\n<meta property=\"og:url\" content=\"https:\/\/furious-squad.com\/it\/modulo\/gestione-progetti\/\" \/>\n<meta property=\"og:site_name\" content=\"Furious\" \/>\n<meta property=\"article:modified_time\" content=\"2026-04-13T14:55:27+00:00\" \/>\n<meta name=\"twitter:card\" content=\"summary_large_image\" \/>\n<script type=\"application\/ld+json\" class=\"yoast-schema-graph\">{\"@context\":\"https:\\\/\\\/schema.org\",\"@graph\":[{\"@type\":\"WebPage\",\"@id\":\"https:\\\/\\\/furious-squad.com\\\/it\\\/modulo\\\/gestione-progetti\\\/\",\"url\":\"https:\\\/\\\/furious-squad.com\\\/it\\\/modulo\\\/gestione-progetti\\\/\",\"name\":\"Agenzia di software per la gestione dei progetti, societ\u00e0 di consulenza, ESN | Furious\",\"isPartOf\":{\"@id\":\"https:\\\/\\\/www.furious-squad.com\\\/it\\\/#website\"},\"datePublished\":\"2026-02-22T23:32:31+00:00\",\"dateModified\":\"2026-04-13T14:55:27+00:00\",\"description\":\"Furious \u00e8 il software gestionale che ti permette di gestire in modo pi\u00f9 efficace i tuoi progetti, il tempo venduto rispetto a quello fatturato e la tua redditivit\u00e0.\",\"breadcrumb\":{\"@id\":\"https:\\\/\\\/furious-squad.com\\\/it\\\/modulo\\\/gestione-progetti\\\/#breadcrumb\"},\"inLanguage\":\"it-IT\",\"potentialAction\":[{\"@type\":\"ReadAction\",\"target\":[\"https:\\\/\\\/furious-squad.com\\\/it\\\/modulo\\\/gestione-progetti\\\/\"]}]},{\"@type\":\"BreadcrumbList\",\"@id\":\"https:\\\/\\\/furious-squad.com\\\/it\\\/modulo\\\/gestione-progetti\\\/#breadcrumb\",\"itemListElement\":[{\"@type\":\"ListItem\",\"position\":1,\"name\":\"Home\",\"item\":\"https:\\\/\\\/www.furious-squad.com\\\/it\\\/\"},{\"@type\":\"ListItem\",\"position\":2,\"name\":\"Modulo\",\"item\":\"https:\\\/\\\/www.furious-squad.com\\\/it\\\/modulo\\\/\"},{\"@type\":\"ListItem\",\"position\":3,\"name\":\"Agenzia di software per la gestione dei progetti, consulenza, ESN\"}]},{\"@type\":\"WebSite\",\"@id\":\"https:\\\/\\\/www.furious-squad.com\\\/it\\\/#website\",\"url\":\"https:\\\/\\\/www.furious-squad.com\\\/it\\\/\",\"name\":\"Furious\",\"description\":\"\",\"potentialAction\":[{\"@type\":\"SearchAction\",\"target\":{\"@type\":\"EntryPoint\",\"urlTemplate\":\"https:\\\/\\\/www.furious-squad.com\\\/it\\\/?s={search_term_string}\"},\"query-input\":{\"@type\":\"PropertyValueSpecification\",\"valueRequired\":true,\"valueName\":\"search_term_string\"}}],\"inLanguage\":\"it-IT\"}]}<\/script>\n<!-- \/ Yoast SEO Premium plugin. -->","yoast_head_json":{"title":"Agenzia di software per la gestione dei progetti, societ\u00e0 di consulenza, ESN | Furious","description":"Furious \u00e8 il software gestionale che ti permette di gestire in modo pi\u00f9 efficace i tuoi progetti, il tempo venduto rispetto a quello fatturato e la tua redditivit\u00e0.","robots":{"index":"index","follow":"follow","max-snippet":"max-snippet:-1","max-image-preview":"max-image-preview:large","max-video-preview":"max-video-preview:-1"},"canonical":"https:\/\/furious-squad.com\/it\/modulo\/gestione-progetti\/","og_locale":"it_IT","og_type":"article","og_title":"Agenzia di software per la gestione dei progetti, consulenza, ESN","og_description":"Furious \u00e8 il software gestionale che ti permette di gestire in modo pi\u00f9 efficace i tuoi progetti, il tempo venduto rispetto a quello fatturato e la tua redditivit\u00e0.","og_url":"https:\/\/furious-squad.com\/it\/modulo\/gestione-progetti\/","og_site_name":"Furious","article_modified_time":"2026-04-13T14:55:27+00:00","twitter_card":"summary_large_image","schema":{"@context":"https:\/\/schema.org","@graph":[{"@type":"WebPage","@id":"https:\/\/furious-squad.com\/it\/modulo\/gestione-progetti\/","url":"https:\/\/furious-squad.com\/it\/modulo\/gestione-progetti\/","name":"Agenzia di software per la gestione dei progetti, societ\u00e0 di consulenza, ESN | Furious","isPartOf":{"@id":"https:\/\/www.furious-squad.com\/it\/#website"},"datePublished":"2026-02-22T23:32:31+00:00","dateModified":"2026-04-13T14:55:27+00:00","description":"Furious \u00e8 il software gestionale che ti permette di gestire in modo pi\u00f9 efficace i tuoi progetti, il tempo venduto rispetto a quello fatturato e la tua redditivit\u00e0.","breadcrumb":{"@id":"https:\/\/furious-squad.com\/it\/modulo\/gestione-progetti\/#breadcrumb"},"inLanguage":"it-IT","potentialAction":[{"@type":"ReadAction","target":["https:\/\/furious-squad.com\/it\/modulo\/gestione-progetti\/"]}]},{"@type":"BreadcrumbList","@id":"https:\/\/furious-squad.com\/it\/modulo\/gestione-progetti\/#breadcrumb","itemListElement":[{"@type":"ListItem","position":1,"name":"Home","item":"https:\/\/www.furious-squad.com\/it\/"},{"@type":"ListItem","position":2,"name":"Modulo","item":"https:\/\/www.furious-squad.com\/it\/modulo\/"},{"@type":"ListItem","position":3,"name":"Agenzia di software per la gestione dei progetti, consulenza, ESN"}]},{"@type":"WebSite","@id":"https:\/\/www.furious-squad.com\/it\/#website","url":"https:\/\/www.furious-squad.com\/it\/","name":"Furious","description":"","potentialAction":[{"@type":"SearchAction","target":{"@type":"EntryPoint","urlTemplate":"https:\/\/www.furious-squad.com\/it\/?s={search_term_string}"},"query-input":{"@type":"PropertyValueSpecification","valueRequired":true,"valueName":"search_term_string"}}],"inLanguage":"it-IT"}]}},"_links":{"self":[{"href":"https:\/\/furious-squad.com\/it\/wp-json\/wp\/v2\/pages\/103734","targetHints":{"allow":["GET"]}}],"collection":[{"href":"https:\/\/furious-squad.com\/it\/wp-json\/wp\/v2\/pages"}],"about":[{"href":"https:\/\/furious-squad.com\/it\/wp-json\/wp\/v2\/types\/page"}],"author":[{"embeddable":true,"href":"https:\/\/furious-squad.com\/it\/wp-json\/wp\/v2\/users\/1"}],"replies":[{"embeddable":true,"href":"https:\/\/furious-squad.com\/it\/wp-json\/wp\/v2\/comments?post=103734"}],"version-history":[{"count":11,"href":"https:\/\/furious-squad.com\/it\/wp-json\/wp\/v2\/pages\/103734\/revisions"}],"predecessor-version":[{"id":110222,"href":"https:\/\/furious-squad.com\/it\/wp-json\/wp\/v2\/pages\/103734\/revisions\/110222"}],"up":[{"embeddable":true,"href":"https:\/\/furious-squad.com\/it\/wp-json\/wp\/v2\/pages\/103751"}],"wp:attachment":[{"href":"https:\/\/furious-squad.com\/it\/wp-json\/wp\/v2\/media?parent=103734"}],"curies":[{"name":"wp","href":"https:\/\/api.w.org\/{rel}","templated":true}]}}