{"id":103602,"date":"2026-02-03T12:01:24","date_gmt":"2026-02-03T11:01:24","guid":{"rendered":"https:\/\/furious.digitz.dev\/chi-siamo\/"},"modified":"2026-04-08T11:17:08","modified_gmt":"2026-04-08T09:17:08","slug":"chi-siamo","status":"publish","type":"page","link":"https:\/\/furious-squad.com\/it\/chi-siamo\/","title":{"rendered":"Chi siamo"},"content":{"rendered":"","protected":false},"excerpt":{"rendered":"","protected":false},"author":1,"featured_media":0,"parent":0,"menu_order":0,"comment_status":"closed","ping_status":"closed","template":"","meta":{"_acf_changed":false,"footnotes":""},"class_list":["post-103602","page","type-page","status-publish","hentry"],"acf":[],"yoast_head":"<!-- This site is optimized with the Yoast SEO Premium plugin v25.3 (Yoast SEO v27.4) - https:\/\/yoast.com\/product\/yoast-seo-premium-wordpress\/ -->\n<title>Com&#039;\u00e8 nata Furious, una storia imprenditoriale<\/title>\n<meta name=\"description\" content=\"Scopri come \u00e8 nato Furious, il software per la gestione di progetti e attivit\u00e0 commerciali. La storia di due ex direttori di agenzia\" \/>\n<meta name=\"robots\" content=\"index, follow, max-snippet:-1, max-image-preview:large, max-video-preview:-1\" \/>\n<link rel=\"canonical\" href=\"https:\/\/furious-squad.com\/it\/chi-siamo\/\" \/>\n<meta property=\"og:locale\" content=\"it_IT\" \/>\n<meta property=\"og:type\" content=\"article\" \/>\n<meta property=\"og:title\" content=\"Chi siamo\" \/>\n<meta property=\"og:description\" content=\"Scopri come \u00e8 nato Furious, il software per la gestione di progetti e attivit\u00e0 commerciali. La storia di due ex direttori di agenzia\" \/>\n<meta property=\"og:url\" content=\"https:\/\/furious-squad.com\/it\/chi-siamo\/\" \/>\n<meta property=\"og:site_name\" content=\"Furious\" \/>\n<meta property=\"article:modified_time\" content=\"2026-04-08T09:17:08+00:00\" \/>\n<meta name=\"twitter:card\" content=\"summary_large_image\" \/>\n<script type=\"application\/ld+json\" class=\"yoast-schema-graph\">{\"@context\":\"https:\\\/\\\/schema.org\",\"@graph\":[{\"@type\":\"WebPage\",\"@id\":\"https:\\\/\\\/furious-squad.com\\\/it\\\/chi-siamo\\\/\",\"url\":\"https:\\\/\\\/furious-squad.com\\\/it\\\/chi-siamo\\\/\",\"name\":\"Com'\u00e8 nata Furious, una storia imprenditoriale\",\"isPartOf\":{\"@id\":\"https:\\\/\\\/www.furious-squad.com\\\/it\\\/#website\"},\"datePublished\":\"2026-02-03T11:01:24+00:00\",\"dateModified\":\"2026-04-08T09:17:08+00:00\",\"description\":\"Scopri come \u00e8 nato Furious, il software per la gestione di progetti e attivit\u00e0 commerciali. La storia di due ex direttori di agenzia\",\"breadcrumb\":{\"@id\":\"https:\\\/\\\/furious-squad.com\\\/it\\\/chi-siamo\\\/#breadcrumb\"},\"inLanguage\":\"it-IT\",\"potentialAction\":[{\"@type\":\"ReadAction\",\"target\":[\"https:\\\/\\\/furious-squad.com\\\/it\\\/chi-siamo\\\/\"]}]},{\"@type\":\"BreadcrumbList\",\"@id\":\"https:\\\/\\\/furious-squad.com\\\/it\\\/chi-siamo\\\/#breadcrumb\",\"itemListElement\":[{\"@type\":\"ListItem\",\"position\":1,\"name\":\"Home\",\"item\":\"https:\\\/\\\/www.furious-squad.com\\\/it\\\/\"},{\"@type\":\"ListItem\",\"position\":2,\"name\":\"Chi siamo\"}]},{\"@type\":\"WebSite\",\"@id\":\"https:\\\/\\\/www.furious-squad.com\\\/it\\\/#website\",\"url\":\"https:\\\/\\\/www.furious-squad.com\\\/it\\\/\",\"name\":\"Furious\",\"description\":\"\",\"potentialAction\":[{\"@type\":\"SearchAction\",\"target\":{\"@type\":\"EntryPoint\",\"urlTemplate\":\"https:\\\/\\\/www.furious-squad.com\\\/it\\\/?s={search_term_string}\"},\"query-input\":{\"@type\":\"PropertyValueSpecification\",\"valueRequired\":true,\"valueName\":\"search_term_string\"}}],\"inLanguage\":\"it-IT\"}]}<\/script>\n<!-- \/ Yoast SEO Premium plugin. -->","yoast_head_json":{"title":"Com'\u00e8 nata Furious, una storia imprenditoriale","description":"Scopri come \u00e8 nato Furious, il software per la gestione di progetti e attivit\u00e0 commerciali. La storia di due ex direttori di agenzia","robots":{"index":"index","follow":"follow","max-snippet":"max-snippet:-1","max-image-preview":"max-image-preview:large","max-video-preview":"max-video-preview:-1"},"canonical":"https:\/\/furious-squad.com\/it\/chi-siamo\/","og_locale":"it_IT","og_type":"article","og_title":"Chi siamo","og_description":"Scopri come \u00e8 nato Furious, il software per la gestione di progetti e attivit\u00e0 commerciali. La storia di due ex direttori di agenzia","og_url":"https:\/\/furious-squad.com\/it\/chi-siamo\/","og_site_name":"Furious","article_modified_time":"2026-04-08T09:17:08+00:00","twitter_card":"summary_large_image","schema":{"@context":"https:\/\/schema.org","@graph":[{"@type":"WebPage","@id":"https:\/\/furious-squad.com\/it\/chi-siamo\/","url":"https:\/\/furious-squad.com\/it\/chi-siamo\/","name":"Com'\u00e8 nata Furious, una storia imprenditoriale","isPartOf":{"@id":"https:\/\/www.furious-squad.com\/it\/#website"},"datePublished":"2026-02-03T11:01:24+00:00","dateModified":"2026-04-08T09:17:08+00:00","description":"Scopri come \u00e8 nato Furious, il software per la gestione di progetti e attivit\u00e0 commerciali. La storia di due ex direttori di agenzia","breadcrumb":{"@id":"https:\/\/furious-squad.com\/it\/chi-siamo\/#breadcrumb"},"inLanguage":"it-IT","potentialAction":[{"@type":"ReadAction","target":["https:\/\/furious-squad.com\/it\/chi-siamo\/"]}]},{"@type":"BreadcrumbList","@id":"https:\/\/furious-squad.com\/it\/chi-siamo\/#breadcrumb","itemListElement":[{"@type":"ListItem","position":1,"name":"Home","item":"https:\/\/www.furious-squad.com\/it\/"},{"@type":"ListItem","position":2,"name":"Chi siamo"}]},{"@type":"WebSite","@id":"https:\/\/www.furious-squad.com\/it\/#website","url":"https:\/\/www.furious-squad.com\/it\/","name":"Furious","description":"","potentialAction":[{"@type":"SearchAction","target":{"@type":"EntryPoint","urlTemplate":"https:\/\/www.furious-squad.com\/it\/?s={search_term_string}"},"query-input":{"@type":"PropertyValueSpecification","valueRequired":true,"valueName":"search_term_string"}}],"inLanguage":"it-IT"}]}},"_links":{"self":[{"href":"https:\/\/furious-squad.com\/it\/wp-json\/wp\/v2\/pages\/103602","targetHints":{"allow":["GET"]}}],"collection":[{"href":"https:\/\/furious-squad.com\/it\/wp-json\/wp\/v2\/pages"}],"about":[{"href":"https:\/\/furious-squad.com\/it\/wp-json\/wp\/v2\/types\/page"}],"author":[{"embeddable":true,"href":"https:\/\/furious-squad.com\/it\/wp-json\/wp\/v2\/users\/1"}],"replies":[{"embeddable":true,"href":"https:\/\/furious-squad.com\/it\/wp-json\/wp\/v2\/comments?post=103602"}],"version-history":[{"count":3,"href":"https:\/\/furious-squad.com\/it\/wp-json\/wp\/v2\/pages\/103602\/revisions"}],"predecessor-version":[{"id":109708,"href":"https:\/\/furious-squad.com\/it\/wp-json\/wp\/v2\/pages\/103602\/revisions\/109708"}],"wp:attachment":[{"href":"https:\/\/furious-squad.com\/it\/wp-json\/wp\/v2\/media?parent=103602"}],"curies":[{"name":"wp","href":"https:\/\/api.w.org\/{rel}","templated":true}]}}