{"id":103731,"date":"2026-02-24T23:17:40","date_gmt":"2026-02-24T22:17:40","guid":{"rendered":"https:\/\/furious.digitz.dev\/software-de-gestion-financiera-y-precontabilidad\/"},"modified":"2026-04-13T17:26:30","modified_gmt":"2026-04-13T15:26:30","slug":"software-de-gestion-financiera-y-precontabilidad","status":"publish","type":"page","link":"https:\/\/furious-squad.com\/es\/modulo\/software-de-gestion-financiera-y-precontabilidad\/","title":{"rendered":"Software de gesti\u00f3n financiera y precontabilidad"},"content":{"rendered":"","protected":false},"excerpt":{"rendered":"","protected":false},"author":1,"featured_media":0,"parent":103740,"menu_order":0,"comment_status":"closed","ping_status":"closed","template":"","meta":{"_acf_changed":false,"footnotes":""},"class_list":["post-103731","page","type-page","status-publish","hentry"],"acf":[],"yoast_head":"<!-- This site is optimized with the Yoast SEO Premium plugin v25.3 (Yoast SEO v27.4) - https:\/\/yoast.com\/product\/yoast-seo-premium-wordpress\/ -->\n<title>Software de gesti\u00f3n financiera y precontabilidad | Furious<\/title>\n<meta name=\"description\" content=\"Furious es el software de gesti\u00f3n financiera que simplifica la vida cotidiana automatizando una serie de tareas, como la facturaci\u00f3n y la contabilidad previa.\" \/>\n<meta name=\"robots\" content=\"index, follow, max-snippet:-1, max-image-preview:large, max-video-preview:-1\" \/>\n<link rel=\"canonical\" href=\"https:\/\/furious-squad.com\/es\/modulo\/software-de-gestion-financiera-y-precontabilidad\/\" \/>\n<meta property=\"og:locale\" content=\"es_ES\" \/>\n<meta property=\"og:type\" content=\"article\" \/>\n<meta property=\"og:title\" content=\"Software de gesti\u00f3n financiera y precontabilidad\" \/>\n<meta property=\"og:description\" content=\"Furious es el software de gesti\u00f3n financiera que simplifica la vida cotidiana automatizando una serie de tareas, como la facturaci\u00f3n y la contabilidad previa.\" \/>\n<meta property=\"og:url\" content=\"https:\/\/furious-squad.com\/es\/modulo\/software-de-gestion-financiera-y-precontabilidad\/\" \/>\n<meta property=\"og:site_name\" content=\"Furious\" \/>\n<meta property=\"article:modified_time\" content=\"2026-04-13T15:26:30+00:00\" \/>\n<meta name=\"twitter:card\" content=\"summary_large_image\" \/>\n<script type=\"application\/ld+json\" class=\"yoast-schema-graph\">{\"@context\":\"https:\\\/\\\/schema.org\",\"@graph\":[{\"@type\":\"WebPage\",\"@id\":\"https:\\\/\\\/furious-squad.com\\\/es\\\/modulo\\\/software-de-gestion-financiera-y-precontabilidad\\\/\",\"url\":\"https:\\\/\\\/furious-squad.com\\\/es\\\/modulo\\\/software-de-gestion-financiera-y-precontabilidad\\\/\",\"name\":\"Software de gesti\u00f3n financiera y precontabilidad | Furious\",\"isPartOf\":{\"@id\":\"https:\\\/\\\/www.furious-squad.com\\\/es\\\/#website\"},\"datePublished\":\"2026-02-24T22:17:40+00:00\",\"dateModified\":\"2026-04-13T15:26:30+00:00\",\"description\":\"Furious es el software de gesti\u00f3n financiera que simplifica la vida cotidiana automatizando una serie de tareas, como la facturaci\u00f3n y la contabilidad previa.\",\"breadcrumb\":{\"@id\":\"https:\\\/\\\/furious-squad.com\\\/es\\\/modulo\\\/software-de-gestion-financiera-y-precontabilidad\\\/#breadcrumb\"},\"inLanguage\":\"es\",\"potentialAction\":[{\"@type\":\"ReadAction\",\"target\":[\"https:\\\/\\\/furious-squad.com\\\/es\\\/modulo\\\/software-de-gestion-financiera-y-precontabilidad\\\/\"]}]},{\"@type\":\"BreadcrumbList\",\"@id\":\"https:\\\/\\\/furious-squad.com\\\/es\\\/modulo\\\/software-de-gestion-financiera-y-precontabilidad\\\/#breadcrumb\",\"itemListElement\":[{\"@type\":\"ListItem\",\"position\":1,\"name\":\"Home\",\"item\":\"https:\\\/\\\/www.furious-squad.com\\\/es\\\/\"},{\"@type\":\"ListItem\",\"position\":2,\"name\":\"M\u00f3dulo\",\"item\":\"https:\\\/\\\/www.furious-squad.com\\\/es\\\/modulo\\\/\"},{\"@type\":\"ListItem\",\"position\":3,\"name\":\"Software de gesti\u00f3n financiera y precontabilidad\"}]},{\"@type\":\"WebSite\",\"@id\":\"https:\\\/\\\/www.furious-squad.com\\\/es\\\/#website\",\"url\":\"https:\\\/\\\/www.furious-squad.com\\\/es\\\/\",\"name\":\"Furious\",\"description\":\"\",\"potentialAction\":[{\"@type\":\"SearchAction\",\"target\":{\"@type\":\"EntryPoint\",\"urlTemplate\":\"https:\\\/\\\/www.furious-squad.com\\\/es\\\/?s={search_term_string}\"},\"query-input\":{\"@type\":\"PropertyValueSpecification\",\"valueRequired\":true,\"valueName\":\"search_term_string\"}}],\"inLanguage\":\"es\"}]}<\/script>\n<!-- \/ Yoast SEO Premium plugin. -->","yoast_head_json":{"title":"Software de gesti\u00f3n financiera y precontabilidad | Furious","description":"Furious es el software de gesti\u00f3n financiera que simplifica la vida cotidiana automatizando una serie de tareas, como la facturaci\u00f3n y la contabilidad previa.","robots":{"index":"index","follow":"follow","max-snippet":"max-snippet:-1","max-image-preview":"max-image-preview:large","max-video-preview":"max-video-preview:-1"},"canonical":"https:\/\/furious-squad.com\/es\/modulo\/software-de-gestion-financiera-y-precontabilidad\/","og_locale":"es_ES","og_type":"article","og_title":"Software de gesti\u00f3n financiera y precontabilidad","og_description":"Furious es el software de gesti\u00f3n financiera que simplifica la vida cotidiana automatizando una serie de tareas, como la facturaci\u00f3n y la contabilidad previa.","og_url":"https:\/\/furious-squad.com\/es\/modulo\/software-de-gestion-financiera-y-precontabilidad\/","og_site_name":"Furious","article_modified_time":"2026-04-13T15:26:30+00:00","twitter_card":"summary_large_image","schema":{"@context":"https:\/\/schema.org","@graph":[{"@type":"WebPage","@id":"https:\/\/furious-squad.com\/es\/modulo\/software-de-gestion-financiera-y-precontabilidad\/","url":"https:\/\/furious-squad.com\/es\/modulo\/software-de-gestion-financiera-y-precontabilidad\/","name":"Software de gesti\u00f3n financiera y precontabilidad | Furious","isPartOf":{"@id":"https:\/\/www.furious-squad.com\/es\/#website"},"datePublished":"2026-02-24T22:17:40+00:00","dateModified":"2026-04-13T15:26:30+00:00","description":"Furious es el software de gesti\u00f3n financiera que simplifica la vida cotidiana automatizando una serie de tareas, como la facturaci\u00f3n y la contabilidad previa.","breadcrumb":{"@id":"https:\/\/furious-squad.com\/es\/modulo\/software-de-gestion-financiera-y-precontabilidad\/#breadcrumb"},"inLanguage":"es","potentialAction":[{"@type":"ReadAction","target":["https:\/\/furious-squad.com\/es\/modulo\/software-de-gestion-financiera-y-precontabilidad\/"]}]},{"@type":"BreadcrumbList","@id":"https:\/\/furious-squad.com\/es\/modulo\/software-de-gestion-financiera-y-precontabilidad\/#breadcrumb","itemListElement":[{"@type":"ListItem","position":1,"name":"Home","item":"https:\/\/www.furious-squad.com\/es\/"},{"@type":"ListItem","position":2,"name":"M\u00f3dulo","item":"https:\/\/www.furious-squad.com\/es\/modulo\/"},{"@type":"ListItem","position":3,"name":"Software de gesti\u00f3n financiera y precontabilidad"}]},{"@type":"WebSite","@id":"https:\/\/www.furious-squad.com\/es\/#website","url":"https:\/\/www.furious-squad.com\/es\/","name":"Furious","description":"","potentialAction":[{"@type":"SearchAction","target":{"@type":"EntryPoint","urlTemplate":"https:\/\/www.furious-squad.com\/es\/?s={search_term_string}"},"query-input":{"@type":"PropertyValueSpecification","valueRequired":true,"valueName":"search_term_string"}}],"inLanguage":"es"}]}},"_links":{"self":[{"href":"https:\/\/furious-squad.com\/es\/wp-json\/wp\/v2\/pages\/103731","targetHints":{"allow":["GET"]}}],"collection":[{"href":"https:\/\/furious-squad.com\/es\/wp-json\/wp\/v2\/pages"}],"about":[{"href":"https:\/\/furious-squad.com\/es\/wp-json\/wp\/v2\/types\/page"}],"author":[{"embeddable":true,"href":"https:\/\/furious-squad.com\/es\/wp-json\/wp\/v2\/users\/1"}],"replies":[{"embeddable":true,"href":"https:\/\/furious-squad.com\/es\/wp-json\/wp\/v2\/comments?post=103731"}],"version-history":[{"count":9,"href":"https:\/\/furious-squad.com\/es\/wp-json\/wp\/v2\/pages\/103731\/revisions"}],"predecessor-version":[{"id":110262,"href":"https:\/\/furious-squad.com\/es\/wp-json\/wp\/v2\/pages\/103731\/revisions\/110262"}],"up":[{"embeddable":true,"href":"https:\/\/furious-squad.com\/es\/wp-json\/wp\/v2\/pages\/103740"}],"wp:attachment":[{"href":"https:\/\/furious-squad.com\/es\/wp-json\/wp\/v2\/media?parent=103731"}],"curies":[{"name":"wp","href":"https:\/\/api.w.org\/{rel}","templated":true}]}}