{"id":103730,"date":"2026-02-23T00:32:31","date_gmt":"2026-02-22T23:32:31","guid":{"rendered":"https:\/\/furious.digitz.dev\/agencia-de-software-de-gestion-de-proyectos-consultoria-esn\/"},"modified":"2026-04-13T16:54:47","modified_gmt":"2026-04-13T14:54:47","slug":"gestion-proyectos","status":"publish","type":"page","link":"https:\/\/furious-squad.com\/es\/modulo\/gestion-proyectos\/","title":{"rendered":"Agencia de software de gesti\u00f3n de proyectos, consultor\u00eda, ESN"},"content":{"rendered":"","protected":false},"excerpt":{"rendered":"","protected":false},"author":1,"featured_media":0,"parent":103740,"menu_order":0,"comment_status":"closed","ping_status":"closed","template":"","meta":{"_acf_changed":false,"footnotes":""},"class_list":["post-103730","page","type-page","status-publish","hentry"],"acf":[],"yoast_head":"<!-- This site is optimized with the Yoast SEO Premium plugin v25.3 (Yoast SEO v27.4) - https:\/\/yoast.com\/product\/yoast-seo-premium-wordpress\/ -->\n<title>Agencia de software de gesti\u00f3n de proyectos, consultora, ESN | Furious<\/title>\n<meta name=\"description\" content=\"Furious es el software de gesti\u00f3n que te permite gestionar mejor tus proyectos, el tiempo vendido frente al tiempo facturado y tu rentabilidad.\" \/>\n<meta name=\"robots\" content=\"index, follow, max-snippet:-1, max-image-preview:large, max-video-preview:-1\" \/>\n<link rel=\"canonical\" href=\"https:\/\/furious-squad.com\/es\/modulo\/gestion-proyectos\/\" \/>\n<meta property=\"og:locale\" content=\"es_ES\" \/>\n<meta property=\"og:type\" content=\"article\" \/>\n<meta property=\"og:title\" content=\"Agencia de software de gesti\u00f3n de proyectos, consultor\u00eda, ESN\" \/>\n<meta property=\"og:description\" content=\"Furious es el software de gesti\u00f3n que te permite gestionar mejor tus proyectos, el tiempo vendido frente al tiempo facturado y tu rentabilidad.\" \/>\n<meta property=\"og:url\" content=\"https:\/\/furious-squad.com\/es\/modulo\/gestion-proyectos\/\" \/>\n<meta property=\"og:site_name\" content=\"Furious\" \/>\n<meta property=\"article:modified_time\" content=\"2026-04-13T14:54:47+00:00\" \/>\n<meta name=\"twitter:card\" content=\"summary_large_image\" \/>\n<script type=\"application\/ld+json\" class=\"yoast-schema-graph\">{\"@context\":\"https:\\\/\\\/schema.org\",\"@graph\":[{\"@type\":\"WebPage\",\"@id\":\"https:\\\/\\\/furious-squad.com\\\/es\\\/modulo\\\/gestion-proyectos\\\/\",\"url\":\"https:\\\/\\\/furious-squad.com\\\/es\\\/modulo\\\/gestion-proyectos\\\/\",\"name\":\"Agencia de software de gesti\u00f3n de proyectos, consultora, ESN | Furious\",\"isPartOf\":{\"@id\":\"https:\\\/\\\/www.furious-squad.com\\\/es\\\/#website\"},\"datePublished\":\"2026-02-22T23:32:31+00:00\",\"dateModified\":\"2026-04-13T14:54:47+00:00\",\"description\":\"Furious es el software de gesti\u00f3n que te permite gestionar mejor tus proyectos, el tiempo vendido frente al tiempo facturado y tu rentabilidad.\",\"breadcrumb\":{\"@id\":\"https:\\\/\\\/furious-squad.com\\\/es\\\/modulo\\\/gestion-proyectos\\\/#breadcrumb\"},\"inLanguage\":\"es\",\"potentialAction\":[{\"@type\":\"ReadAction\",\"target\":[\"https:\\\/\\\/furious-squad.com\\\/es\\\/modulo\\\/gestion-proyectos\\\/\"]}]},{\"@type\":\"BreadcrumbList\",\"@id\":\"https:\\\/\\\/furious-squad.com\\\/es\\\/modulo\\\/gestion-proyectos\\\/#breadcrumb\",\"itemListElement\":[{\"@type\":\"ListItem\",\"position\":1,\"name\":\"Home\",\"item\":\"https:\\\/\\\/www.furious-squad.com\\\/es\\\/\"},{\"@type\":\"ListItem\",\"position\":2,\"name\":\"M\u00f3dulo\",\"item\":\"https:\\\/\\\/www.furious-squad.com\\\/es\\\/modulo\\\/\"},{\"@type\":\"ListItem\",\"position\":3,\"name\":\"Agencia de software de gesti\u00f3n de proyectos, consultor\u00eda, ESN\"}]},{\"@type\":\"WebSite\",\"@id\":\"https:\\\/\\\/www.furious-squad.com\\\/es\\\/#website\",\"url\":\"https:\\\/\\\/www.furious-squad.com\\\/es\\\/\",\"name\":\"Furious\",\"description\":\"\",\"potentialAction\":[{\"@type\":\"SearchAction\",\"target\":{\"@type\":\"EntryPoint\",\"urlTemplate\":\"https:\\\/\\\/www.furious-squad.com\\\/es\\\/?s={search_term_string}\"},\"query-input\":{\"@type\":\"PropertyValueSpecification\",\"valueRequired\":true,\"valueName\":\"search_term_string\"}}],\"inLanguage\":\"es\"}]}<\/script>\n<!-- \/ Yoast SEO Premium plugin. -->","yoast_head_json":{"title":"Agencia de software de gesti\u00f3n de proyectos, consultora, ESN | Furious","description":"Furious es el software de gesti\u00f3n que te permite gestionar mejor tus proyectos, el tiempo vendido frente al tiempo facturado y tu rentabilidad.","robots":{"index":"index","follow":"follow","max-snippet":"max-snippet:-1","max-image-preview":"max-image-preview:large","max-video-preview":"max-video-preview:-1"},"canonical":"https:\/\/furious-squad.com\/es\/modulo\/gestion-proyectos\/","og_locale":"es_ES","og_type":"article","og_title":"Agencia de software de gesti\u00f3n de proyectos, consultor\u00eda, ESN","og_description":"Furious es el software de gesti\u00f3n que te permite gestionar mejor tus proyectos, el tiempo vendido frente al tiempo facturado y tu rentabilidad.","og_url":"https:\/\/furious-squad.com\/es\/modulo\/gestion-proyectos\/","og_site_name":"Furious","article_modified_time":"2026-04-13T14:54:47+00:00","twitter_card":"summary_large_image","schema":{"@context":"https:\/\/schema.org","@graph":[{"@type":"WebPage","@id":"https:\/\/furious-squad.com\/es\/modulo\/gestion-proyectos\/","url":"https:\/\/furious-squad.com\/es\/modulo\/gestion-proyectos\/","name":"Agencia de software de gesti\u00f3n de proyectos, consultora, ESN | Furious","isPartOf":{"@id":"https:\/\/www.furious-squad.com\/es\/#website"},"datePublished":"2026-02-22T23:32:31+00:00","dateModified":"2026-04-13T14:54:47+00:00","description":"Furious es el software de gesti\u00f3n que te permite gestionar mejor tus proyectos, el tiempo vendido frente al tiempo facturado y tu rentabilidad.","breadcrumb":{"@id":"https:\/\/furious-squad.com\/es\/modulo\/gestion-proyectos\/#breadcrumb"},"inLanguage":"es","potentialAction":[{"@type":"ReadAction","target":["https:\/\/furious-squad.com\/es\/modulo\/gestion-proyectos\/"]}]},{"@type":"BreadcrumbList","@id":"https:\/\/furious-squad.com\/es\/modulo\/gestion-proyectos\/#breadcrumb","itemListElement":[{"@type":"ListItem","position":1,"name":"Home","item":"https:\/\/www.furious-squad.com\/es\/"},{"@type":"ListItem","position":2,"name":"M\u00f3dulo","item":"https:\/\/www.furious-squad.com\/es\/modulo\/"},{"@type":"ListItem","position":3,"name":"Agencia de software de gesti\u00f3n de proyectos, consultor\u00eda, ESN"}]},{"@type":"WebSite","@id":"https:\/\/www.furious-squad.com\/es\/#website","url":"https:\/\/www.furious-squad.com\/es\/","name":"Furious","description":"","potentialAction":[{"@type":"SearchAction","target":{"@type":"EntryPoint","urlTemplate":"https:\/\/www.furious-squad.com\/es\/?s={search_term_string}"},"query-input":{"@type":"PropertyValueSpecification","valueRequired":true,"valueName":"search_term_string"}}],"inLanguage":"es"}]}},"_links":{"self":[{"href":"https:\/\/furious-squad.com\/es\/wp-json\/wp\/v2\/pages\/103730","targetHints":{"allow":["GET"]}}],"collection":[{"href":"https:\/\/furious-squad.com\/es\/wp-json\/wp\/v2\/pages"}],"about":[{"href":"https:\/\/furious-squad.com\/es\/wp-json\/wp\/v2\/types\/page"}],"author":[{"embeddable":true,"href":"https:\/\/furious-squad.com\/es\/wp-json\/wp\/v2\/users\/1"}],"replies":[{"embeddable":true,"href":"https:\/\/furious-squad.com\/es\/wp-json\/wp\/v2\/comments?post=103730"}],"version-history":[{"count":8,"href":"https:\/\/furious-squad.com\/es\/wp-json\/wp\/v2\/pages\/103730\/revisions"}],"predecessor-version":[{"id":110221,"href":"https:\/\/furious-squad.com\/es\/wp-json\/wp\/v2\/pages\/103730\/revisions\/110221"}],"up":[{"embeddable":true,"href":"https:\/\/furious-squad.com\/es\/wp-json\/wp\/v2\/pages\/103740"}],"wp:attachment":[{"href":"https:\/\/furious-squad.com\/es\/wp-json\/wp\/v2\/media?parent=103730"}],"curies":[{"name":"wp","href":"https:\/\/api.w.org\/{rel}","templated":true}]}}