{"id":103711,"date":"2026-01-30T01:51:13","date_gmt":"2026-01-30T00:51:13","guid":{"rendered":"https:\/\/furious.digitz.dev\/incorporacion-rapida-sencilla-y-humana-al-erp\/"},"modified":"2026-04-08T19:57:31","modified_gmt":"2026-04-08T17:57:31","slug":"incorporacion-rapida-sencilla-y-humana-al-erp","status":"publish","type":"page","link":"https:\/\/furious-squad.com\/es\/incorporacion-rapida-sencilla-y-humana-al-erp\/","title":{"rendered":"Incorporaci\u00f3n r\u00e1pida, sencilla y humana al ERP"},"content":{"rendered":"","protected":false},"excerpt":{"rendered":"","protected":false},"author":1,"featured_media":0,"parent":0,"menu_order":0,"comment_status":"closed","ping_status":"closed","template":"","meta":{"_acf_changed":false,"footnotes":""},"class_list":["post-103711","page","type-page","status-publish","hentry"],"acf":[],"yoast_head":"<!-- This site is optimized with the Yoast SEO Premium plugin v25.3 (Yoast SEO v27.4) - https:\/\/yoast.com\/product\/yoast-seo-premium-wordpress\/ -->\n<title>Incorporaci\u00f3n r\u00e1pida, sencilla y humana al ERP - Furious<\/title>\n<meta name=\"description\" content=\"Onboarding r\u00e1pido, sencillo y humano El onboarding ERP m\u00e1s r\u00e1pido del mercado, dirigido por profesionales. Un m\u00e9todo sencillo y potente Encuadre y configuraci\u00f3n Antes de producir, nos alineamos Nuestro kickoff transforma tus objetivos en un plan de ejecuci\u00f3n concreto. Diagn\u00f3stico claro, puesta a punto: nuestros modelos preconfigurados, adaptados a tu tama\u00f1o y tipo de empresa, te...\" \/>\n<meta name=\"robots\" content=\"index, follow, max-snippet:-1, max-image-preview:large, max-video-preview:-1\" \/>\n<link rel=\"canonical\" href=\"https:\/\/furious-squad.com\/es\/incorporacion-rapida-sencilla-y-humana-al-erp\/\" \/>\n<meta property=\"og:locale\" content=\"es_ES\" \/>\n<meta property=\"og:type\" content=\"article\" \/>\n<meta property=\"og:title\" content=\"Incorporaci\u00f3n r\u00e1pida, sencilla y humana al ERP\" \/>\n<meta property=\"og:description\" content=\"Onboarding r\u00e1pido, sencillo y humano El onboarding ERP m\u00e1s r\u00e1pido del mercado, dirigido por profesionales. Un m\u00e9todo sencillo y potente Encuadre y configuraci\u00f3n Antes de producir, nos alineamos Nuestro kickoff transforma tus objetivos en un plan de ejecuci\u00f3n concreto. Diagn\u00f3stico claro, puesta a punto: nuestros modelos preconfigurados, adaptados a tu tama\u00f1o y tipo de empresa, te...\" \/>\n<meta property=\"og:url\" content=\"https:\/\/furious-squad.com\/es\/incorporacion-rapida-sencilla-y-humana-al-erp\/\" \/>\n<meta property=\"og:site_name\" content=\"Furious\" \/>\n<meta property=\"article:modified_time\" content=\"2026-04-08T17:57:31+00:00\" \/>\n<meta name=\"twitter:card\" content=\"summary_large_image\" \/>\n<script type=\"application\/ld+json\" class=\"yoast-schema-graph\">{\"@context\":\"https:\\\/\\\/schema.org\",\"@graph\":[{\"@type\":\"WebPage\",\"@id\":\"https:\\\/\\\/furious-squad.com\\\/es\\\/incorporacion-rapida-sencilla-y-humana-al-erp\\\/\",\"url\":\"https:\\\/\\\/furious-squad.com\\\/es\\\/incorporacion-rapida-sencilla-y-humana-al-erp\\\/\",\"name\":\"Incorporaci\u00f3n r\u00e1pida, sencilla y humana al ERP - Furious\",\"isPartOf\":{\"@id\":\"https:\\\/\\\/www.furious-squad.com\\\/es\\\/#website\"},\"datePublished\":\"2026-01-30T00:51:13+00:00\",\"dateModified\":\"2026-04-08T17:57:31+00:00\",\"description\":\"Onboarding r\u00e1pido, sencillo y humano El onboarding ERP m\u00e1s r\u00e1pido del mercado, dirigido por profesionales. Un m\u00e9todo sencillo y potente Encuadre y configuraci\u00f3n Antes de producir, nos alineamos Nuestro kickoff transforma tus objetivos en un plan de ejecuci\u00f3n concreto. Diagn\u00f3stico claro, puesta a punto: nuestros modelos preconfigurados, adaptados a tu tama\u00f1o y tipo de empresa, te...\",\"breadcrumb\":{\"@id\":\"https:\\\/\\\/furious-squad.com\\\/es\\\/incorporacion-rapida-sencilla-y-humana-al-erp\\\/#breadcrumb\"},\"inLanguage\":\"es\",\"potentialAction\":[{\"@type\":\"ReadAction\",\"target\":[\"https:\\\/\\\/furious-squad.com\\\/es\\\/incorporacion-rapida-sencilla-y-humana-al-erp\\\/\"]}]},{\"@type\":\"BreadcrumbList\",\"@id\":\"https:\\\/\\\/furious-squad.com\\\/es\\\/incorporacion-rapida-sencilla-y-humana-al-erp\\\/#breadcrumb\",\"itemListElement\":[{\"@type\":\"ListItem\",\"position\":1,\"name\":\"Home\",\"item\":\"https:\\\/\\\/www.furious-squad.com\\\/es\\\/\"},{\"@type\":\"ListItem\",\"position\":2,\"name\":\"Incorporaci\u00f3n r\u00e1pida, sencilla y humana al ERP\"}]},{\"@type\":\"WebSite\",\"@id\":\"https:\\\/\\\/www.furious-squad.com\\\/es\\\/#website\",\"url\":\"https:\\\/\\\/www.furious-squad.com\\\/es\\\/\",\"name\":\"Furious\",\"description\":\"\",\"potentialAction\":[{\"@type\":\"SearchAction\",\"target\":{\"@type\":\"EntryPoint\",\"urlTemplate\":\"https:\\\/\\\/www.furious-squad.com\\\/es\\\/?s={search_term_string}\"},\"query-input\":{\"@type\":\"PropertyValueSpecification\",\"valueRequired\":true,\"valueName\":\"search_term_string\"}}],\"inLanguage\":\"es\"}]}<\/script>\n<!-- \/ Yoast SEO Premium plugin. -->","yoast_head_json":{"title":"Incorporaci\u00f3n r\u00e1pida, sencilla y humana al ERP - Furious","description":"Onboarding r\u00e1pido, sencillo y humano El onboarding ERP m\u00e1s r\u00e1pido del mercado, dirigido por profesionales. Un m\u00e9todo sencillo y potente Encuadre y configuraci\u00f3n Antes de producir, nos alineamos Nuestro kickoff transforma tus objetivos en un plan de ejecuci\u00f3n concreto. Diagn\u00f3stico claro, puesta a punto: nuestros modelos preconfigurados, adaptados a tu tama\u00f1o y tipo de empresa, te...","robots":{"index":"index","follow":"follow","max-snippet":"max-snippet:-1","max-image-preview":"max-image-preview:large","max-video-preview":"max-video-preview:-1"},"canonical":"https:\/\/furious-squad.com\/es\/incorporacion-rapida-sencilla-y-humana-al-erp\/","og_locale":"es_ES","og_type":"article","og_title":"Incorporaci\u00f3n r\u00e1pida, sencilla y humana al ERP","og_description":"Onboarding r\u00e1pido, sencillo y humano El onboarding ERP m\u00e1s r\u00e1pido del mercado, dirigido por profesionales. Un m\u00e9todo sencillo y potente Encuadre y configuraci\u00f3n Antes de producir, nos alineamos Nuestro kickoff transforma tus objetivos en un plan de ejecuci\u00f3n concreto. Diagn\u00f3stico claro, puesta a punto: nuestros modelos preconfigurados, adaptados a tu tama\u00f1o y tipo de empresa, te...","og_url":"https:\/\/furious-squad.com\/es\/incorporacion-rapida-sencilla-y-humana-al-erp\/","og_site_name":"Furious","article_modified_time":"2026-04-08T17:57:31+00:00","twitter_card":"summary_large_image","schema":{"@context":"https:\/\/schema.org","@graph":[{"@type":"WebPage","@id":"https:\/\/furious-squad.com\/es\/incorporacion-rapida-sencilla-y-humana-al-erp\/","url":"https:\/\/furious-squad.com\/es\/incorporacion-rapida-sencilla-y-humana-al-erp\/","name":"Incorporaci\u00f3n r\u00e1pida, sencilla y humana al ERP - Furious","isPartOf":{"@id":"https:\/\/www.furious-squad.com\/es\/#website"},"datePublished":"2026-01-30T00:51:13+00:00","dateModified":"2026-04-08T17:57:31+00:00","description":"Onboarding r\u00e1pido, sencillo y humano El onboarding ERP m\u00e1s r\u00e1pido del mercado, dirigido por profesionales. Un m\u00e9todo sencillo y potente Encuadre y configuraci\u00f3n Antes de producir, nos alineamos Nuestro kickoff transforma tus objetivos en un plan de ejecuci\u00f3n concreto. Diagn\u00f3stico claro, puesta a punto: nuestros modelos preconfigurados, adaptados a tu tama\u00f1o y tipo de empresa, te...","breadcrumb":{"@id":"https:\/\/furious-squad.com\/es\/incorporacion-rapida-sencilla-y-humana-al-erp\/#breadcrumb"},"inLanguage":"es","potentialAction":[{"@type":"ReadAction","target":["https:\/\/furious-squad.com\/es\/incorporacion-rapida-sencilla-y-humana-al-erp\/"]}]},{"@type":"BreadcrumbList","@id":"https:\/\/furious-squad.com\/es\/incorporacion-rapida-sencilla-y-humana-al-erp\/#breadcrumb","itemListElement":[{"@type":"ListItem","position":1,"name":"Home","item":"https:\/\/www.furious-squad.com\/es\/"},{"@type":"ListItem","position":2,"name":"Incorporaci\u00f3n r\u00e1pida, sencilla y humana al ERP"}]},{"@type":"WebSite","@id":"https:\/\/www.furious-squad.com\/es\/#website","url":"https:\/\/www.furious-squad.com\/es\/","name":"Furious","description":"","potentialAction":[{"@type":"SearchAction","target":{"@type":"EntryPoint","urlTemplate":"https:\/\/www.furious-squad.com\/es\/?s={search_term_string}"},"query-input":{"@type":"PropertyValueSpecification","valueRequired":true,"valueName":"search_term_string"}}],"inLanguage":"es"}]}},"_links":{"self":[{"href":"https:\/\/furious-squad.com\/es\/wp-json\/wp\/v2\/pages\/103711","targetHints":{"allow":["GET"]}}],"collection":[{"href":"https:\/\/furious-squad.com\/es\/wp-json\/wp\/v2\/pages"}],"about":[{"href":"https:\/\/furious-squad.com\/es\/wp-json\/wp\/v2\/types\/page"}],"author":[{"embeddable":true,"href":"https:\/\/furious-squad.com\/es\/wp-json\/wp\/v2\/users\/1"}],"replies":[{"embeddable":true,"href":"https:\/\/furious-squad.com\/es\/wp-json\/wp\/v2\/comments?post=103711"}],"version-history":[{"count":4,"href":"https:\/\/furious-squad.com\/es\/wp-json\/wp\/v2\/pages\/103711\/revisions"}],"predecessor-version":[{"id":108832,"href":"https:\/\/furious-squad.com\/es\/wp-json\/wp\/v2\/pages\/103711\/revisions\/108832"}],"wp:attachment":[{"href":"https:\/\/furious-squad.com\/es\/wp-json\/wp\/v2\/media?parent=103711"}],"curies":[{"name":"wp","href":"https:\/\/api.w.org\/{rel}","templated":true}]}}