{"id":103700,"date":"2026-02-21T06:42:02","date_gmt":"2026-02-21T05:42:02","guid":{"rendered":"https:\/\/furious.digitz.dev\/lista-de-libros-electronicos\/"},"modified":"2026-04-08T14:53:49","modified_gmt":"2026-04-08T12:53:49","slug":"lista-de-libros-electronicos","status":"publish","type":"page","link":"https:\/\/furious-squad.com\/es\/lista-de-libros-electronicos\/","title":{"rendered":"Lista de libros electr\u00f3nicos"},"content":{"rendered":"","protected":false},"excerpt":{"rendered":"","protected":false},"author":1,"featured_media":0,"parent":0,"menu_order":0,"comment_status":"closed","ping_status":"closed","template":"template-resources-listing.php","meta":{"_acf_changed":false,"footnotes":""},"class_list":["post-103700","page","type-page","status-publish","hentry"],"acf":[],"yoast_head":"<!-- This site is optimized with the Yoast SEO Premium plugin v25.3 (Yoast SEO v27.4) - https:\/\/yoast.com\/product\/yoast-seo-premium-wordpress\/ -->\n<title>Lista de libros electr\u00f3nicos - Furious<\/title>\n<meta name=\"description\" content=\"Accede a nuestra completa colecci\u00f3n de recursos gratuitos: gu\u00edas pr\u00e1cticas que te ayudar\u00e1n a gestionar tus proyectos con mayor eficacia, optimizar tu dotaci\u00f3n de personal y acelerar el crecimiento de tu agencia o consultor\u00eda.\" \/>\n<meta name=\"robots\" content=\"index, follow, max-snippet:-1, max-image-preview:large, max-video-preview:-1\" \/>\n<link rel=\"canonical\" href=\"https:\/\/furious-squad.com\/es\/lista-de-libros-electronicos\/\" \/>\n<meta property=\"og:locale\" content=\"es_ES\" \/>\n<meta property=\"og:type\" content=\"article\" \/>\n<meta property=\"og:title\" content=\"Lista de libros electr\u00f3nicos\" \/>\n<meta property=\"og:description\" content=\"Accede a nuestra completa colecci\u00f3n de recursos gratuitos: gu\u00edas pr\u00e1cticas que te ayudar\u00e1n a gestionar tus proyectos con mayor eficacia, optimizar tu dotaci\u00f3n de personal y acelerar el crecimiento de tu agencia o consultor\u00eda.\" \/>\n<meta property=\"og:url\" content=\"https:\/\/furious-squad.com\/es\/lista-de-libros-electronicos\/\" \/>\n<meta property=\"og:site_name\" content=\"Furious\" \/>\n<meta property=\"article:modified_time\" content=\"2026-04-08T12:53:49+00:00\" \/>\n<meta name=\"twitter:card\" content=\"summary_large_image\" \/>\n<script type=\"application\/ld+json\" class=\"yoast-schema-graph\">{\"@context\":\"https:\\\/\\\/schema.org\",\"@graph\":[{\"@type\":\"WebPage\",\"@id\":\"https:\\\/\\\/furious-squad.com\\\/es\\\/lista-de-libros-electronicos\\\/\",\"url\":\"https:\\\/\\\/furious-squad.com\\\/es\\\/lista-de-libros-electronicos\\\/\",\"name\":\"Lista de libros electr\u00f3nicos - Furious\",\"isPartOf\":{\"@id\":\"https:\\\/\\\/www.furious-squad.com\\\/es\\\/#website\"},\"datePublished\":\"2026-02-21T05:42:02+00:00\",\"dateModified\":\"2026-04-08T12:53:49+00:00\",\"description\":\"Accede a nuestra completa colecci\u00f3n de recursos gratuitos: gu\u00edas pr\u00e1cticas que te ayudar\u00e1n a gestionar tus proyectos con mayor eficacia, optimizar tu dotaci\u00f3n de personal y acelerar el crecimiento de tu agencia o consultor\u00eda.\",\"breadcrumb\":{\"@id\":\"https:\\\/\\\/furious-squad.com\\\/es\\\/lista-de-libros-electronicos\\\/#breadcrumb\"},\"inLanguage\":\"es\",\"potentialAction\":[{\"@type\":\"ReadAction\",\"target\":[\"https:\\\/\\\/furious-squad.com\\\/es\\\/lista-de-libros-electronicos\\\/\"]}]},{\"@type\":\"BreadcrumbList\",\"@id\":\"https:\\\/\\\/furious-squad.com\\\/es\\\/lista-de-libros-electronicos\\\/#breadcrumb\",\"itemListElement\":[{\"@type\":\"ListItem\",\"position\":1,\"name\":\"Home\",\"item\":\"https:\\\/\\\/www.furious-squad.com\\\/es\\\/\"},{\"@type\":\"ListItem\",\"position\":2,\"name\":\"Lista de libros electr\u00f3nicos\"}]},{\"@type\":\"WebSite\",\"@id\":\"https:\\\/\\\/www.furious-squad.com\\\/es\\\/#website\",\"url\":\"https:\\\/\\\/www.furious-squad.com\\\/es\\\/\",\"name\":\"Furious\",\"description\":\"\",\"potentialAction\":[{\"@type\":\"SearchAction\",\"target\":{\"@type\":\"EntryPoint\",\"urlTemplate\":\"https:\\\/\\\/www.furious-squad.com\\\/es\\\/?s={search_term_string}\"},\"query-input\":{\"@type\":\"PropertyValueSpecification\",\"valueRequired\":true,\"valueName\":\"search_term_string\"}}],\"inLanguage\":\"es\"}]}<\/script>\n<!-- \/ Yoast SEO Premium plugin. -->","yoast_head_json":{"title":"Lista de libros electr\u00f3nicos - Furious","description":"Accede a nuestra completa colecci\u00f3n de recursos gratuitos: gu\u00edas pr\u00e1cticas que te ayudar\u00e1n a gestionar tus proyectos con mayor eficacia, optimizar tu dotaci\u00f3n de personal y acelerar el crecimiento de tu agencia o consultor\u00eda.","robots":{"index":"index","follow":"follow","max-snippet":"max-snippet:-1","max-image-preview":"max-image-preview:large","max-video-preview":"max-video-preview:-1"},"canonical":"https:\/\/furious-squad.com\/es\/lista-de-libros-electronicos\/","og_locale":"es_ES","og_type":"article","og_title":"Lista de libros electr\u00f3nicos","og_description":"Accede a nuestra completa colecci\u00f3n de recursos gratuitos: gu\u00edas pr\u00e1cticas que te ayudar\u00e1n a gestionar tus proyectos con mayor eficacia, optimizar tu dotaci\u00f3n de personal y acelerar el crecimiento de tu agencia o consultor\u00eda.","og_url":"https:\/\/furious-squad.com\/es\/lista-de-libros-electronicos\/","og_site_name":"Furious","article_modified_time":"2026-04-08T12:53:49+00:00","twitter_card":"summary_large_image","schema":{"@context":"https:\/\/schema.org","@graph":[{"@type":"WebPage","@id":"https:\/\/furious-squad.com\/es\/lista-de-libros-electronicos\/","url":"https:\/\/furious-squad.com\/es\/lista-de-libros-electronicos\/","name":"Lista de libros electr\u00f3nicos - Furious","isPartOf":{"@id":"https:\/\/www.furious-squad.com\/es\/#website"},"datePublished":"2026-02-21T05:42:02+00:00","dateModified":"2026-04-08T12:53:49+00:00","description":"Accede a nuestra completa colecci\u00f3n de recursos gratuitos: gu\u00edas pr\u00e1cticas que te ayudar\u00e1n a gestionar tus proyectos con mayor eficacia, optimizar tu dotaci\u00f3n de personal y acelerar el crecimiento de tu agencia o consultor\u00eda.","breadcrumb":{"@id":"https:\/\/furious-squad.com\/es\/lista-de-libros-electronicos\/#breadcrumb"},"inLanguage":"es","potentialAction":[{"@type":"ReadAction","target":["https:\/\/furious-squad.com\/es\/lista-de-libros-electronicos\/"]}]},{"@type":"BreadcrumbList","@id":"https:\/\/furious-squad.com\/es\/lista-de-libros-electronicos\/#breadcrumb","itemListElement":[{"@type":"ListItem","position":1,"name":"Home","item":"https:\/\/www.furious-squad.com\/es\/"},{"@type":"ListItem","position":2,"name":"Lista de libros electr\u00f3nicos"}]},{"@type":"WebSite","@id":"https:\/\/www.furious-squad.com\/es\/#website","url":"https:\/\/www.furious-squad.com\/es\/","name":"Furious","description":"","potentialAction":[{"@type":"SearchAction","target":{"@type":"EntryPoint","urlTemplate":"https:\/\/www.furious-squad.com\/es\/?s={search_term_string}"},"query-input":{"@type":"PropertyValueSpecification","valueRequired":true,"valueName":"search_term_string"}}],"inLanguage":"es"}]}},"_links":{"self":[{"href":"https:\/\/furious-squad.com\/es\/wp-json\/wp\/v2\/pages\/103700","targetHints":{"allow":["GET"]}}],"collection":[{"href":"https:\/\/furious-squad.com\/es\/wp-json\/wp\/v2\/pages"}],"about":[{"href":"https:\/\/furious-squad.com\/es\/wp-json\/wp\/v2\/types\/page"}],"author":[{"embeddable":true,"href":"https:\/\/furious-squad.com\/es\/wp-json\/wp\/v2\/users\/1"}],"replies":[{"embeddable":true,"href":"https:\/\/furious-squad.com\/es\/wp-json\/wp\/v2\/comments?post=103700"}],"version-history":[{"count":2,"href":"https:\/\/furious-squad.com\/es\/wp-json\/wp\/v2\/pages\/103700\/revisions"}],"predecessor-version":[{"id":109830,"href":"https:\/\/furious-squad.com\/es\/wp-json\/wp\/v2\/pages\/103700\/revisions\/109830"}],"wp:attachment":[{"href":"https:\/\/furious-squad.com\/es\/wp-json\/wp\/v2\/media?parent=103700"}],"curies":[{"name":"wp","href":"https:\/\/api.w.org\/{rel}","templated":true}]}}