{"id":103655,"date":"2026-02-03T18:55:55","date_gmt":"2026-02-03T17:55:55","guid":{"rendered":"https:\/\/furious.digitz.dev\/hazte-socio-integrador-de-furious\/"},"modified":"2026-04-07T13:11:48","modified_gmt":"2026-04-07T11:11:48","slug":"hazte-socio-integrador-de-furious","status":"publish","type":"page","link":"https:\/\/furious-squad.com\/es\/hazte-socio-integrador-de-furious\/","title":{"rendered":"Hazte socio integrador de Furious"},"content":{"rendered":"","protected":false},"excerpt":{"rendered":"","protected":false},"author":1,"featured_media":0,"parent":0,"menu_order":0,"comment_status":"closed","ping_status":"closed","template":"","meta":{"_acf_changed":false,"footnotes":""},"class_list":["post-103655","page","type-page","status-publish","hentry"],"acf":[],"yoast_head":"<!-- This site is optimized with the Yoast SEO Premium plugin v25.3 (Yoast SEO v27.4) - https:\/\/yoast.com\/product\/yoast-seo-premium-wordpress\/ -->\n<title>Hazte socio integrador de Furious - Furious<\/title>\n<meta name=\"description\" content=\"Convi\u00e9rtete en socio integrador de Furious e impulsa tus misiones. \u00danete a un ecosistema que simplifica la gesti\u00f3n y maximiza el valor para tus clientes.\" \/>\n<meta name=\"robots\" content=\"index, follow, max-snippet:-1, max-image-preview:large, max-video-preview:-1\" \/>\n<link rel=\"canonical\" href=\"https:\/\/furious-squad.com\/es\/hazte-socio-integrador-de-furious\/\" \/>\n<meta property=\"og:locale\" content=\"es_ES\" \/>\n<meta property=\"og:type\" content=\"article\" \/>\n<meta property=\"og:title\" content=\"Hazte socio integrador de Furious\" \/>\n<meta property=\"og:description\" content=\"Convi\u00e9rtete en socio integrador de Furious e impulsa tus misiones. \u00danete a un ecosistema que simplifica la gesti\u00f3n y maximiza el valor para tus clientes.\" \/>\n<meta property=\"og:url\" content=\"https:\/\/furious-squad.com\/es\/hazte-socio-integrador-de-furious\/\" \/>\n<meta property=\"og:site_name\" content=\"Furious\" \/>\n<meta property=\"article:modified_time\" content=\"2026-04-07T11:11:48+00:00\" \/>\n<meta name=\"twitter:card\" content=\"summary_large_image\" \/>\n<script type=\"application\/ld+json\" class=\"yoast-schema-graph\">{\"@context\":\"https:\\\/\\\/schema.org\",\"@graph\":[{\"@type\":\"WebPage\",\"@id\":\"https:\\\/\\\/furious-squad.com\\\/es\\\/hazte-socio-integrador-de-furious\\\/\",\"url\":\"https:\\\/\\\/furious-squad.com\\\/es\\\/hazte-socio-integrador-de-furious\\\/\",\"name\":\"Hazte socio integrador de Furious - Furious\",\"isPartOf\":{\"@id\":\"https:\\\/\\\/www.furious-squad.com\\\/es\\\/#website\"},\"datePublished\":\"2026-02-03T17:55:55+00:00\",\"dateModified\":\"2026-04-07T11:11:48+00:00\",\"description\":\"Convi\u00e9rtete en socio integrador de Furious e impulsa tus misiones. \u00danete a un ecosistema que simplifica la gesti\u00f3n y maximiza el valor para tus clientes.\",\"breadcrumb\":{\"@id\":\"https:\\\/\\\/furious-squad.com\\\/es\\\/hazte-socio-integrador-de-furious\\\/#breadcrumb\"},\"inLanguage\":\"es\",\"potentialAction\":[{\"@type\":\"ReadAction\",\"target\":[\"https:\\\/\\\/furious-squad.com\\\/es\\\/hazte-socio-integrador-de-furious\\\/\"]}]},{\"@type\":\"BreadcrumbList\",\"@id\":\"https:\\\/\\\/furious-squad.com\\\/es\\\/hazte-socio-integrador-de-furious\\\/#breadcrumb\",\"itemListElement\":[{\"@type\":\"ListItem\",\"position\":1,\"name\":\"Home\",\"item\":\"https:\\\/\\\/www.furious-squad.com\\\/es\\\/\"},{\"@type\":\"ListItem\",\"position\":2,\"name\":\"Hazte socio integrador de Furious\"}]},{\"@type\":\"WebSite\",\"@id\":\"https:\\\/\\\/www.furious-squad.com\\\/es\\\/#website\",\"url\":\"https:\\\/\\\/www.furious-squad.com\\\/es\\\/\",\"name\":\"Furious\",\"description\":\"\",\"potentialAction\":[{\"@type\":\"SearchAction\",\"target\":{\"@type\":\"EntryPoint\",\"urlTemplate\":\"https:\\\/\\\/www.furious-squad.com\\\/es\\\/?s={search_term_string}\"},\"query-input\":{\"@type\":\"PropertyValueSpecification\",\"valueRequired\":true,\"valueName\":\"search_term_string\"}}],\"inLanguage\":\"es\"}]}<\/script>\n<!-- \/ Yoast SEO Premium plugin. -->","yoast_head_json":{"title":"Hazte socio integrador de Furious - Furious","description":"Convi\u00e9rtete en socio integrador de Furious e impulsa tus misiones. \u00danete a un ecosistema que simplifica la gesti\u00f3n y maximiza el valor para tus clientes.","robots":{"index":"index","follow":"follow","max-snippet":"max-snippet:-1","max-image-preview":"max-image-preview:large","max-video-preview":"max-video-preview:-1"},"canonical":"https:\/\/furious-squad.com\/es\/hazte-socio-integrador-de-furious\/","og_locale":"es_ES","og_type":"article","og_title":"Hazte socio integrador de Furious","og_description":"Convi\u00e9rtete en socio integrador de Furious e impulsa tus misiones. \u00danete a un ecosistema que simplifica la gesti\u00f3n y maximiza el valor para tus clientes.","og_url":"https:\/\/furious-squad.com\/es\/hazte-socio-integrador-de-furious\/","og_site_name":"Furious","article_modified_time":"2026-04-07T11:11:48+00:00","twitter_card":"summary_large_image","schema":{"@context":"https:\/\/schema.org","@graph":[{"@type":"WebPage","@id":"https:\/\/furious-squad.com\/es\/hazte-socio-integrador-de-furious\/","url":"https:\/\/furious-squad.com\/es\/hazte-socio-integrador-de-furious\/","name":"Hazte socio integrador de Furious - Furious","isPartOf":{"@id":"https:\/\/www.furious-squad.com\/es\/#website"},"datePublished":"2026-02-03T17:55:55+00:00","dateModified":"2026-04-07T11:11:48+00:00","description":"Convi\u00e9rtete en socio integrador de Furious e impulsa tus misiones. \u00danete a un ecosistema que simplifica la gesti\u00f3n y maximiza el valor para tus clientes.","breadcrumb":{"@id":"https:\/\/furious-squad.com\/es\/hazte-socio-integrador-de-furious\/#breadcrumb"},"inLanguage":"es","potentialAction":[{"@type":"ReadAction","target":["https:\/\/furious-squad.com\/es\/hazte-socio-integrador-de-furious\/"]}]},{"@type":"BreadcrumbList","@id":"https:\/\/furious-squad.com\/es\/hazte-socio-integrador-de-furious\/#breadcrumb","itemListElement":[{"@type":"ListItem","position":1,"name":"Home","item":"https:\/\/www.furious-squad.com\/es\/"},{"@type":"ListItem","position":2,"name":"Hazte socio integrador de Furious"}]},{"@type":"WebSite","@id":"https:\/\/www.furious-squad.com\/es\/#website","url":"https:\/\/www.furious-squad.com\/es\/","name":"Furious","description":"","potentialAction":[{"@type":"SearchAction","target":{"@type":"EntryPoint","urlTemplate":"https:\/\/www.furious-squad.com\/es\/?s={search_term_string}"},"query-input":{"@type":"PropertyValueSpecification","valueRequired":true,"valueName":"search_term_string"}}],"inLanguage":"es"}]}},"_links":{"self":[{"href":"https:\/\/furious-squad.com\/es\/wp-json\/wp\/v2\/pages\/103655","targetHints":{"allow":["GET"]}}],"collection":[{"href":"https:\/\/furious-squad.com\/es\/wp-json\/wp\/v2\/pages"}],"about":[{"href":"https:\/\/furious-squad.com\/es\/wp-json\/wp\/v2\/types\/page"}],"author":[{"embeddable":true,"href":"https:\/\/furious-squad.com\/es\/wp-json\/wp\/v2\/users\/1"}],"replies":[{"embeddable":true,"href":"https:\/\/furious-squad.com\/es\/wp-json\/wp\/v2\/comments?post=103655"}],"version-history":[{"count":9,"href":"https:\/\/furious-squad.com\/es\/wp-json\/wp\/v2\/pages\/103655\/revisions"}],"predecessor-version":[{"id":109042,"href":"https:\/\/furious-squad.com\/es\/wp-json\/wp\/v2\/pages\/103655\/revisions\/109042"}],"wp:attachment":[{"href":"https:\/\/furious-squad.com\/es\/wp-json\/wp\/v2\/media?parent=103655"}],"curies":[{"name":"wp","href":"https:\/\/api.w.org\/{rel}","templated":true}]}}