{"id":103641,"date":"2026-02-27T13:50:09","date_gmt":"2026-02-27T12:50:09","guid":{"rendered":"https:\/\/furious.digitz.dev\/tarifas\/"},"modified":"2026-03-30T14:26:45","modified_gmt":"2026-03-30T12:26:45","slug":"tarifas","status":"publish","type":"page","link":"https:\/\/furious-squad.com\/es\/tarifas\/","title":{"rendered":"Tarifas"},"content":{"rendered":"","protected":false},"excerpt":{"rendered":"","protected":false},"author":1,"featured_media":0,"parent":0,"menu_order":0,"comment_status":"closed","ping_status":"closed","template":"template-pricing.php","meta":{"_acf_changed":false,"footnotes":""},"class_list":["post-103641","page","type-page","status-publish","hentry"],"acf":[],"yoast_head":"<!-- This site is optimized with the Yoast SEO Premium plugin v25.3 (Yoast SEO v27.4) - https:\/\/yoast.com\/product\/yoast-seo-premium-wordpress\/ -->\n<title>Tarifas de la herramienta Furious: agencia, consultor\u00eda y gesti\u00f3n ESN<\/title>\n<meta name=\"description\" content=\"Furious: herramienta de gesti\u00f3n para agencias, consultor\u00edas, ESN. No esperes m\u00e1s para poner tus equipos en piloto autom\u00e1tico: inf\u00f3rmate sobre nuestras tarifas.\" \/>\n<meta name=\"robots\" content=\"index, follow, max-snippet:-1, max-image-preview:large, max-video-preview:-1\" \/>\n<link rel=\"canonical\" href=\"https:\/\/furious-squad.com\/es\/tarifas\/\" \/>\n<meta property=\"og:locale\" content=\"es_ES\" \/>\n<meta property=\"og:type\" content=\"article\" \/>\n<meta property=\"og:title\" content=\"Tarifas\" \/>\n<meta property=\"og:description\" content=\"Furious: herramienta de gesti\u00f3n para agencias, consultor\u00edas, ESN. No esperes m\u00e1s para poner tus equipos en piloto autom\u00e1tico: inf\u00f3rmate sobre nuestras tarifas.\" \/>\n<meta property=\"og:url\" content=\"https:\/\/furious-squad.com\/es\/tarifas\/\" \/>\n<meta property=\"og:site_name\" content=\"Furious\" \/>\n<meta property=\"article:modified_time\" content=\"2026-03-30T12:26:45+00:00\" \/>\n<meta name=\"twitter:card\" content=\"summary_large_image\" \/>\n<script type=\"application\/ld+json\" class=\"yoast-schema-graph\">{\"@context\":\"https:\\\/\\\/schema.org\",\"@graph\":[{\"@type\":\"WebPage\",\"@id\":\"https:\\\/\\\/furious-squad.com\\\/es\\\/tarifas\\\/\",\"url\":\"https:\\\/\\\/furious-squad.com\\\/es\\\/tarifas\\\/\",\"name\":\"Tarifas de la herramienta Furious: agencia, consultor\u00eda y gesti\u00f3n ESN\",\"isPartOf\":{\"@id\":\"https:\\\/\\\/www.furious-squad.com\\\/es\\\/#website\"},\"datePublished\":\"2026-02-27T12:50:09+00:00\",\"dateModified\":\"2026-03-30T12:26:45+00:00\",\"description\":\"Furious: herramienta de gesti\u00f3n para agencias, consultor\u00edas, ESN. No esperes m\u00e1s para poner tus equipos en piloto autom\u00e1tico: inf\u00f3rmate sobre nuestras tarifas.\",\"breadcrumb\":{\"@id\":\"https:\\\/\\\/furious-squad.com\\\/es\\\/tarifas\\\/#breadcrumb\"},\"inLanguage\":\"es\",\"potentialAction\":[{\"@type\":\"ReadAction\",\"target\":[\"https:\\\/\\\/furious-squad.com\\\/es\\\/tarifas\\\/\"]}]},{\"@type\":\"BreadcrumbList\",\"@id\":\"https:\\\/\\\/furious-squad.com\\\/es\\\/tarifas\\\/#breadcrumb\",\"itemListElement\":[{\"@type\":\"ListItem\",\"position\":1,\"name\":\"Home\",\"item\":\"https:\\\/\\\/www.furious-squad.com\\\/es\\\/\"},{\"@type\":\"ListItem\",\"position\":2,\"name\":\"Tarifas\"}]},{\"@type\":\"WebSite\",\"@id\":\"https:\\\/\\\/www.furious-squad.com\\\/es\\\/#website\",\"url\":\"https:\\\/\\\/www.furious-squad.com\\\/es\\\/\",\"name\":\"Furious\",\"description\":\"\",\"potentialAction\":[{\"@type\":\"SearchAction\",\"target\":{\"@type\":\"EntryPoint\",\"urlTemplate\":\"https:\\\/\\\/www.furious-squad.com\\\/es\\\/?s={search_term_string}\"},\"query-input\":{\"@type\":\"PropertyValueSpecification\",\"valueRequired\":true,\"valueName\":\"search_term_string\"}}],\"inLanguage\":\"es\"}]}<\/script>\n<!-- \/ Yoast SEO Premium plugin. -->","yoast_head_json":{"title":"Tarifas de la herramienta Furious: agencia, consultor\u00eda y gesti\u00f3n ESN","description":"Furious: herramienta de gesti\u00f3n para agencias, consultor\u00edas, ESN. No esperes m\u00e1s para poner tus equipos en piloto autom\u00e1tico: inf\u00f3rmate sobre nuestras tarifas.","robots":{"index":"index","follow":"follow","max-snippet":"max-snippet:-1","max-image-preview":"max-image-preview:large","max-video-preview":"max-video-preview:-1"},"canonical":"https:\/\/furious-squad.com\/es\/tarifas\/","og_locale":"es_ES","og_type":"article","og_title":"Tarifas","og_description":"Furious: herramienta de gesti\u00f3n para agencias, consultor\u00edas, ESN. No esperes m\u00e1s para poner tus equipos en piloto autom\u00e1tico: inf\u00f3rmate sobre nuestras tarifas.","og_url":"https:\/\/furious-squad.com\/es\/tarifas\/","og_site_name":"Furious","article_modified_time":"2026-03-30T12:26:45+00:00","twitter_card":"summary_large_image","schema":{"@context":"https:\/\/schema.org","@graph":[{"@type":"WebPage","@id":"https:\/\/furious-squad.com\/es\/tarifas\/","url":"https:\/\/furious-squad.com\/es\/tarifas\/","name":"Tarifas de la herramienta Furious: agencia, consultor\u00eda y gesti\u00f3n ESN","isPartOf":{"@id":"https:\/\/www.furious-squad.com\/es\/#website"},"datePublished":"2026-02-27T12:50:09+00:00","dateModified":"2026-03-30T12:26:45+00:00","description":"Furious: herramienta de gesti\u00f3n para agencias, consultor\u00edas, ESN. No esperes m\u00e1s para poner tus equipos en piloto autom\u00e1tico: inf\u00f3rmate sobre nuestras tarifas.","breadcrumb":{"@id":"https:\/\/furious-squad.com\/es\/tarifas\/#breadcrumb"},"inLanguage":"es","potentialAction":[{"@type":"ReadAction","target":["https:\/\/furious-squad.com\/es\/tarifas\/"]}]},{"@type":"BreadcrumbList","@id":"https:\/\/furious-squad.com\/es\/tarifas\/#breadcrumb","itemListElement":[{"@type":"ListItem","position":1,"name":"Home","item":"https:\/\/www.furious-squad.com\/es\/"},{"@type":"ListItem","position":2,"name":"Tarifas"}]},{"@type":"WebSite","@id":"https:\/\/www.furious-squad.com\/es\/#website","url":"https:\/\/www.furious-squad.com\/es\/","name":"Furious","description":"","potentialAction":[{"@type":"SearchAction","target":{"@type":"EntryPoint","urlTemplate":"https:\/\/www.furious-squad.com\/es\/?s={search_term_string}"},"query-input":{"@type":"PropertyValueSpecification","valueRequired":true,"valueName":"search_term_string"}}],"inLanguage":"es"}]}},"_links":{"self":[{"href":"https:\/\/furious-squad.com\/es\/wp-json\/wp\/v2\/pages\/103641","targetHints":{"allow":["GET"]}}],"collection":[{"href":"https:\/\/furious-squad.com\/es\/wp-json\/wp\/v2\/pages"}],"about":[{"href":"https:\/\/furious-squad.com\/es\/wp-json\/wp\/v2\/types\/page"}],"author":[{"embeddable":true,"href":"https:\/\/furious-squad.com\/es\/wp-json\/wp\/v2\/users\/1"}],"replies":[{"embeddable":true,"href":"https:\/\/furious-squad.com\/es\/wp-json\/wp\/v2\/comments?post=103641"}],"version-history":[{"count":1,"href":"https:\/\/furious-squad.com\/es\/wp-json\/wp\/v2\/pages\/103641\/revisions"}],"predecessor-version":[{"id":103937,"href":"https:\/\/furious-squad.com\/es\/wp-json\/wp\/v2\/pages\/103641\/revisions\/103937"}],"wp:attachment":[{"href":"https:\/\/furious-squad.com\/es\/wp-json\/wp\/v2\/media?parent=103641"}],"curies":[{"name":"wp","href":"https:\/\/api.w.org\/{rel}","templated":true}]}}