{"id":103616,"date":"2026-02-27T15:50:38","date_gmt":"2026-02-27T14:50:38","guid":{"rendered":"https:\/\/furious.digitz.dev\/herramienta-de-gestion-del-rgpd-de-los-furiosos\/"},"modified":"2026-04-09T02:14:39","modified_gmt":"2026-04-09T00:14:39","slug":"rgpd-furious-2","status":"publish","type":"page","link":"https:\/\/furious-squad.com\/es\/rgpd-furious-2\/","title":{"rendered":"Herramienta de gesti\u00f3n del RGPD de los Furiosos"},"content":{"rendered":"<section>\n<section>\n<h2 data-elementor-setting-key=\"title\" data-pen-placeholder=\"\u00c9crivez ici...\">Pol\u00edtica GDPR<\/h2>\n<h3><strong>\u00daltima actualizaci\u00f3n: 30 de enero de 2025<\/strong><\/h3>\n<p>El Reglamento General de Protecci\u00f3n de Datos (RGPD) introduce nuevas responsabilidades para las empresas como Furious que tratan datos de car\u00e1cter personal. El RGPD tambi\u00e9n confiere nuevos derechos a las personas cuyos datos se tratan, incluyendo el derecho al olvido y el derecho a la portabilidad de los datos. Desde nuestra creaci\u00f3n, la protecci\u00f3n de los datos personales siempre ha sido una prioridad, y Furious ya ha tomado todas las medidas necesarias para cumplir con el RGPD, garantizando que nuestros servicios operan en un marco legal seguro y transparente. Entre las medidas que hemos implementado para asegurar la conformidad con el RGPD:<\/p>\n<ul>\n<li>Establecer acuerdos contractuales claros que describan las obligaciones y responsabilidades de Furious y de nuestros clientes en lo que respecta a la recogida y el tratamiento de los datos de car\u00e1cter personal.\n<ul>\n<li>Conviene se\u00f1alar que, en el marco de nuestros servicios, Furious act\u00faa como subcontratista para nuestros clientes. Por lo tanto, tambi\u00e9n incumbe a nuestros clientes asegurarse de que sus operaciones cumplen con el RGPD, en particular en lo que respecta a la recogida, el uso y el almacenamiento de los datos personales transmitidos a Furious.<\/li>\n<\/ul>\n<\/li>\n<li>Mantener un registro de las operaciones de tratamiento para seguir y actualizar todas las actividades de tratamiento de datos.<\/li>\n<li>Implementar procedimientos para asegurar los datos personales y minimizar el riesgo de violaciones de datos, as\u00ed como protocolos para informar a la CNIL en caso de tales incidentes.<\/li>\n<\/ul>\n<p>Para obtener m\u00e1s informaci\u00f3n sobre c\u00f3mo Furious utiliza sus datos, puede consultar nuestra\u00a0<a href=\"https:\/\/www.furious-squad.com\/es\/data-protection-policy\/\" target=\"_blank\" rel=\"noopener noreferrer\">Pol\u00edtica de protecci\u00f3n de datos<\/a>.<\/p>\n<h2>Nota sobre la extensi\u00f3n Google Sheets\u2122<\/h2>\n<p>La extensi\u00f3n Google Sheets\u2122 de Furious permite transferir los datos de una hoja a Furious\u2122. No se transfiere ninguna informaci\u00f3n relativa a la cuenta Google\u2122 del usuario. Para realizar esta operaci\u00f3n, el usuario debe poseer una cuenta Furious\u2122 y disponer de los derechos necesarios. Los datos transferidos siguen siendo propiedad del usuario. En ning\u00fan caso, Furious\u2122 comparte estos datos ni los hace p\u00fablicos. Los datos brutos transferidos solo se conservan durante la duraci\u00f3n de la manipulaci\u00f3n. A continuaci\u00f3n, se eliminan en un plazo m\u00e1ximo de 48 horas.\u00a0<b>\u00bfC\u00f3mo se realiza la transferencia de datos desde la hoja Google Sheets\u2122?<\/b><\/p>\n<ol>\n<li>El usuario solicita un identificador de transferencia en la aplicaci\u00f3n Furious\u2122. Este identificador es una clave \u00fanica que expira al cabo de 48 horas.<\/li>\n<li>A continuaci\u00f3n, el usuario copia esta clave en la ventana modal de la extensi\u00f3n Furious\u2122 para Google Sheets\u2122. Una vez validada la clave, los datos de la hoja se env\u00edan a Furious\u2122 a trav\u00e9s de una API.<\/li>\n<\/ol>\n<p><b>Acceso a los datos de Google<\/b>\u00a0El usuario se identifica en Google Sheets\u2122. Furious\u2122 no interviene en el proceso de identificaci\u00f3n. A continuaci\u00f3n, el usuario instala la extensi\u00f3n Furious\u2122 para Google Sheets\u2122 desde Google Marketplace\u2122 y acepta los t\u00e9rminos de la pantalla de consentimiento. No se transfiere ninguna informaci\u00f3n relativa a la cuenta Google\u2122 del usuario a Furious\u2122.\u00a0<b>Utilizaci\u00f3n de los datos<\/b>\u00a0La utilizaci\u00f3n y la transferencia por parte de la extensi\u00f3n Furious\u2122 para Google Sheets\u2122 de toda informaci\u00f3n recibida de las API de Google se realizar\u00e1n de conformidad con la\u00a0<a href=\"https:\/\/developers.google.com\/terms\/api-services-user-data-policy#additional_requirements_for_specific_api_scopes\" target=\"_blank\" rel=\"noopener noreferrer\">Google API Services User Data Policy<\/a>, incluyendo los requisitos de Utilizaci\u00f3n Limitada. Una vez instalada la extensi\u00f3n, el usuario dispone de un nuevo men\u00fa \u00abFurious\u00bb en Google Sheets\u2122. Al seleccionar \u00abExportar los datos a Furious\u00bb en este men\u00fa, se abre una ventana modal que contiene un formulario. Este formulario contiene un campo ID en el que el usuario debe pegar el identificador de transferencia \u00fanico proporcionado por la aplicaci\u00f3n Furious\u2122. Cuando el usuario valida el formulario con el bot\u00f3n \u00abEnviar\u00bb, los datos de la hoja activa de Google Sheets\u2122 se transmiten a la aplicaci\u00f3n Furious\u2122 del usuario a trav\u00e9s de una API segura. A continuaci\u00f3n, estos datos se almacenan en la base de datos de la instancia Furious\u2122 del usuario.\u00a0<b>Almacenamiento de los datos<\/b>\u00a0Los datos transferidos siguen siendo propiedad del usuario. Cada usuario dispone de su propia instancia Furious\u2122 con su propia base de datos. Los datos brutos transferidos se almacenan temporalmente en la base de datos de la instancia Furious\u2122 del usuario. Una vez transferidos los datos, el usuario puede validarlos y elegir si importarlos o no en su aplicaci\u00f3n Furious\u2122.\u00a0<b>Compartir los datos<\/b>\u00a0Furious\u2122 no comparte estos datos con terceros de ninguna manera. Los datos solo se utilizan en el marco de las funcionalidades de la aplicaci\u00f3n Furious\u2122 y de conformidad con las elecciones del usuario.\u00a0<b>Seguridad y eliminaci\u00f3n de los datos<\/b>\u00a0Los datos se transmiten y se almacenan de manera segura. Los datos brutos se conservan durante la duraci\u00f3n de la manipulaci\u00f3n y se eliminan en un plazo m\u00e1ximo de 48 horas despu\u00e9s de la transferencia. El usuario puede elegir eliminar o gestionar sus datos en su propia instancia Furious\u2122 en cualquier momento.\u00a0<b>Proceso de transferencia de los datos<\/b><\/p>\n<ol>\n<li>El usuario solicita un identificador de transferencia (ID \u00fanico) en la aplicaci\u00f3n Furious\u2122.<\/li>\n<li>El usuario pega este ID en el formulario de la ventana modal de la extensi\u00f3n Furious\u2122 para Google Sheets\u2122.<\/li>\n<li>Al hacer clic en \u00abEnviar\u00bb, los datos de la hoja activa de Google Sheets\u2122 se env\u00edan a la aplicaci\u00f3n Furious\u2122 del usuario a trav\u00e9s de una API segura.<\/li>\n<li>El usuario valida los datos recibidos en su aplicaci\u00f3n Furious\u2122 y elige si importarlos o no.<\/li>\n<\/ol>\n<h2>Nota sobre la integraci\u00f3n Google Calendar\u2122<\/h2>\n<p>De conformidad con nuestro compromiso en materia de protecci\u00f3n de datos y de la vida privada, Furious\u2122 propone una funci\u00f3n de integraci\u00f3n con Google Calendar\u2122, que permite a los usuarios sincronizar eventos y tareas entre las dos plataformas. Esta integraci\u00f3n funciona seg\u00fan los principios siguientes conformes al RGPD:<\/p>\n<ul>\n<li><strong>Minimizaci\u00f3n de los datos:<\/strong>\u00a0Solo los datos necesarios para la sincronizaci\u00f3n \u2014m\u00e1s concretamente, los eventos del calendario y sus metadatos\u2014 son accesibles y tratados.<\/li>\n<li><strong>Consentimiento del usuario:<\/strong>\u00a0La activaci\u00f3n de la integraci\u00f3n requiere el consentimiento expl\u00edcito del usuario. El usuario puede revocar el acceso en cualquier momento desactivando la integraci\u00f3n en los par\u00e1metros de su cuenta.<\/li>\n<li><strong>Seguridad de los datos:<\/strong>\u00a0Todos los datos transmitidos entre Furious\u2122 y Google Calendar\u2122 se cifran durante la transferencia y en reposo, garantizando una protecci\u00f3n contra todo acceso no autorizado.<\/li>\n<li><strong>Utilizaci\u00f3n de los datos:<\/strong>\u00a0Los datos accesibles se utilizan exclusivamente para permitir el servicio de sincronizaci\u00f3n y no se utilizan con otros fines.<\/li>\n<li><strong>Conformidad con terceros:<\/strong>\u00a0Nuestra utilizaci\u00f3n y la transferencia de las informaciones recibidas de las API de Google respetan la\u00a0<a href=\"https:\/\/developers.google.com\/terms\/api-services-user-data-policy#additional_requirements_for_specific_api_scopes\" target=\"_blank\" rel=\"noopener\">Google API Services User Data Policy<\/a>, incluyendo los requisitos de Utilizaci\u00f3n Limitada.<\/li>\n<\/ul>\n<p>Los usuarios conservan el derecho a acceder, rectificar o suprimir sus datos sincronizados de conformidad con las disposiciones del RGPD. Para obtener m\u00e1s informaci\u00f3n sobre la manera en que gestionamos los datos personales, consulte nuestra Pol\u00edtica de protecci\u00f3n de datos.<\/p>\n<h2>Nota sobre el Furious\u2122 Drive-Connector<\/h2>\n<p><b>Introducci\u00f3n<\/b>\u00a0Furious se compromete a proteger su privacidad. Este addendum describe c\u00f3mo gestionamos los datos personales en el marco de la funcionalidad \u00abFurious\u2122 Drive-Connector\u00bb, que integra Google Drive\u2122, Google Docs\u2122, Google Sheets\u2122 y Google Forms\u2122 a nuestro sistema ERP.\u00a0<b>Recogida y utilizaci\u00f3n de los datos<\/b>\u00a0Cuando utiliza el \u00abFurious\u2122 Drive-Connector\u00bb, recogemos y tratamos la informaci\u00f3n siguiente:<\/p>\n<ul>\n<li><strong>Informaciones relativas a la cuenta Google\u2122:<\/strong>\u00a0Con su consentimiento expl\u00edcito, accedemos a los detalles de su cuenta Google\u2122 para facilitar la autenticaci\u00f3n y la integraci\u00f3n con nuestro sistema ERP.<\/li>\n<li><strong>Ficheros y metadatos Google Drive\u2122:<\/strong>\u00a0Con su permiso, accedemos y gestionamos los ficheros y sus metadatos en su Google Drive\u2122 con el fin de asociarlos a sus proyectos en Furious\u2122.<\/li>\n<\/ul>\n<p><b>Objetivo del tratamiento de datos<\/b>\u00a0Los datos recogidos se utilizan \u00fanicamente para:<\/p>\n<ul>\n<li>Autenticar su cuenta Google\u2122 en Furious\u2122.<\/li>\n<li>Permitir la asociaci\u00f3n de los documentos Google Drive\u2122 a sus proyectos en Furious\u2122.<\/li>\n<li>Autorizar la creaci\u00f3n de nuevos Google Docs\u2122, Google Sheets\u2122, Google Forms\u2122 y Google Slides\u2122 directamente desde Furious\u2122.<\/li>\n<\/ul>\n<p><b>Almacenamiento y seguridad de los datos<\/b>\u00a0Almacenamos la informaci\u00f3n siguiente con total seguridad:<\/p>\n<ul>\n<li><strong>Tokens de acceso (Access Tokens):<\/strong>\u00a0Se registran para permitir conexiones futuras sin autenticaci\u00f3n repetida.<\/li>\n<li><strong>Identificadores de ficheros Google\u2122:<\/strong>\u00a0Se registran para mantener el v\u00ednculo entre sus proyectos Furious\u2122 y los documentos Google\u2122 asociados.<\/li>\n<\/ul>\n<p>Todos los datos se cifran y se almacenan en bases de datos distintas para cada cliente, asegurando el aislamiento y la seguridad de los datos.\u00a0<b>Compartir los datos<\/b>\u00a0No compartimos las informaciones relativas a su cuenta Google\u2122 ni ning\u00fan dato asociado con terceros. Los datos se utilizan exclusivamente en el marco de las funcionalidades de la aplicaci\u00f3n Furious\u2122, de conformidad con sus instrucciones.\u00a0<b>Control del usuario<\/b>\u00a0Usted tiene un control total sobre la integraci\u00f3n:<\/p>\n<ul>\n<li><strong>Revocaci\u00f3n del acceso:<\/strong>\u00a0Puede revocar el acceso de la aplicaci\u00f3n a su cuenta Google\u2122 en cualquier momento. Una vez efectuada la revocaci\u00f3n, suprimimos los tokens de acceso almacenados. Deber\u00e1 volver a autentificarse si desea utilizar de nuevo la integraci\u00f3n.<\/li>\n<li><strong>Gesti\u00f3n de los documentos vinculados:<\/strong>\u00a0Puede a\u00f1adir o suprimir a su gusto los documentos Google\u2122 vinculados a sus proyectos en Furious\u2122.<\/li>\n<\/ul>\n<p><b>Conformidad con la Google\u2122 API Services User Data Policy<\/b>\u00a0Nuestra utilizaci\u00f3n y la transferencia de las informaciones recibidas de las API Google\u2122 respetan la Google\u2122 API Services User Data Policy, incluyendo los requisitos de Utilizaci\u00f3n Limitada.<\/p>\n<\/section>\n<section><\/section>\n<h2 id=\"google-sheets\">Nota sobre la integraci\u00f3n Google Meet\u2122<\/h2>\n<h2 class=\"ai-optimize-54\" data-elementor-setting-key=\"title\" data-pen-placeholder=\"\u00c9crivez ici...\"><\/h2>\n<section><\/section>\n<section>Furious\u2122 tambi\u00e9n ofrece una integraci\u00f3n con Google Meet\u2122, que permite a los usuarios programar y unirse a videoconferencias directamente desde la aplicaci\u00f3n. Esta integraci\u00f3n respeta los principios de protecci\u00f3n de datos y de confidencialidad siguientes:<\/p>\n<p>Minimizaci\u00f3n de los datos: Solo se trata la informaci\u00f3n estrictamente necesaria para la creaci\u00f3n y la gesti\u00f3n de las reuniones (t\u00edtulo, fecha, hora, enlace de videoconferencia).<\/p>\n<p>Consentimiento del usuario: La activaci\u00f3n de la integraci\u00f3n requiere el consentimiento expl\u00edcito del usuario. Este puede revocar el acceso en cualquier momento desde los par\u00e1metros de su cuenta Furious\u2122 o en su cuenta Google\u2122.<\/p>\n<p>Seguridad de los datos: Los datos intercambiados entre Furious\u2122 y Google Meet\u2122 se transmiten a trav\u00e9s de API seguras y cifradas. Furious\u2122 no conserva ni los contenidos de las reuniones, ni los flujos de audio\/v\u00eddeo, ni las transcripciones.<\/p>\n<p>Utilizaci\u00f3n limitada: Los datos accesibles se utilizan \u00fanicamente en el marco de la funcionalidad de programaci\u00f3n y de participaci\u00f3n en las reuniones. No se comparten con terceros ni se explotan con otros fines.<\/p>\n<p>Conformidad: La utilizaci\u00f3n y la transferencia de las informaciones recibidas de las API de Google respetan la Google API Services User Data Policy, incluyendo los requisitos de Utilizaci\u00f3n Limitada.<\/p>\n<p>Los usuarios conservan en todo momento la posibilidad de gestionar, rectificar o suprimir sus informaciones relacionadas con la integraci\u00f3n Google Meet\u2122 de conformidad con el RGPD y con nuestra Pol\u00edtica de protecci\u00f3n de datos.<\/p>\n<\/section>\n<\/section>\n","protected":false},"excerpt":{"rendered":"<p>Pol\u00edtica GDPR \u00daltima actualizaci\u00f3n: 30 de enero de 2025 El Reglamento General de Protecci\u00f3n de Datos (RGPD) introduce nuevas responsabilidades para las empresas como Furious que tratan datos de car\u00e1cter personal. El RGPD tambi\u00e9n confiere nuevos derechos a las personas cuyos datos se tratan, incluyendo el derecho al olvido y el derecho a la portabilidad [&hellip;]<\/p>\n","protected":false},"author":1,"featured_media":0,"parent":0,"menu_order":0,"comment_status":"closed","ping_status":"closed","template":"template-simple.php","meta":{"_acf_changed":false,"footnotes":""},"class_list":["post-103616","page","type-page","status-publish","hentry"],"acf":[],"yoast_head":"<!-- This site is optimized with the Yoast SEO Premium plugin v25.3 (Yoast SEO v27.4) - https:\/\/yoast.com\/product\/yoast-seo-premium-wordpress\/ -->\n<title>RGPD de la herramienta de gesti\u00f3n Furious | Furious<\/title>\n<meta name=\"description\" content=\"Furious es la herramienta m\u00e1s completa del mercado para gestionar tu agencia, asesor\u00eda o ESN: cumplimos el RGPD.\" \/>\n<meta name=\"robots\" content=\"index, follow, max-snippet:-1, max-image-preview:large, max-video-preview:-1\" \/>\n<link rel=\"canonical\" href=\"https:\/\/furious-squad.com\/es\/rgpd-furious-2\/\" \/>\n<meta property=\"og:locale\" content=\"es_ES\" \/>\n<meta property=\"og:type\" content=\"article\" \/>\n<meta property=\"og:title\" content=\"Herramienta de gesti\u00f3n del RGPD de los Furiosos\" \/>\n<meta property=\"og:description\" content=\"Furious es la herramienta m\u00e1s completa del mercado para gestionar tu agencia, asesor\u00eda o ESN: cumplimos el RGPD.\" \/>\n<meta property=\"og:url\" content=\"https:\/\/furious-squad.com\/es\/rgpd-furious-2\/\" \/>\n<meta property=\"og:site_name\" content=\"Furious\" \/>\n<meta property=\"article:modified_time\" content=\"2026-04-09T00:14:39+00:00\" \/>\n<meta name=\"twitter:card\" content=\"summary_large_image\" \/>\n<meta name=\"twitter:label1\" content=\"Tiempo de lectura\" \/>\n\t<meta name=\"twitter:data1\" content=\"9 minutos\" \/>\n<script type=\"application\/ld+json\" class=\"yoast-schema-graph\">{\"@context\":\"https:\\\/\\\/schema.org\",\"@graph\":[{\"@type\":\"WebPage\",\"@id\":\"https:\\\/\\\/furious-squad.com\\\/es\\\/rgpd-furious-2\\\/\",\"url\":\"https:\\\/\\\/furious-squad.com\\\/es\\\/rgpd-furious-2\\\/\",\"name\":\"RGPD de la herramienta de gesti\u00f3n Furious | Furious\",\"isPartOf\":{\"@id\":\"https:\\\/\\\/www.furious-squad.com\\\/es\\\/#website\"},\"datePublished\":\"2026-02-27T14:50:38+00:00\",\"dateModified\":\"2026-04-09T00:14:39+00:00\",\"description\":\"Furious es la herramienta m\u00e1s completa del mercado para gestionar tu agencia, asesor\u00eda o ESN: cumplimos el RGPD.\",\"breadcrumb\":{\"@id\":\"https:\\\/\\\/furious-squad.com\\\/es\\\/rgpd-furious-2\\\/#breadcrumb\"},\"inLanguage\":\"es\",\"potentialAction\":[{\"@type\":\"ReadAction\",\"target\":[\"https:\\\/\\\/furious-squad.com\\\/es\\\/rgpd-furious-2\\\/\"]}]},{\"@type\":\"BreadcrumbList\",\"@id\":\"https:\\\/\\\/furious-squad.com\\\/es\\\/rgpd-furious-2\\\/#breadcrumb\",\"itemListElement\":[{\"@type\":\"ListItem\",\"position\":1,\"name\":\"Home\",\"item\":\"https:\\\/\\\/www.furious-squad.com\\\/es\\\/\"},{\"@type\":\"ListItem\",\"position\":2,\"name\":\"Herramienta de gesti\u00f3n del RGPD de los Furiosos\"}]},{\"@type\":\"WebSite\",\"@id\":\"https:\\\/\\\/www.furious-squad.com\\\/es\\\/#website\",\"url\":\"https:\\\/\\\/www.furious-squad.com\\\/es\\\/\",\"name\":\"Furious\",\"description\":\"\",\"potentialAction\":[{\"@type\":\"SearchAction\",\"target\":{\"@type\":\"EntryPoint\",\"urlTemplate\":\"https:\\\/\\\/www.furious-squad.com\\\/es\\\/?s={search_term_string}\"},\"query-input\":{\"@type\":\"PropertyValueSpecification\",\"valueRequired\":true,\"valueName\":\"search_term_string\"}}],\"inLanguage\":\"es\"}]}<\/script>\n<!-- \/ Yoast SEO Premium plugin. -->","yoast_head_json":{"title":"RGPD de la herramienta de gesti\u00f3n Furious | Furious","description":"Furious es la herramienta m\u00e1s completa del mercado para gestionar tu agencia, asesor\u00eda o ESN: cumplimos el RGPD.","robots":{"index":"index","follow":"follow","max-snippet":"max-snippet:-1","max-image-preview":"max-image-preview:large","max-video-preview":"max-video-preview:-1"},"canonical":"https:\/\/furious-squad.com\/es\/rgpd-furious-2\/","og_locale":"es_ES","og_type":"article","og_title":"Herramienta de gesti\u00f3n del RGPD de los Furiosos","og_description":"Furious es la herramienta m\u00e1s completa del mercado para gestionar tu agencia, asesor\u00eda o ESN: cumplimos el RGPD.","og_url":"https:\/\/furious-squad.com\/es\/rgpd-furious-2\/","og_site_name":"Furious","article_modified_time":"2026-04-09T00:14:39+00:00","twitter_card":"summary_large_image","twitter_misc":{"Tiempo de lectura":"9 minutos"},"schema":{"@context":"https:\/\/schema.org","@graph":[{"@type":"WebPage","@id":"https:\/\/furious-squad.com\/es\/rgpd-furious-2\/","url":"https:\/\/furious-squad.com\/es\/rgpd-furious-2\/","name":"RGPD de la herramienta de gesti\u00f3n Furious | Furious","isPartOf":{"@id":"https:\/\/www.furious-squad.com\/es\/#website"},"datePublished":"2026-02-27T14:50:38+00:00","dateModified":"2026-04-09T00:14:39+00:00","description":"Furious es la herramienta m\u00e1s completa del mercado para gestionar tu agencia, asesor\u00eda o ESN: cumplimos el RGPD.","breadcrumb":{"@id":"https:\/\/furious-squad.com\/es\/rgpd-furious-2\/#breadcrumb"},"inLanguage":"es","potentialAction":[{"@type":"ReadAction","target":["https:\/\/furious-squad.com\/es\/rgpd-furious-2\/"]}]},{"@type":"BreadcrumbList","@id":"https:\/\/furious-squad.com\/es\/rgpd-furious-2\/#breadcrumb","itemListElement":[{"@type":"ListItem","position":1,"name":"Home","item":"https:\/\/www.furious-squad.com\/es\/"},{"@type":"ListItem","position":2,"name":"Herramienta de gesti\u00f3n del RGPD de los Furiosos"}]},{"@type":"WebSite","@id":"https:\/\/www.furious-squad.com\/es\/#website","url":"https:\/\/www.furious-squad.com\/es\/","name":"Furious","description":"","potentialAction":[{"@type":"SearchAction","target":{"@type":"EntryPoint","urlTemplate":"https:\/\/www.furious-squad.com\/es\/?s={search_term_string}"},"query-input":{"@type":"PropertyValueSpecification","valueRequired":true,"valueName":"search_term_string"}}],"inLanguage":"es"}]}},"_links":{"self":[{"href":"https:\/\/furious-squad.com\/es\/wp-json\/wp\/v2\/pages\/103616","targetHints":{"allow":["GET"]}}],"collection":[{"href":"https:\/\/furious-squad.com\/es\/wp-json\/wp\/v2\/pages"}],"about":[{"href":"https:\/\/furious-squad.com\/es\/wp-json\/wp\/v2\/types\/page"}],"author":[{"embeddable":true,"href":"https:\/\/furious-squad.com\/es\/wp-json\/wp\/v2\/users\/1"}],"replies":[{"embeddable":true,"href":"https:\/\/furious-squad.com\/es\/wp-json\/wp\/v2\/comments?post=103616"}],"version-history":[{"count":2,"href":"https:\/\/furious-squad.com\/es\/wp-json\/wp\/v2\/pages\/103616\/revisions"}],"predecessor-version":[{"id":108840,"href":"https:\/\/furious-squad.com\/es\/wp-json\/wp\/v2\/pages\/103616\/revisions\/108840"}],"wp:attachment":[{"href":"https:\/\/furious-squad.com\/es\/wp-json\/wp\/v2\/media?parent=103616"}],"curies":[{"name":"wp","href":"https:\/\/api.w.org\/{rel}","templated":true}]}}