{"id":103605,"date":"2026-03-04T01:45:07","date_gmt":"2026-03-04T00:45:07","guid":{"rendered":"https:\/\/furious.digitz.dev\/solucion-de-gestion-de-agencias-todo-en-uno\/"},"modified":"2026-04-13T17:29:20","modified_gmt":"2026-04-13T15:29:20","slug":"gestion-de-agencias","status":"publish","type":"page","link":"https:\/\/furious-squad.com\/es\/sector\/gestion-de-agencias\/","title":{"rendered":"Soluci\u00f3n de gesti\u00f3n de agencias todo en uno"},"content":{"rendered":"","protected":false},"excerpt":{"rendered":"","protected":false},"author":1,"featured_media":0,"parent":103660,"menu_order":0,"comment_status":"closed","ping_status":"closed","template":"","meta":{"_acf_changed":false,"footnotes":""},"class_list":["post-103605","page","type-page","status-publish","hentry"],"acf":[],"yoast_head":"<!-- This site is optimized with the Yoast SEO Premium plugin v25.3 (Yoast SEO v27.4) - https:\/\/yoast.com\/product\/yoast-seo-premium-wordpress\/ -->\n<title>Soluci\u00f3n de gesti\u00f3n de agencias todo en uno | Furious<\/title>\n<meta name=\"description\" content=\"Furious, una herramienta dise\u00f1ada por directores generales de agencias espec\u00edficamente para la gesti\u00f3n de agencias: com, digital, RRPP, eventos y publicidad.\" \/>\n<meta name=\"robots\" content=\"index, follow, max-snippet:-1, max-image-preview:large, max-video-preview:-1\" \/>\n<link rel=\"canonical\" href=\"https:\/\/furious-squad.com\/es\/sector\/gestion-de-agencias\/\" \/>\n<meta property=\"og:locale\" content=\"es_ES\" \/>\n<meta property=\"og:type\" content=\"article\" \/>\n<meta property=\"og:title\" content=\"Soluci\u00f3n de gesti\u00f3n de agencias todo en uno\" \/>\n<meta property=\"og:description\" content=\"Furious, una herramienta dise\u00f1ada por directores generales de agencias espec\u00edficamente para la gesti\u00f3n de agencias: com, digital, RRPP, eventos y publicidad.\" \/>\n<meta property=\"og:url\" content=\"https:\/\/furious-squad.com\/es\/sector\/gestion-de-agencias\/\" \/>\n<meta property=\"og:site_name\" content=\"Furious\" \/>\n<meta property=\"article:modified_time\" content=\"2026-04-13T15:29:20+00:00\" \/>\n<meta name=\"twitter:card\" content=\"summary_large_image\" \/>\n<script type=\"application\/ld+json\" class=\"yoast-schema-graph\">{\"@context\":\"https:\\\/\\\/schema.org\",\"@graph\":[{\"@type\":\"WebPage\",\"@id\":\"https:\\\/\\\/furious-squad.com\\\/es\\\/sector\\\/gestion-de-agencias\\\/\",\"url\":\"https:\\\/\\\/furious-squad.com\\\/es\\\/sector\\\/gestion-de-agencias\\\/\",\"name\":\"Soluci\u00f3n de gesti\u00f3n de agencias todo en uno | Furious\",\"isPartOf\":{\"@id\":\"https:\\\/\\\/www.furious-squad.com\\\/es\\\/#website\"},\"datePublished\":\"2026-03-04T00:45:07+00:00\",\"dateModified\":\"2026-04-13T15:29:20+00:00\",\"description\":\"Furious, una herramienta dise\u00f1ada por directores generales de agencias espec\u00edficamente para la gesti\u00f3n de agencias: com, digital, RRPP, eventos y publicidad.\",\"breadcrumb\":{\"@id\":\"https:\\\/\\\/furious-squad.com\\\/es\\\/sector\\\/gestion-de-agencias\\\/#breadcrumb\"},\"inLanguage\":\"es\",\"potentialAction\":[{\"@type\":\"ReadAction\",\"target\":[\"https:\\\/\\\/furious-squad.com\\\/es\\\/sector\\\/gestion-de-agencias\\\/\"]}]},{\"@type\":\"BreadcrumbList\",\"@id\":\"https:\\\/\\\/furious-squad.com\\\/es\\\/sector\\\/gestion-de-agencias\\\/#breadcrumb\",\"itemListElement\":[{\"@type\":\"ListItem\",\"position\":1,\"name\":\"Home\",\"item\":\"https:\\\/\\\/www.furious-squad.com\\\/es\\\/\"},{\"@type\":\"ListItem\",\"position\":2,\"name\":\"Sector\",\"item\":\"https:\\\/\\\/www.furious-squad.com\\\/es\\\/secteur\\\/\"},{\"@type\":\"ListItem\",\"position\":3,\"name\":\"Soluci\u00f3n de gesti\u00f3n de agencias todo en uno\"}]},{\"@type\":\"WebSite\",\"@id\":\"https:\\\/\\\/www.furious-squad.com\\\/es\\\/#website\",\"url\":\"https:\\\/\\\/www.furious-squad.com\\\/es\\\/\",\"name\":\"Furious\",\"description\":\"\",\"potentialAction\":[{\"@type\":\"SearchAction\",\"target\":{\"@type\":\"EntryPoint\",\"urlTemplate\":\"https:\\\/\\\/www.furious-squad.com\\\/es\\\/?s={search_term_string}\"},\"query-input\":{\"@type\":\"PropertyValueSpecification\",\"valueRequired\":true,\"valueName\":\"search_term_string\"}}],\"inLanguage\":\"es\"}]}<\/script>\n<!-- \/ Yoast SEO Premium plugin. -->","yoast_head_json":{"title":"Soluci\u00f3n de gesti\u00f3n de agencias todo en uno | Furious","description":"Furious, una herramienta dise\u00f1ada por directores generales de agencias espec\u00edficamente para la gesti\u00f3n de agencias: com, digital, RRPP, eventos y publicidad.","robots":{"index":"index","follow":"follow","max-snippet":"max-snippet:-1","max-image-preview":"max-image-preview:large","max-video-preview":"max-video-preview:-1"},"canonical":"https:\/\/furious-squad.com\/es\/sector\/gestion-de-agencias\/","og_locale":"es_ES","og_type":"article","og_title":"Soluci\u00f3n de gesti\u00f3n de agencias todo en uno","og_description":"Furious, una herramienta dise\u00f1ada por directores generales de agencias espec\u00edficamente para la gesti\u00f3n de agencias: com, digital, RRPP, eventos y publicidad.","og_url":"https:\/\/furious-squad.com\/es\/sector\/gestion-de-agencias\/","og_site_name":"Furious","article_modified_time":"2026-04-13T15:29:20+00:00","twitter_card":"summary_large_image","schema":{"@context":"https:\/\/schema.org","@graph":[{"@type":"WebPage","@id":"https:\/\/furious-squad.com\/es\/sector\/gestion-de-agencias\/","url":"https:\/\/furious-squad.com\/es\/sector\/gestion-de-agencias\/","name":"Soluci\u00f3n de gesti\u00f3n de agencias todo en uno | Furious","isPartOf":{"@id":"https:\/\/www.furious-squad.com\/es\/#website"},"datePublished":"2026-03-04T00:45:07+00:00","dateModified":"2026-04-13T15:29:20+00:00","description":"Furious, una herramienta dise\u00f1ada por directores generales de agencias espec\u00edficamente para la gesti\u00f3n de agencias: com, digital, RRPP, eventos y publicidad.","breadcrumb":{"@id":"https:\/\/furious-squad.com\/es\/sector\/gestion-de-agencias\/#breadcrumb"},"inLanguage":"es","potentialAction":[{"@type":"ReadAction","target":["https:\/\/furious-squad.com\/es\/sector\/gestion-de-agencias\/"]}]},{"@type":"BreadcrumbList","@id":"https:\/\/furious-squad.com\/es\/sector\/gestion-de-agencias\/#breadcrumb","itemListElement":[{"@type":"ListItem","position":1,"name":"Home","item":"https:\/\/www.furious-squad.com\/es\/"},{"@type":"ListItem","position":2,"name":"Sector","item":"https:\/\/www.furious-squad.com\/es\/secteur\/"},{"@type":"ListItem","position":3,"name":"Soluci\u00f3n de gesti\u00f3n de agencias todo en uno"}]},{"@type":"WebSite","@id":"https:\/\/www.furious-squad.com\/es\/#website","url":"https:\/\/www.furious-squad.com\/es\/","name":"Furious","description":"","potentialAction":[{"@type":"SearchAction","target":{"@type":"EntryPoint","urlTemplate":"https:\/\/www.furious-squad.com\/es\/?s={search_term_string}"},"query-input":{"@type":"PropertyValueSpecification","valueRequired":true,"valueName":"search_term_string"}}],"inLanguage":"es"}]}},"_links":{"self":[{"href":"https:\/\/furious-squad.com\/es\/wp-json\/wp\/v2\/pages\/103605","targetHints":{"allow":["GET"]}}],"collection":[{"href":"https:\/\/furious-squad.com\/es\/wp-json\/wp\/v2\/pages"}],"about":[{"href":"https:\/\/furious-squad.com\/es\/wp-json\/wp\/v2\/types\/page"}],"author":[{"embeddable":true,"href":"https:\/\/furious-squad.com\/es\/wp-json\/wp\/v2\/users\/1"}],"replies":[{"embeddable":true,"href":"https:\/\/furious-squad.com\/es\/wp-json\/wp\/v2\/comments?post=103605"}],"version-history":[{"count":8,"href":"https:\/\/furious-squad.com\/es\/wp-json\/wp\/v2\/pages\/103605\/revisions"}],"predecessor-version":[{"id":110265,"href":"https:\/\/furious-squad.com\/es\/wp-json\/wp\/v2\/pages\/103605\/revisions\/110265"}],"up":[{"embeddable":true,"href":"https:\/\/furious-squad.com\/es\/wp-json\/wp\/v2\/pages\/103660"}],"wp:attachment":[{"href":"https:\/\/furious-squad.com\/es\/wp-json\/wp\/v2\/media?parent=103605"}],"curies":[{"name":"wp","href":"https:\/\/api.w.org\/{rel}","templated":true}]}}