{"id":103778,"date":"2026-01-12T19:04:46","date_gmt":"2026-01-12T18:04:46","guid":{"rendered":"https:\/\/furious.digitz.dev\/furious-all-in-one-software-fuer-projektmanagement-und-unternehmensfuehrung\/"},"modified":"2026-04-13T16:06:36","modified_gmt":"2026-04-13T14:06:36","slug":"furious-all-in-one-software-fuer-projektmanagement-und-unternehmensfuehrung","status":"publish","type":"page","link":"https:\/\/furious-squad.com\/de\/","title":{"rendered":"Furious : All-in-One-Software f\u00fcr Projektmanagement und Unternehmensf\u00fchrung"},"content":{"rendered":"","protected":false},"excerpt":{"rendered":"","protected":false},"author":1,"featured_media":0,"parent":0,"menu_order":0,"comment_status":"closed","ping_status":"closed","template":"","meta":{"_acf_changed":false,"footnotes":""},"class_list":["post-103778","page","type-page","status-publish","hentry"],"acf":[],"yoast_head":"<!-- This site is optimized with the Yoast SEO Premium plugin v25.3 (Yoast SEO v27.4) - https:\/\/yoast.com\/product\/yoast-seo-premium-wordpress\/ -->\n<title>Furious | Software f\u00fcr Projektmanagement, Fakturierung &amp; CRM<\/title>\n<meta name=\"description\" content=\"Furious ist die umfassendste Software auf dem Markt f\u00fcr die Verwaltung Ihres Teams, Ihrer Agentur, Ihres Beratungsunternehmens, Ihres Start-ups, Ihrer NSE... Auf dem Weg zur Rentabilit\u00e4t\" \/>\n<meta name=\"robots\" content=\"index, follow, max-snippet:-1, max-image-preview:large, max-video-preview:-1\" \/>\n<link rel=\"canonical\" href=\"https:\/\/furious-squad.com\/de\/\" \/>\n<meta property=\"og:locale\" content=\"de_DE\" \/>\n<meta property=\"og:type\" content=\"article\" \/>\n<meta property=\"og:title\" content=\"Furious : All-in-One-Software f\u00fcr Projektmanagement und Unternehmensf\u00fchrung\" \/>\n<meta property=\"og:description\" content=\"Furious ist die umfassendste Software auf dem Markt f\u00fcr die Verwaltung Ihres Teams, Ihrer Agentur, Ihres Beratungsunternehmens, Ihres Start-ups, Ihrer NSE... Auf dem Weg zur Rentabilit\u00e4t\" \/>\n<meta property=\"og:url\" content=\"https:\/\/furious-squad.com\/de\/\" \/>\n<meta property=\"og:site_name\" content=\"Furious\" \/>\n<meta property=\"article:modified_time\" content=\"2026-04-13T14:06:36+00:00\" \/>\n<meta name=\"twitter:card\" content=\"summary_large_image\" \/>\n<script type=\"application\/ld+json\" class=\"yoast-schema-graph\">{\"@context\":\"https:\\\/\\\/schema.org\",\"@graph\":[{\"@type\":\"WebPage\",\"@id\":\"https:\\\/\\\/furious-squad.com\\\/de\\\/\",\"url\":\"https:\\\/\\\/furious-squad.com\\\/de\\\/\",\"name\":\"Furious | Software f\u00fcr Projektmanagement, Fakturierung & CRM\",\"isPartOf\":{\"@id\":\"https:\\\/\\\/www.furious-squad.com\\\/de\\\/#website\"},\"datePublished\":\"2026-01-12T18:04:46+00:00\",\"dateModified\":\"2026-04-13T14:06:36+00:00\",\"description\":\"Furious ist die umfassendste Software auf dem Markt f\u00fcr die Verwaltung Ihres Teams, Ihrer Agentur, Ihres Beratungsunternehmens, Ihres Start-ups, Ihrer NSE... Auf dem Weg zur Rentabilit\u00e4t\",\"breadcrumb\":{\"@id\":\"https:\\\/\\\/furious-squad.com\\\/de\\\/#breadcrumb\"},\"inLanguage\":\"de\",\"potentialAction\":[{\"@type\":\"ReadAction\",\"target\":[\"https:\\\/\\\/furious-squad.com\\\/de\\\/\"]}]},{\"@type\":\"BreadcrumbList\",\"@id\":\"https:\\\/\\\/furious-squad.com\\\/de\\\/#breadcrumb\",\"itemListElement\":[{\"@type\":\"ListItem\",\"position\":1,\"name\":\"Home\",\"item\":\"https:\\\/\\\/www.furious-squad.com\\\/de\\\/\"},{\"@type\":\"ListItem\",\"position\":2,\"name\":\"Furious : All-in-One-Software f\u00fcr Projektmanagement und Unternehmensf\u00fchrung\"}]},{\"@type\":\"WebSite\",\"@id\":\"https:\\\/\\\/www.furious-squad.com\\\/de\\\/#website\",\"url\":\"https:\\\/\\\/www.furious-squad.com\\\/de\\\/\",\"name\":\"Furious\",\"description\":\"\",\"potentialAction\":[{\"@type\":\"SearchAction\",\"target\":{\"@type\":\"EntryPoint\",\"urlTemplate\":\"https:\\\/\\\/www.furious-squad.com\\\/de\\\/?s={search_term_string}\"},\"query-input\":{\"@type\":\"PropertyValueSpecification\",\"valueRequired\":true,\"valueName\":\"search_term_string\"}}],\"inLanguage\":\"de\"}]}<\/script>\n<!-- \/ Yoast SEO Premium plugin. -->","yoast_head_json":{"title":"Furious | Software f\u00fcr Projektmanagement, Fakturierung & CRM","description":"Furious ist die umfassendste Software auf dem Markt f\u00fcr die Verwaltung Ihres Teams, Ihrer Agentur, Ihres Beratungsunternehmens, Ihres Start-ups, Ihrer NSE... Auf dem Weg zur Rentabilit\u00e4t","robots":{"index":"index","follow":"follow","max-snippet":"max-snippet:-1","max-image-preview":"max-image-preview:large","max-video-preview":"max-video-preview:-1"},"canonical":"https:\/\/furious-squad.com\/de\/","og_locale":"de_DE","og_type":"article","og_title":"Furious : All-in-One-Software f\u00fcr Projektmanagement und Unternehmensf\u00fchrung","og_description":"Furious ist die umfassendste Software auf dem Markt f\u00fcr die Verwaltung Ihres Teams, Ihrer Agentur, Ihres Beratungsunternehmens, Ihres Start-ups, Ihrer NSE... Auf dem Weg zur Rentabilit\u00e4t","og_url":"https:\/\/furious-squad.com\/de\/","og_site_name":"Furious","article_modified_time":"2026-04-13T14:06:36+00:00","twitter_card":"summary_large_image","schema":{"@context":"https:\/\/schema.org","@graph":[{"@type":"WebPage","@id":"https:\/\/furious-squad.com\/de\/","url":"https:\/\/furious-squad.com\/de\/","name":"Furious | Software f\u00fcr Projektmanagement, Fakturierung & CRM","isPartOf":{"@id":"https:\/\/www.furious-squad.com\/de\/#website"},"datePublished":"2026-01-12T18:04:46+00:00","dateModified":"2026-04-13T14:06:36+00:00","description":"Furious ist die umfassendste Software auf dem Markt f\u00fcr die Verwaltung Ihres Teams, Ihrer Agentur, Ihres Beratungsunternehmens, Ihres Start-ups, Ihrer NSE... Auf dem Weg zur Rentabilit\u00e4t","breadcrumb":{"@id":"https:\/\/furious-squad.com\/de\/#breadcrumb"},"inLanguage":"de","potentialAction":[{"@type":"ReadAction","target":["https:\/\/furious-squad.com\/de\/"]}]},{"@type":"BreadcrumbList","@id":"https:\/\/furious-squad.com\/de\/#breadcrumb","itemListElement":[{"@type":"ListItem","position":1,"name":"Home","item":"https:\/\/www.furious-squad.com\/de\/"},{"@type":"ListItem","position":2,"name":"Furious : All-in-One-Software f\u00fcr Projektmanagement und Unternehmensf\u00fchrung"}]},{"@type":"WebSite","@id":"https:\/\/www.furious-squad.com\/de\/#website","url":"https:\/\/www.furious-squad.com\/de\/","name":"Furious","description":"","potentialAction":[{"@type":"SearchAction","target":{"@type":"EntryPoint","urlTemplate":"https:\/\/www.furious-squad.com\/de\/?s={search_term_string}"},"query-input":{"@type":"PropertyValueSpecification","valueRequired":true,"valueName":"search_term_string"}}],"inLanguage":"de"}]}},"_links":{"self":[{"href":"https:\/\/furious-squad.com\/de\/wp-json\/wp\/v2\/pages\/103778","targetHints":{"allow":["GET"]}}],"collection":[{"href":"https:\/\/furious-squad.com\/de\/wp-json\/wp\/v2\/pages"}],"about":[{"href":"https:\/\/furious-squad.com\/de\/wp-json\/wp\/v2\/types\/page"}],"author":[{"embeddable":true,"href":"https:\/\/furious-squad.com\/de\/wp-json\/wp\/v2\/users\/1"}],"replies":[{"embeddable":true,"href":"https:\/\/furious-squad.com\/de\/wp-json\/wp\/v2\/comments?post=103778"}],"version-history":[{"count":11,"href":"https:\/\/furious-squad.com\/de\/wp-json\/wp\/v2\/pages\/103778\/revisions"}],"predecessor-version":[{"id":110189,"href":"https:\/\/furious-squad.com\/de\/wp-json\/wp\/v2\/pages\/103778\/revisions\/110189"}],"wp:attachment":[{"href":"https:\/\/furious-squad.com\/de\/wp-json\/wp\/v2\/media?parent=103778"}],"curies":[{"name":"wp","href":"https:\/\/api.w.org\/{rel}","templated":true}]}}