{"id":103648,"date":"2026-02-27T13:50:09","date_gmt":"2026-02-27T12:50:09","guid":{"rendered":"https:\/\/furious.digitz.dev\/preise\/"},"modified":"2026-04-09T02:34:40","modified_gmt":"2026-04-09T00:34:40","slug":"tarife","status":"publish","type":"page","link":"https:\/\/furious-squad.com\/de\/tarife\/","title":{"rendered":"Preise"},"content":{"rendered":"","protected":false},"excerpt":{"rendered":"","protected":false},"author":1,"featured_media":0,"parent":0,"menu_order":0,"comment_status":"closed","ping_status":"closed","template":"template-pricing.php","meta":{"_acf_changed":false,"footnotes":""},"class_list":["post-103648","page","type-page","status-publish","hentry"],"acf":[],"yoast_head":"<!-- This site is optimized with the Yoast SEO Premium plugin v25.3 (Yoast SEO v27.4) - https:\/\/yoast.com\/product\/yoast-seo-premium-wordpress\/ -->\n<title>Preise f\u00fcr das Tool Furious: Verwaltung von Agenturen, Beratungsfirmen und NS\u00c4<\/title>\n<meta name=\"description\" content=\"Furious: Management-Tool f\u00fcr Agenturen, Beratungsfirmen, NSE. Warten Sie nicht l\u00e4nger, um Ihre Teams auf Autopilot zu stellen.\" \/>\n<meta name=\"robots\" content=\"index, follow, max-snippet:-1, max-image-preview:large, max-video-preview:-1\" \/>\n<link rel=\"canonical\" href=\"https:\/\/furious-squad.com\/de\/tarife\/\" \/>\n<meta property=\"og:locale\" content=\"de_DE\" \/>\n<meta property=\"og:type\" content=\"article\" \/>\n<meta property=\"og:title\" content=\"Preise\" \/>\n<meta property=\"og:description\" content=\"Furious: Management-Tool f\u00fcr Agenturen, Beratungsfirmen, NSE. Warten Sie nicht l\u00e4nger, um Ihre Teams auf Autopilot zu stellen.\" \/>\n<meta property=\"og:url\" content=\"https:\/\/furious-squad.com\/de\/tarife\/\" \/>\n<meta property=\"og:site_name\" content=\"Furious\" \/>\n<meta property=\"article:modified_time\" content=\"2026-04-09T00:34:40+00:00\" \/>\n<meta name=\"twitter:card\" content=\"summary_large_image\" \/>\n<script type=\"application\/ld+json\" class=\"yoast-schema-graph\">{\"@context\":\"https:\\\/\\\/schema.org\",\"@graph\":[{\"@type\":\"WebPage\",\"@id\":\"https:\\\/\\\/furious-squad.com\\\/de\\\/tarife\\\/\",\"url\":\"https:\\\/\\\/furious-squad.com\\\/de\\\/tarife\\\/\",\"name\":\"Preise f\u00fcr das Tool Furious: Verwaltung von Agenturen, Beratungsfirmen und NS\u00c4\",\"isPartOf\":{\"@id\":\"https:\\\/\\\/www.furious-squad.com\\\/de\\\/#website\"},\"datePublished\":\"2026-02-27T12:50:09+00:00\",\"dateModified\":\"2026-04-09T00:34:40+00:00\",\"description\":\"Furious: Management-Tool f\u00fcr Agenturen, Beratungsfirmen, NSE. Warten Sie nicht l\u00e4nger, um Ihre Teams auf Autopilot zu stellen.\",\"breadcrumb\":{\"@id\":\"https:\\\/\\\/furious-squad.com\\\/de\\\/tarife\\\/#breadcrumb\"},\"inLanguage\":\"de\",\"potentialAction\":[{\"@type\":\"ReadAction\",\"target\":[\"https:\\\/\\\/furious-squad.com\\\/de\\\/tarife\\\/\"]}]},{\"@type\":\"BreadcrumbList\",\"@id\":\"https:\\\/\\\/furious-squad.com\\\/de\\\/tarife\\\/#breadcrumb\",\"itemListElement\":[{\"@type\":\"ListItem\",\"position\":1,\"name\":\"Home\",\"item\":\"https:\\\/\\\/www.furious-squad.com\\\/de\\\/\"},{\"@type\":\"ListItem\",\"position\":2,\"name\":\"Preise\"}]},{\"@type\":\"WebSite\",\"@id\":\"https:\\\/\\\/www.furious-squad.com\\\/de\\\/#website\",\"url\":\"https:\\\/\\\/www.furious-squad.com\\\/de\\\/\",\"name\":\"Furious\",\"description\":\"\",\"potentialAction\":[{\"@type\":\"SearchAction\",\"target\":{\"@type\":\"EntryPoint\",\"urlTemplate\":\"https:\\\/\\\/www.furious-squad.com\\\/de\\\/?s={search_term_string}\"},\"query-input\":{\"@type\":\"PropertyValueSpecification\",\"valueRequired\":true,\"valueName\":\"search_term_string\"}}],\"inLanguage\":\"de\"}]}<\/script>\n<!-- \/ Yoast SEO Premium plugin. -->","yoast_head_json":{"title":"Preise f\u00fcr das Tool Furious: Verwaltung von Agenturen, Beratungsfirmen und NS\u00c4","description":"Furious: Management-Tool f\u00fcr Agenturen, Beratungsfirmen, NSE. Warten Sie nicht l\u00e4nger, um Ihre Teams auf Autopilot zu stellen.","robots":{"index":"index","follow":"follow","max-snippet":"max-snippet:-1","max-image-preview":"max-image-preview:large","max-video-preview":"max-video-preview:-1"},"canonical":"https:\/\/furious-squad.com\/de\/tarife\/","og_locale":"de_DE","og_type":"article","og_title":"Preise","og_description":"Furious: Management-Tool f\u00fcr Agenturen, Beratungsfirmen, NSE. Warten Sie nicht l\u00e4nger, um Ihre Teams auf Autopilot zu stellen.","og_url":"https:\/\/furious-squad.com\/de\/tarife\/","og_site_name":"Furious","article_modified_time":"2026-04-09T00:34:40+00:00","twitter_card":"summary_large_image","schema":{"@context":"https:\/\/schema.org","@graph":[{"@type":"WebPage","@id":"https:\/\/furious-squad.com\/de\/tarife\/","url":"https:\/\/furious-squad.com\/de\/tarife\/","name":"Preise f\u00fcr das Tool Furious: Verwaltung von Agenturen, Beratungsfirmen und NS\u00c4","isPartOf":{"@id":"https:\/\/www.furious-squad.com\/de\/#website"},"datePublished":"2026-02-27T12:50:09+00:00","dateModified":"2026-04-09T00:34:40+00:00","description":"Furious: Management-Tool f\u00fcr Agenturen, Beratungsfirmen, NSE. Warten Sie nicht l\u00e4nger, um Ihre Teams auf Autopilot zu stellen.","breadcrumb":{"@id":"https:\/\/furious-squad.com\/de\/tarife\/#breadcrumb"},"inLanguage":"de","potentialAction":[{"@type":"ReadAction","target":["https:\/\/furious-squad.com\/de\/tarife\/"]}]},{"@type":"BreadcrumbList","@id":"https:\/\/furious-squad.com\/de\/tarife\/#breadcrumb","itemListElement":[{"@type":"ListItem","position":1,"name":"Home","item":"https:\/\/www.furious-squad.com\/de\/"},{"@type":"ListItem","position":2,"name":"Preise"}]},{"@type":"WebSite","@id":"https:\/\/www.furious-squad.com\/de\/#website","url":"https:\/\/www.furious-squad.com\/de\/","name":"Furious","description":"","potentialAction":[{"@type":"SearchAction","target":{"@type":"EntryPoint","urlTemplate":"https:\/\/www.furious-squad.com\/de\/?s={search_term_string}"},"query-input":{"@type":"PropertyValueSpecification","valueRequired":true,"valueName":"search_term_string"}}],"inLanguage":"de"}]}},"_links":{"self":[{"href":"https:\/\/furious-squad.com\/de\/wp-json\/wp\/v2\/pages\/103648","targetHints":{"allow":["GET"]}}],"collection":[{"href":"https:\/\/furious-squad.com\/de\/wp-json\/wp\/v2\/pages"}],"about":[{"href":"https:\/\/furious-squad.com\/de\/wp-json\/wp\/v2\/types\/page"}],"author":[{"embeddable":true,"href":"https:\/\/furious-squad.com\/de\/wp-json\/wp\/v2\/users\/1"}],"replies":[{"embeddable":true,"href":"https:\/\/furious-squad.com\/de\/wp-json\/wp\/v2\/comments?post=103648"}],"version-history":[{"count":1,"href":"https:\/\/furious-squad.com\/de\/wp-json\/wp\/v2\/pages\/103648\/revisions"}],"predecessor-version":[{"id":104822,"href":"https:\/\/furious-squad.com\/de\/wp-json\/wp\/v2\/pages\/103648\/revisions\/104822"}],"wp:attachment":[{"href":"https:\/\/furious-squad.com\/de\/wp-json\/wp\/v2\/media?parent=103648"}],"curies":[{"name":"wp","href":"https:\/\/api.w.org\/{rel}","templated":true}]}}