{"id":103621,"date":"2026-03-02T12:41:03","date_gmt":"2026-03-02T11:41:03","guid":{"rendered":"https:\/\/furious.digitz.dev\/datenschutzpolitik\/"},"modified":"2026-04-08T14:12:39","modified_gmt":"2026-04-08T12:12:39","slug":"auftragsverarbeitungsvertrag","status":"publish","type":"page","link":"https:\/\/furious-squad.com\/de\/auftragsverarbeitungsvertrag\/","title":{"rendered":"Datenschutzpolitik"},"content":{"rendered":"<h2>Datenverarbeitungsvereinbarung<\/h2>\n<p><b>Effektives Datum:<\/b> September 24, 2025<br \/>\n<b>Parteien:<\/b> Diese DPA ist Teil der Vereinbarung zwischen <b>Furious<\/b> (&#8222;<b>Processor<\/b>&#8222;) und dem Kunden, der die Dienste kauft oder nutzt (&#8222;<b>Controller<\/b>&#8222;).<\/p>\n<p>Durch die Ausf\u00fchrung eines Auftrags oder die Nutzung der Dienste stimmen der Controller und der Auftragsverarbeiter diesem DPA zu.<\/p>\n<h3>1) Rollen, Umfang und Anweisungen<\/h3>\n<ul>\n<li aria-level=\"1\"><b>Rollen.<\/b>  Controller bestimmt die Zwecke und Mittel; Prozessor verarbeitet pers\u00f6nliche Daten in Controller&#8217;s Auftrag.<\/li>\n<li aria-level=\"1\"><b>Scope.<\/b>  Die Verarbeitung ist auf die Bereitstellung, Pflege und Unterst\u00fctzung der Dienste, wie in der Vereinbarung beschrieben, beschr\u00e4nkt.<\/li>\n<li aria-level=\"1\"><b>Anweisungen.<\/b> Der Verarbeiter verarbeitet pers\u00f6nliche Daten <b>nur<\/b> nach dokumentierten Anweisungen des Controllers (die Vereinbarung und dieses DPA sind die vollst\u00e4ndigen Anweisungen), einschlie\u00dflich f\u00fcr alle internationalen \u00dcbertragungen.<\/li>\n<\/ul>\n<h3>2) Vertraulichkeit<\/h3>\n<p>Der Auftragsverarbeiter stellt sicher, dass Personen, die zur Verarbeitung pers\u00f6nlicher Daten befugt sind, an Vertraulichkeitsverpflichtungen gebunden sind.<\/p>\n<h3>3) Sicherheit<\/h3>\n<p>Processor implementiert angemessene technische und organisatorische Ma\u00dfnahmen, um pers\u00f6nliche Daten vor unfallbedingter oder unrechtm\u00e4\u00dfiger Zerst\u00f6rung, Verlust, Ver\u00e4nderung, unbefugter Weitergabe oder Zugriff zu sch\u00fctzen (detaillierte Ma\u00dfnahmen k\u00f6nnen auf einer separaten Seite beschrieben werden und sind <b>nicht<\/b> Teil dieses DPA). <\/p>\n<h3>4) Subprozessoren<\/h3>\n<ul>\n<li aria-level=\"1\"><b>Allgemeine Berechtigung.<\/b> Der Controller bevollm\u00e4chtigt den Prozessor, die in <b>Abschnitt 12<\/b> aufgelisteten Subprozessoren einzusetzen.<\/li>\n<li aria-level=\"1\"><b>Flow-down.<\/b>  Processor legt Subprocessors Datenschutzverpflichtungen auf, die nicht weniger sch\u00fctzend sind als die in diesem DPA.<\/li>\n<li aria-level=\"1\"><b>Updates.<\/b>  Die Liste der Subprozessoren kann durch Aktualisierung dieser Seite aktualisiert werden.<\/li>\n<\/ul>\n<h3>5) Unterst\u00fctzung<\/h3>\n<p>Unter Ber\u00fccksichtigung der Art der Verarbeitung und der Informationen, die Processor zur Verf\u00fcgung stehen, wird Processor den Controller bei Antr\u00e4gen zum Datenschutz und bei den Verpflichtungen gem\u00e4\u00df GDPR Artikel 32-36 <b>angemessen<\/b> unterst\u00fctzen. Processor kann angemessene Geb\u00fchren f\u00fcr Unterst\u00fctzung erheben, die nicht Bestandteil der Dienstleistungen ist. <\/p>\n<h3>6) Personal Data Breach<\/h3>\n<p>Der Auftragsverarbeiter wird den Controller <b>unverz\u00fcglich<\/b> nach Bekanntwerden eines Datenschutzversto\u00dfes in Bezug auf personenbezogene Daten, die im Auftrag des Controllers verarbeitet werden, benachrichtigen und Informationen bereitstellen, die nach vern\u00fcnftigem Ermessen verf\u00fcgbar sind, um den Controller bei der Erf\u00fcllung seiner Verpflichtungen zu unterst\u00fctzen.<\/p>\n<h3>7) Return &amp; Deletion<\/h3>\n<p>Bei Beendigung oder Ablauf der Dienstleistungen wird Processor die pers\u00f6nlichen Daten innerhalb eines kommerziell angemessenen Zeitraums <b>l\u00f6schen<\/b>, unter Ber\u00fccksichtigung der gesetzlich vorgeschriebenen Mindestsicherung\/Archivierung (R\u00fcckgabe wird nicht angeboten, es sei denn, dies ist gesetzlich vorgeschrieben). <\/p>\n<h3>8) Rechnungspr\u00fcfungen und Information<\/h3>\n<p>Processor will make information available necessary to demonstrate compliance with this DPA and, upon reasonable request, provide recent independent reports or other information (which may include summaries). Formal audits\/inspections occur only where required by law or where provided information is insufficient, <b>no more than once every 12 months<\/b>, on reasonable notice, during normal business hours, and with without undue disruption. Jede Partei tr\u00e4gt ihre eigenen Kosten; Controller erstattet Processor die angemessenen Kosten.  <\/p>\n<h3>9) Internationale Transfers<\/h3>\n<p>Wenn Personaldaten au\u00dferhalb des EEA\/der UK \u00fcbertragen werden, ohne dass eine angemessene Entscheidung vorliegt, wird die Kommission die Daten an die zust\u00e4ndigen Beh\u00f6rden weiterleiten.  <b>EU Standard Contractual Clauses (2021\/914, Module 2 und\/oder 3)<\/b> und, falls anwendbar, die  <b>UK Addendum<\/b> gelten durch Bezugnahme und bilden einen Teil dieses DPA, wobei der Controller als &#8222;Datenexporteur&#8220; und der Prozessor (oder der entsprechende Unterprozessor) als &#8222;Datenimporteur&#8220; gilt.<\/p>\n<h3>10) Aufzeichnungen und Zusammenarbeit<\/h3>\n<p>Der Verarbeiter f\u00fchrt die Aufzeichnungen, die von GDPR Art. 30(2) gefordert werden, und wird diese auf Anfrage den Aufsichtsbeh\u00f6rden zur Verf\u00fcgung stellen.<\/p>\n<h3>11) Haftung und Pr\u00e4zedenzfall<\/h3>\n<p>Die Haftung unterliegt den Beschr\u00e4nkungen und Ausschl\u00fcssen der Vereinbarung. Wenn es einen Konflikt gibt, kontrolliert diese DPA, inwieweit sie die Verarbeitung von pers\u00f6nlichen Daten betrifft. <\/p>\n<h3>12) Subprocessors (Live-Liste)<\/h3>\n<p><b>Verarbeitungsort:<\/b> EU by default.<\/p>\n<table>\n<tbody>\n<tr>\n<td><b>Subprocessor<\/b><\/td>\n<td><b>Zweck<\/b><\/td>\n<td><b>Ort der Verarbeitung<\/b><\/td>\n<td><b>Kategorien von personenbezogenen Daten<\/b><\/td>\n<td><b>Weitere Informationen<\/b><\/td>\n<\/tr>\n<tr>\n<td><b>Amazon Web Services, Inc. (AWS) <\/b><\/td>\n<td>Hosting &amp; Infrastruktur f\u00fcr die Dienste<\/td>\n<td>EU-Regionen standardm\u00e4\u00dfig (z.B. Dublin\/Frankfurt)<\/td>\n<td>Kunden-\/Endnutzer-Kontodaten und Nutzungs-\/Logdaten, die in den Diensten gespeichert sind<\/td>\n<td>aws.amazon.com<\/td>\n<\/tr>\n<tr>\n<td><b>Intercom R&amp;D Unlimited Company<\/b><\/td>\n<td>Customer support tooling (in-app messaging, helpdesk)<\/td>\n<td>EU\/EEA by default (abh\u00e4ngig von Intercom&#8217;s regionalem Routing)<\/td>\n<td>Customer\/admin contact data and support conversation metadata.<\/td>\n<td>intercom.com\/legal<\/td>\n<\/tr>\n<\/tbody>\n<\/table>\n<h3>Anhang A &#8211; Verarbeitungsdetails (GDPR Art. 28(3))<\/h3>\n<ul>\n<li aria-level=\"1\"><b>Gegenstand der Angelegenheit:<\/b> Bereitstellung und Unterst\u00fctzung der Furious Services.<\/li>\n<li aria-level=\"1\"><b>Duration:<\/b> Laufzeit der Vereinbarung plus begrenzte Sicherung\/Archivierung.<\/li>\n<li aria-level=\"1\"><b>Art &amp; Zweck:<\/b> Hosting, Speicherung, \u00dcbertragung, Anzeige und Verarbeitung, die f\u00fcr die Bereitstellung der Dienste erforderlich sind; Unterst\u00fctzung; produktinterne Service-Analysen.<\/li>\n<li aria-level=\"1\"><b>Arten von pers\u00f6nlichen Daten:<\/b> Kontaktdaten (z.B. Namen, E-Mails), Konto-\/Profildaten, vom Controller hochgeladene Inhalte (wie vom Controller festgelegt), Service-Nutzung\/Log-Daten.<\/li>\n<li aria-level=\"1\"><b>Kategorien von Datensubjekten:<\/b> Mitarbeiter des Controllers, Auftragnehmer und Endnutzer (wie vom Controller festgelegt).<\/li>\n<li aria-level=\"1\"><b>Controller obligations:<\/b> Provide lawful instructions and ensure a valid legal basis.<\/li>\n<\/ul>\n<h3>Anhang B &#8211; Verwendung von Google-Nutzerdaten<\/h3>\n<p>1. Zugang und Nutzung: Die Furious-Anwendung kann \u00fcber Google APIs (z.B. Gmail, Calendar oder Drive) auf bestimmte Google Nutzerdaten zugreifen, die ausschlie\u00dflich der Bereitstellung und Verbesserung der Furious Services dienen.- Es wird nur auf die f\u00fcr die gew\u00fcnschte Funktionalit\u00e4t erforderlichen Mindestdaten zugegriffen.- Google Nutzerdaten werden nicht f\u00fcr Werbe- oder Marketingzwecke verwendet.- Google Nutzerdaten werden nicht verkauft oder vermietet.<\/p>\n<p>2. Weitergabe und Offenlegung: Google-Nutzerdaten werden nicht an Dritte weitergegeben, au\u00dfer:- An die in Abschnitt 12 dieser Datenschutzerkl\u00e4rung aufgef\u00fchrten Unterauftragnehmer, die ausschlie\u00dflich f\u00fcr die Bereitstellung von Hosting und technischer Unterst\u00fctzung f\u00fcr die Furious Services zust\u00e4ndig sind;- Sofern gesetzlich vorgeschrieben oder gesetzlich vorgeschrieben;- Mit ausdr\u00fccklicher Zustimmung des Controllers.<\/p>\n<p>3. Speicherung und Aufbewahrung: Googles Nutzerdaten werden sicher auf Servern in der Europ\u00e4ischen Union (z.B. AWS in Dublin oder Frankfurt) gespeichert und nur so lange aufbewahrt, wie es f\u00fcr die Bereitstellung der Dienste erforderlich ist oder wie es gesetzlich vorgeschrieben ist.<\/p>\n<p>4. Nutzerkontrolle und L\u00f6schung: Nutzer k\u00f6nnen den Zugriff von Furious auf ihre Google-Daten jederzeit \u00fcber ihre Google-Kontoeinstellungen widerrufen:<br \/>\nKontoeinstellungen: https:\/\/myaccount.google.com\/permissions. Nach dem Widerruf oder der L\u00f6schung des Kontos l\u00f6scht Furious die zugeh\u00f6rigen Google-Daten innerhalb eines kommerziell angemessenen Zeitraums. 5. Compliance: Die Nutzung von Google-Nutzerdaten durch Furious entspricht der Google API Services User Data Policy, einschlie\u00dflich der eingeschr\u00e4nkten Nutzungsbedingungen: https:\/\/developers.google.com\/terms\/api-services-user-data-policy.<\/p>\n","protected":false},"excerpt":{"rendered":"<p>Datenverarbeitungsvereinbarung Effektives Datum: September 24, 2025 Parteien: Diese DPA ist Teil der Vereinbarung zwischen Furious (&#8222;Processor&#8222;) und dem Kunden, der die Dienste kauft oder nutzt (&#8222;Controller&#8222;). Durch die Ausf\u00fchrung eines Auftrags oder die Nutzung der Dienste stimmen der Controller und der Auftragsverarbeiter diesem DPA zu. 1) Rollen, Umfang und Anweisungen Rollen. Controller bestimmt die Zwecke [&hellip;]<\/p>\n","protected":false},"author":1,"featured_media":0,"parent":0,"menu_order":0,"comment_status":"closed","ping_status":"closed","template":"template-simple.php","meta":{"_acf_changed":false,"footnotes":""},"class_list":["post-103621","page","type-page","status-publish","hentry"],"acf":[],"yoast_head":"<!-- This site is optimized with the Yoast SEO Premium plugin v25.3 (Yoast SEO v27.4) - https:\/\/yoast.com\/product\/yoast-seo-premium-wordpress\/ -->\n<title>Datenschutzpolitik | Furious<\/title>\n<meta name=\"description\" content=\"Furious respect your data, following this aim we present you our data protection policy. Feel free to ask for any question\" \/>\n<meta name=\"robots\" content=\"index, follow, max-snippet:-1, max-image-preview:large, max-video-preview:-1\" \/>\n<link rel=\"canonical\" href=\"https:\/\/furious-squad.com\/de\/auftragsverarbeitungsvertrag\/\" \/>\n<meta property=\"og:locale\" content=\"de_DE\" \/>\n<meta property=\"og:type\" content=\"article\" \/>\n<meta property=\"og:title\" content=\"Datenschutzpolitik\" \/>\n<meta property=\"og:description\" content=\"Furious respect your data, following this aim we present you our data protection policy. Feel free to ask for any question\" \/>\n<meta property=\"og:url\" content=\"https:\/\/furious-squad.com\/de\/auftragsverarbeitungsvertrag\/\" \/>\n<meta property=\"og:site_name\" content=\"Furious\" \/>\n<meta property=\"article:modified_time\" content=\"2026-04-08T12:12:39+00:00\" \/>\n<meta name=\"twitter:card\" content=\"summary_large_image\" \/>\n<meta name=\"twitter:label1\" content=\"Gesch\u00e4tzte Lesezeit\" \/>\n\t<meta name=\"twitter:data1\" content=\"5 Minuten\" \/>\n<script type=\"application\/ld+json\" class=\"yoast-schema-graph\">{\"@context\":\"https:\\\/\\\/schema.org\",\"@graph\":[{\"@type\":\"WebPage\",\"@id\":\"https:\\\/\\\/furious-squad.com\\\/de\\\/auftragsverarbeitungsvertrag\\\/\",\"url\":\"https:\\\/\\\/furious-squad.com\\\/de\\\/auftragsverarbeitungsvertrag\\\/\",\"name\":\"Datenschutzpolitik | Furious\",\"isPartOf\":{\"@id\":\"https:\\\/\\\/www.furious-squad.com\\\/de\\\/#website\"},\"datePublished\":\"2026-03-02T11:41:03+00:00\",\"dateModified\":\"2026-04-08T12:12:39+00:00\",\"description\":\"Furious respect your data, following this aim we present you our data protection policy. Feel free to ask for any question\",\"breadcrumb\":{\"@id\":\"https:\\\/\\\/furious-squad.com\\\/de\\\/auftragsverarbeitungsvertrag\\\/#breadcrumb\"},\"inLanguage\":\"de\",\"potentialAction\":[{\"@type\":\"ReadAction\",\"target\":[\"https:\\\/\\\/furious-squad.com\\\/de\\\/auftragsverarbeitungsvertrag\\\/\"]}]},{\"@type\":\"BreadcrumbList\",\"@id\":\"https:\\\/\\\/furious-squad.com\\\/de\\\/auftragsverarbeitungsvertrag\\\/#breadcrumb\",\"itemListElement\":[{\"@type\":\"ListItem\",\"position\":1,\"name\":\"Home\",\"item\":\"https:\\\/\\\/www.furious-squad.com\\\/de\\\/\"},{\"@type\":\"ListItem\",\"position\":2,\"name\":\"Datenschutzpolitik\"}]},{\"@type\":\"WebSite\",\"@id\":\"https:\\\/\\\/www.furious-squad.com\\\/de\\\/#website\",\"url\":\"https:\\\/\\\/www.furious-squad.com\\\/de\\\/\",\"name\":\"Furious\",\"description\":\"\",\"potentialAction\":[{\"@type\":\"SearchAction\",\"target\":{\"@type\":\"EntryPoint\",\"urlTemplate\":\"https:\\\/\\\/www.furious-squad.com\\\/de\\\/?s={search_term_string}\"},\"query-input\":{\"@type\":\"PropertyValueSpecification\",\"valueRequired\":true,\"valueName\":\"search_term_string\"}}],\"inLanguage\":\"de\"}]}<\/script>\n<!-- \/ Yoast SEO Premium plugin. -->","yoast_head_json":{"title":"Datenschutzpolitik | Furious","description":"Furious respect your data, following this aim we present you our data protection policy. Feel free to ask for any question","robots":{"index":"index","follow":"follow","max-snippet":"max-snippet:-1","max-image-preview":"max-image-preview:large","max-video-preview":"max-video-preview:-1"},"canonical":"https:\/\/furious-squad.com\/de\/auftragsverarbeitungsvertrag\/","og_locale":"de_DE","og_type":"article","og_title":"Datenschutzpolitik","og_description":"Furious respect your data, following this aim we present you our data protection policy. Feel free to ask for any question","og_url":"https:\/\/furious-squad.com\/de\/auftragsverarbeitungsvertrag\/","og_site_name":"Furious","article_modified_time":"2026-04-08T12:12:39+00:00","twitter_card":"summary_large_image","twitter_misc":{"Gesch\u00e4tzte Lesezeit":"5 Minuten"},"schema":{"@context":"https:\/\/schema.org","@graph":[{"@type":"WebPage","@id":"https:\/\/furious-squad.com\/de\/auftragsverarbeitungsvertrag\/","url":"https:\/\/furious-squad.com\/de\/auftragsverarbeitungsvertrag\/","name":"Datenschutzpolitik | Furious","isPartOf":{"@id":"https:\/\/www.furious-squad.com\/de\/#website"},"datePublished":"2026-03-02T11:41:03+00:00","dateModified":"2026-04-08T12:12:39+00:00","description":"Furious respect your data, following this aim we present you our data protection policy. Feel free to ask for any question","breadcrumb":{"@id":"https:\/\/furious-squad.com\/de\/auftragsverarbeitungsvertrag\/#breadcrumb"},"inLanguage":"de","potentialAction":[{"@type":"ReadAction","target":["https:\/\/furious-squad.com\/de\/auftragsverarbeitungsvertrag\/"]}]},{"@type":"BreadcrumbList","@id":"https:\/\/furious-squad.com\/de\/auftragsverarbeitungsvertrag\/#breadcrumb","itemListElement":[{"@type":"ListItem","position":1,"name":"Home","item":"https:\/\/www.furious-squad.com\/de\/"},{"@type":"ListItem","position":2,"name":"Datenschutzpolitik"}]},{"@type":"WebSite","@id":"https:\/\/www.furious-squad.com\/de\/#website","url":"https:\/\/www.furious-squad.com\/de\/","name":"Furious","description":"","potentialAction":[{"@type":"SearchAction","target":{"@type":"EntryPoint","urlTemplate":"https:\/\/www.furious-squad.com\/de\/?s={search_term_string}"},"query-input":{"@type":"PropertyValueSpecification","valueRequired":true,"valueName":"search_term_string"}}],"inLanguage":"de"}]}},"_links":{"self":[{"href":"https:\/\/furious-squad.com\/de\/wp-json\/wp\/v2\/pages\/103621","targetHints":{"allow":["GET"]}}],"collection":[{"href":"https:\/\/furious-squad.com\/de\/wp-json\/wp\/v2\/pages"}],"about":[{"href":"https:\/\/furious-squad.com\/de\/wp-json\/wp\/v2\/types\/page"}],"author":[{"embeddable":true,"href":"https:\/\/furious-squad.com\/de\/wp-json\/wp\/v2\/users\/1"}],"replies":[{"embeddable":true,"href":"https:\/\/furious-squad.com\/de\/wp-json\/wp\/v2\/comments?post=103621"}],"version-history":[{"count":1,"href":"https:\/\/furious-squad.com\/de\/wp-json\/wp\/v2\/pages\/103621\/revisions"}],"predecessor-version":[{"id":105036,"href":"https:\/\/furious-squad.com\/de\/wp-json\/wp\/v2\/pages\/103621\/revisions\/105036"}],"wp:attachment":[{"href":"https:\/\/furious-squad.com\/de\/wp-json\/wp\/v2\/media?parent=103621"}],"curies":[{"name":"wp","href":"https:\/\/api.w.org\/{rel}","templated":true}]}}