{"id":103612,"date":"2026-03-04T02:09:42","date_gmt":"2026-03-04T01:09:42","guid":{"rendered":"https:\/\/furious.digitz.dev\/software-fuer-das-management-von-beratungsfirmen-komplett\/"},"modified":"2026-04-13T17:33:09","modified_gmt":"2026-04-13T15:33:09","slug":"management-beratung-und-pruefung","status":"publish","type":"page","link":"https:\/\/furious-squad.com\/de\/branche\/management-beratung-und-pruefung\/","title":{"rendered":"Software f\u00fcr das Management von Beratungsfirmen komplett"},"content":{"rendered":"","protected":false},"excerpt":{"rendered":"","protected":false},"author":1,"featured_media":0,"parent":103672,"menu_order":0,"comment_status":"closed","ping_status":"closed","template":"","meta":{"_acf_changed":false,"footnotes":""},"class_list":["post-103612","page","type-page","status-publish","hentry"],"acf":[],"yoast_head":"<!-- This site is optimized with the Yoast SEO Premium plugin v25.3 (Yoast SEO v27.4) - https:\/\/yoast.com\/product\/yoast-seo-premium-wordpress\/ -->\n<title>Umfassende Software f\u00fcr die Verwaltung von Beratungsfirmen | Furious<\/title>\n<meta name=\"description\" content=\"Verwaltung der Fakturierung, Personalwesen, Zeitmanagement f\u00fcr Projekte... Unser Tool ist der ideale Partner f\u00fcr eine optimale Rentabilit\u00e4t Ihrer Auftr\u00e4ge.\" \/>\n<meta name=\"robots\" content=\"index, follow, max-snippet:-1, max-image-preview:large, max-video-preview:-1\" \/>\n<link rel=\"canonical\" href=\"https:\/\/furious-squad.com\/de\/branche\/management-beratung-und-pruefung\/\" \/>\n<meta property=\"og:locale\" content=\"de_DE\" \/>\n<meta property=\"og:type\" content=\"article\" \/>\n<meta property=\"og:title\" content=\"Software f\u00fcr das Management von Beratungsfirmen komplett\" \/>\n<meta property=\"og:description\" content=\"Verwaltung der Fakturierung, Personalwesen, Zeitmanagement f\u00fcr Projekte... Unser Tool ist der ideale Partner f\u00fcr eine optimale Rentabilit\u00e4t Ihrer Auftr\u00e4ge.\" \/>\n<meta property=\"og:url\" content=\"https:\/\/furious-squad.com\/de\/branche\/management-beratung-und-pruefung\/\" \/>\n<meta property=\"og:site_name\" content=\"Furious\" \/>\n<meta property=\"article:modified_time\" content=\"2026-04-13T15:33:09+00:00\" \/>\n<meta name=\"twitter:card\" content=\"summary_large_image\" \/>\n<script type=\"application\/ld+json\" class=\"yoast-schema-graph\">{\"@context\":\"https:\\\/\\\/schema.org\",\"@graph\":[{\"@type\":\"WebPage\",\"@id\":\"https:\\\/\\\/furious-squad.com\\\/de\\\/branche\\\/management-beratung-und-pruefung\\\/\",\"url\":\"https:\\\/\\\/furious-squad.com\\\/de\\\/branche\\\/management-beratung-und-pruefung\\\/\",\"name\":\"Umfassende Software f\u00fcr die Verwaltung von Beratungsfirmen | Furious\",\"isPartOf\":{\"@id\":\"https:\\\/\\\/www.furious-squad.com\\\/de\\\/#website\"},\"datePublished\":\"2026-03-04T01:09:42+00:00\",\"dateModified\":\"2026-04-13T15:33:09+00:00\",\"description\":\"Verwaltung der Fakturierung, Personalwesen, Zeitmanagement f\u00fcr Projekte... Unser Tool ist der ideale Partner f\u00fcr eine optimale Rentabilit\u00e4t Ihrer Auftr\u00e4ge.\",\"breadcrumb\":{\"@id\":\"https:\\\/\\\/furious-squad.com\\\/de\\\/branche\\\/management-beratung-und-pruefung\\\/#breadcrumb\"},\"inLanguage\":\"de\",\"potentialAction\":[{\"@type\":\"ReadAction\",\"target\":[\"https:\\\/\\\/furious-squad.com\\\/de\\\/branche\\\/management-beratung-und-pruefung\\\/\"]}]},{\"@type\":\"BreadcrumbList\",\"@id\":\"https:\\\/\\\/furious-squad.com\\\/de\\\/branche\\\/management-beratung-und-pruefung\\\/#breadcrumb\",\"itemListElement\":[{\"@type\":\"ListItem\",\"position\":1,\"name\":\"Home\",\"item\":\"https:\\\/\\\/www.furious-squad.com\\\/de\\\/\"},{\"@type\":\"ListItem\",\"position\":2,\"name\":\"Sektor\",\"item\":\"https:\\\/\\\/www.furious-squad.com\\\/de\\\/branche\\\/\"},{\"@type\":\"ListItem\",\"position\":3,\"name\":\"Software f\u00fcr das Management von Beratungsfirmen komplett\"}]},{\"@type\":\"WebSite\",\"@id\":\"https:\\\/\\\/www.furious-squad.com\\\/de\\\/#website\",\"url\":\"https:\\\/\\\/www.furious-squad.com\\\/de\\\/\",\"name\":\"Furious\",\"description\":\"\",\"potentialAction\":[{\"@type\":\"SearchAction\",\"target\":{\"@type\":\"EntryPoint\",\"urlTemplate\":\"https:\\\/\\\/www.furious-squad.com\\\/de\\\/?s={search_term_string}\"},\"query-input\":{\"@type\":\"PropertyValueSpecification\",\"valueRequired\":true,\"valueName\":\"search_term_string\"}}],\"inLanguage\":\"de\"}]}<\/script>\n<!-- \/ Yoast SEO Premium plugin. -->","yoast_head_json":{"title":"Umfassende Software f\u00fcr die Verwaltung von Beratungsfirmen | Furious","description":"Verwaltung der Fakturierung, Personalwesen, Zeitmanagement f\u00fcr Projekte... Unser Tool ist der ideale Partner f\u00fcr eine optimale Rentabilit\u00e4t Ihrer Auftr\u00e4ge.","robots":{"index":"index","follow":"follow","max-snippet":"max-snippet:-1","max-image-preview":"max-image-preview:large","max-video-preview":"max-video-preview:-1"},"canonical":"https:\/\/furious-squad.com\/de\/branche\/management-beratung-und-pruefung\/","og_locale":"de_DE","og_type":"article","og_title":"Software f\u00fcr das Management von Beratungsfirmen komplett","og_description":"Verwaltung der Fakturierung, Personalwesen, Zeitmanagement f\u00fcr Projekte... Unser Tool ist der ideale Partner f\u00fcr eine optimale Rentabilit\u00e4t Ihrer Auftr\u00e4ge.","og_url":"https:\/\/furious-squad.com\/de\/branche\/management-beratung-und-pruefung\/","og_site_name":"Furious","article_modified_time":"2026-04-13T15:33:09+00:00","twitter_card":"summary_large_image","schema":{"@context":"https:\/\/schema.org","@graph":[{"@type":"WebPage","@id":"https:\/\/furious-squad.com\/de\/branche\/management-beratung-und-pruefung\/","url":"https:\/\/furious-squad.com\/de\/branche\/management-beratung-und-pruefung\/","name":"Umfassende Software f\u00fcr die Verwaltung von Beratungsfirmen | Furious","isPartOf":{"@id":"https:\/\/www.furious-squad.com\/de\/#website"},"datePublished":"2026-03-04T01:09:42+00:00","dateModified":"2026-04-13T15:33:09+00:00","description":"Verwaltung der Fakturierung, Personalwesen, Zeitmanagement f\u00fcr Projekte... Unser Tool ist der ideale Partner f\u00fcr eine optimale Rentabilit\u00e4t Ihrer Auftr\u00e4ge.","breadcrumb":{"@id":"https:\/\/furious-squad.com\/de\/branche\/management-beratung-und-pruefung\/#breadcrumb"},"inLanguage":"de","potentialAction":[{"@type":"ReadAction","target":["https:\/\/furious-squad.com\/de\/branche\/management-beratung-und-pruefung\/"]}]},{"@type":"BreadcrumbList","@id":"https:\/\/furious-squad.com\/de\/branche\/management-beratung-und-pruefung\/#breadcrumb","itemListElement":[{"@type":"ListItem","position":1,"name":"Home","item":"https:\/\/www.furious-squad.com\/de\/"},{"@type":"ListItem","position":2,"name":"Sektor","item":"https:\/\/www.furious-squad.com\/de\/branche\/"},{"@type":"ListItem","position":3,"name":"Software f\u00fcr das Management von Beratungsfirmen komplett"}]},{"@type":"WebSite","@id":"https:\/\/www.furious-squad.com\/de\/#website","url":"https:\/\/www.furious-squad.com\/de\/","name":"Furious","description":"","potentialAction":[{"@type":"SearchAction","target":{"@type":"EntryPoint","urlTemplate":"https:\/\/www.furious-squad.com\/de\/?s={search_term_string}"},"query-input":{"@type":"PropertyValueSpecification","valueRequired":true,"valueName":"search_term_string"}}],"inLanguage":"de"}]}},"_links":{"self":[{"href":"https:\/\/furious-squad.com\/de\/wp-json\/wp\/v2\/pages\/103612","targetHints":{"allow":["GET"]}}],"collection":[{"href":"https:\/\/furious-squad.com\/de\/wp-json\/wp\/v2\/pages"}],"about":[{"href":"https:\/\/furious-squad.com\/de\/wp-json\/wp\/v2\/types\/page"}],"author":[{"embeddable":true,"href":"https:\/\/furious-squad.com\/de\/wp-json\/wp\/v2\/users\/1"}],"replies":[{"embeddable":true,"href":"https:\/\/furious-squad.com\/de\/wp-json\/wp\/v2\/comments?post=103612"}],"version-history":[{"count":5,"href":"https:\/\/furious-squad.com\/de\/wp-json\/wp\/v2\/pages\/103612\/revisions"}],"predecessor-version":[{"id":110274,"href":"https:\/\/furious-squad.com\/de\/wp-json\/wp\/v2\/pages\/103612\/revisions\/110274"}],"up":[{"embeddable":true,"href":"https:\/\/furious-squad.com\/de\/wp-json\/wp\/v2\/pages\/103672"}],"wp:attachment":[{"href":"https:\/\/furious-squad.com\/de\/wp-json\/wp\/v2\/media?parent=103612"}],"curies":[{"name":"wp","href":"https:\/\/api.w.org\/{rel}","templated":true}]}}