{"id":103611,"date":"2026-03-04T01:45:07","date_gmt":"2026-03-04T00:45:07","guid":{"rendered":"https:\/\/furious.digitz.dev\/all-in-one-loesung-fuer-die-verwaltung-von-agenturen\/"},"modified":"2026-04-13T17:32:36","modified_gmt":"2026-04-13T15:32:36","slug":"agentur-management","status":"publish","type":"page","link":"https:\/\/furious-squad.com\/de\/branche\/agentur-management\/","title":{"rendered":"All-in-One-L\u00f6sung f\u00fcr die Verwaltung von Agenturen"},"content":{"rendered":"","protected":false},"excerpt":{"rendered":"","protected":false},"author":1,"featured_media":0,"parent":103672,"menu_order":0,"comment_status":"closed","ping_status":"closed","template":"","meta":{"_acf_changed":false,"footnotes":""},"class_list":["post-103611","page","type-page","status-publish","hentry"],"acf":[],"yoast_head":"<!-- This site is optimized with the Yoast SEO Premium plugin v25.3 (Yoast SEO v27.4) - https:\/\/yoast.com\/product\/yoast-seo-premium-wordpress\/ -->\n<title>All-in-One Agenturmanagement-L\u00f6sung | Furious<\/title>\n<meta name=\"description\" content=\"Furious, ein Tool, das von CEOs von Agenturen speziell f\u00fcr das Management von Agenturen entwickelt wurde: com, digital, PR, Events, Werbung.\" \/>\n<meta name=\"robots\" content=\"index, follow, max-snippet:-1, max-image-preview:large, max-video-preview:-1\" \/>\n<link rel=\"canonical\" href=\"https:\/\/furious-squad.com\/de\/branche\/agentur-management\/\" \/>\n<meta property=\"og:locale\" content=\"de_DE\" \/>\n<meta property=\"og:type\" content=\"article\" \/>\n<meta property=\"og:title\" content=\"All-in-One-L\u00f6sung f\u00fcr die Verwaltung von Agenturen\" \/>\n<meta property=\"og:description\" content=\"Furious, ein Tool, das von CEOs von Agenturen speziell f\u00fcr das Management von Agenturen entwickelt wurde: com, digital, PR, Events, Werbung.\" \/>\n<meta property=\"og:url\" content=\"https:\/\/furious-squad.com\/de\/branche\/agentur-management\/\" \/>\n<meta property=\"og:site_name\" content=\"Furious\" \/>\n<meta property=\"article:modified_time\" content=\"2026-04-13T15:32:36+00:00\" \/>\n<meta name=\"twitter:card\" content=\"summary_large_image\" \/>\n<script type=\"application\/ld+json\" class=\"yoast-schema-graph\">{\"@context\":\"https:\\\/\\\/schema.org\",\"@graph\":[{\"@type\":\"WebPage\",\"@id\":\"https:\\\/\\\/furious-squad.com\\\/de\\\/branche\\\/agentur-management\\\/\",\"url\":\"https:\\\/\\\/furious-squad.com\\\/de\\\/branche\\\/agentur-management\\\/\",\"name\":\"All-in-One Agenturmanagement-L\u00f6sung | Furious\",\"isPartOf\":{\"@id\":\"https:\\\/\\\/www.furious-squad.com\\\/de\\\/#website\"},\"datePublished\":\"2026-03-04T00:45:07+00:00\",\"dateModified\":\"2026-04-13T15:32:36+00:00\",\"description\":\"Furious, ein Tool, das von CEOs von Agenturen speziell f\u00fcr das Management von Agenturen entwickelt wurde: com, digital, PR, Events, Werbung.\",\"breadcrumb\":{\"@id\":\"https:\\\/\\\/furious-squad.com\\\/de\\\/branche\\\/agentur-management\\\/#breadcrumb\"},\"inLanguage\":\"de\",\"potentialAction\":[{\"@type\":\"ReadAction\",\"target\":[\"https:\\\/\\\/furious-squad.com\\\/de\\\/branche\\\/agentur-management\\\/\"]}]},{\"@type\":\"BreadcrumbList\",\"@id\":\"https:\\\/\\\/furious-squad.com\\\/de\\\/branche\\\/agentur-management\\\/#breadcrumb\",\"itemListElement\":[{\"@type\":\"ListItem\",\"position\":1,\"name\":\"Home\",\"item\":\"https:\\\/\\\/www.furious-squad.com\\\/de\\\/\"},{\"@type\":\"ListItem\",\"position\":2,\"name\":\"Sektor\",\"item\":\"https:\\\/\\\/www.furious-squad.com\\\/de\\\/branche\\\/\"},{\"@type\":\"ListItem\",\"position\":3,\"name\":\"All-in-One-L\u00f6sung f\u00fcr die Verwaltung von Agenturen\"}]},{\"@type\":\"WebSite\",\"@id\":\"https:\\\/\\\/www.furious-squad.com\\\/de\\\/#website\",\"url\":\"https:\\\/\\\/www.furious-squad.com\\\/de\\\/\",\"name\":\"Furious\",\"description\":\"\",\"potentialAction\":[{\"@type\":\"SearchAction\",\"target\":{\"@type\":\"EntryPoint\",\"urlTemplate\":\"https:\\\/\\\/www.furious-squad.com\\\/de\\\/?s={search_term_string}\"},\"query-input\":{\"@type\":\"PropertyValueSpecification\",\"valueRequired\":true,\"valueName\":\"search_term_string\"}}],\"inLanguage\":\"de\"}]}<\/script>\n<!-- \/ Yoast SEO Premium plugin. -->","yoast_head_json":{"title":"All-in-One Agenturmanagement-L\u00f6sung | Furious","description":"Furious, ein Tool, das von CEOs von Agenturen speziell f\u00fcr das Management von Agenturen entwickelt wurde: com, digital, PR, Events, Werbung.","robots":{"index":"index","follow":"follow","max-snippet":"max-snippet:-1","max-image-preview":"max-image-preview:large","max-video-preview":"max-video-preview:-1"},"canonical":"https:\/\/furious-squad.com\/de\/branche\/agentur-management\/","og_locale":"de_DE","og_type":"article","og_title":"All-in-One-L\u00f6sung f\u00fcr die Verwaltung von Agenturen","og_description":"Furious, ein Tool, das von CEOs von Agenturen speziell f\u00fcr das Management von Agenturen entwickelt wurde: com, digital, PR, Events, Werbung.","og_url":"https:\/\/furious-squad.com\/de\/branche\/agentur-management\/","og_site_name":"Furious","article_modified_time":"2026-04-13T15:32:36+00:00","twitter_card":"summary_large_image","schema":{"@context":"https:\/\/schema.org","@graph":[{"@type":"WebPage","@id":"https:\/\/furious-squad.com\/de\/branche\/agentur-management\/","url":"https:\/\/furious-squad.com\/de\/branche\/agentur-management\/","name":"All-in-One Agenturmanagement-L\u00f6sung | Furious","isPartOf":{"@id":"https:\/\/www.furious-squad.com\/de\/#website"},"datePublished":"2026-03-04T00:45:07+00:00","dateModified":"2026-04-13T15:32:36+00:00","description":"Furious, ein Tool, das von CEOs von Agenturen speziell f\u00fcr das Management von Agenturen entwickelt wurde: com, digital, PR, Events, Werbung.","breadcrumb":{"@id":"https:\/\/furious-squad.com\/de\/branche\/agentur-management\/#breadcrumb"},"inLanguage":"de","potentialAction":[{"@type":"ReadAction","target":["https:\/\/furious-squad.com\/de\/branche\/agentur-management\/"]}]},{"@type":"BreadcrumbList","@id":"https:\/\/furious-squad.com\/de\/branche\/agentur-management\/#breadcrumb","itemListElement":[{"@type":"ListItem","position":1,"name":"Home","item":"https:\/\/www.furious-squad.com\/de\/"},{"@type":"ListItem","position":2,"name":"Sektor","item":"https:\/\/www.furious-squad.com\/de\/branche\/"},{"@type":"ListItem","position":3,"name":"All-in-One-L\u00f6sung f\u00fcr die Verwaltung von Agenturen"}]},{"@type":"WebSite","@id":"https:\/\/www.furious-squad.com\/de\/#website","url":"https:\/\/www.furious-squad.com\/de\/","name":"Furious","description":"","potentialAction":[{"@type":"SearchAction","target":{"@type":"EntryPoint","urlTemplate":"https:\/\/www.furious-squad.com\/de\/?s={search_term_string}"},"query-input":{"@type":"PropertyValueSpecification","valueRequired":true,"valueName":"search_term_string"}}],"inLanguage":"de"}]}},"_links":{"self":[{"href":"https:\/\/furious-squad.com\/de\/wp-json\/wp\/v2\/pages\/103611","targetHints":{"allow":["GET"]}}],"collection":[{"href":"https:\/\/furious-squad.com\/de\/wp-json\/wp\/v2\/pages"}],"about":[{"href":"https:\/\/furious-squad.com\/de\/wp-json\/wp\/v2\/types\/page"}],"author":[{"embeddable":true,"href":"https:\/\/furious-squad.com\/de\/wp-json\/wp\/v2\/users\/1"}],"replies":[{"embeddable":true,"href":"https:\/\/furious-squad.com\/de\/wp-json\/wp\/v2\/comments?post=103611"}],"version-history":[{"count":5,"href":"https:\/\/furious-squad.com\/de\/wp-json\/wp\/v2\/pages\/103611\/revisions"}],"predecessor-version":[{"id":110272,"href":"https:\/\/furious-squad.com\/de\/wp-json\/wp\/v2\/pages\/103611\/revisions\/110272"}],"up":[{"embeddable":true,"href":"https:\/\/furious-squad.com\/de\/wp-json\/wp\/v2\/pages\/103672"}],"wp:attachment":[{"href":"https:\/\/furious-squad.com\/de\/wp-json\/wp\/v2\/media?parent=103611"}],"curies":[{"name":"wp","href":"https:\/\/api.w.org\/{rel}","templated":true}]}}